{"id":3580,"date":"2024-08-19T17:29:26","date_gmt":"2024-08-19T17:29:26","guid":{"rendered":"https:\/\/bretton.com.gt\/?post_type=product&#038;p=3580"},"modified":"2025-07-29T03:19:13","modified_gmt":"2025-07-29T03:19:13","slug":"folder-plastico","status":"publish","type":"product","link":"https:\/\/bretton.com.gt\/index.php\/product\/folder-plastico\/","title":{"rendered":"Folder Pl\u00e1stico"},"content":{"rendered":"<p>Folder Pl\u00e1stico tama\u00f1o A4.<\/p>\n","protected":false},"excerpt":{"rendered":"<p>Folder Pl\u00e1stico<\/p>\n","protected":false},"featured_media":3503,"comment_status":"open","ping_status":"closed","template":"","meta":{"_themeisle_gutenberg_block_has_review":false,"_ti_tpc_template_sync":false,"_ti_tpc_template_id":""},"product_cat":[338],"product_tag":[],"jetpack_sharing_enabled":true,"_links":{"self":[{"href":"https:\/\/bretton.com.gt\/index.php\/wp-json\/wp\/v2\/product\/3580"}],"collection":[{"href":"https:\/\/bretton.com.gt\/index.php\/wp-json\/wp\/v2\/product"}],"about":[{"href":"https:\/\/bretton.com.gt\/index.php\/wp-json\/wp\/v2\/types\/product"}],"replies":[{"embeddable":true,"href":"https:\/\/bretton.com.gt\/index.php\/wp-json\/wp\/v2\/comments?post=3580"}],"wp:featuredmedia":[{"embeddable":true,"href":"https:\/\/bretton.com.gt\/index.php\/wp-json\/wp\/v2\/media\/3503"}],"wp:attachment":[{"href":"https:\/\/bretton.com.gt\/index.php\/wp-json\/wp\/v2\/media?parent=3580"}],"wp:term":[{"taxonomy":"product_cat","embeddable":true,"href":"https:\/\/bretton.com.gt\/index.php\/wp-json\/wp\/v2\/product_cat?post=3580"},{"taxonomy":"product_tag","embeddable":true,"href":"https:\/\/bretton.com.gt\/index.php\/wp-json\/wp\/v2\/product_tag?post=3580"}],"curies":[{"name":"wp","href":"https:\/\/api.w.org\/{rel}","templated":true}]}}