{"id":3220,"date":"2024-08-13T22:19:34","date_gmt":"2024-08-13T22:19:34","guid":{"rendered":"https:\/\/bretton.com.gt\/?post_type=product&#038;p=3220"},"modified":"2025-07-24T22:34:57","modified_gmt":"2025-07-24T22:34:57","slug":"globos-numero-metalico","status":"publish","type":"product","link":"https:\/\/bretton.com.gt\/index.php\/product\/globos-numero-metalico\/","title":{"rendered":"Globos N\u00famero Met\u00e1lico"},"content":{"rendered":"","protected":false},"excerpt":{"rendered":"<p>Globos N\u00famero Met\u00e1lico<\/p>\n","protected":false},"featured_media":3014,"comment_status":"open","ping_status":"closed","template":"","meta":{"_themeisle_gutenberg_block_has_review":false,"_ti_tpc_template_sync":false,"_ti_tpc_template_id":""},"product_cat":[339],"product_tag":[],"jetpack_sharing_enabled":true,"_links":{"self":[{"href":"https:\/\/bretton.com.gt\/index.php\/wp-json\/wp\/v2\/product\/3220"}],"collection":[{"href":"https:\/\/bretton.com.gt\/index.php\/wp-json\/wp\/v2\/product"}],"about":[{"href":"https:\/\/bretton.com.gt\/index.php\/wp-json\/wp\/v2\/types\/product"}],"replies":[{"embeddable":true,"href":"https:\/\/bretton.com.gt\/index.php\/wp-json\/wp\/v2\/comments?post=3220"}],"wp:featuredmedia":[{"embeddable":true,"href":"https:\/\/bretton.com.gt\/index.php\/wp-json\/wp\/v2\/media\/3014"}],"wp:attachment":[{"href":"https:\/\/bretton.com.gt\/index.php\/wp-json\/wp\/v2\/media?parent=3220"}],"wp:term":[{"taxonomy":"product_cat","embeddable":true,"href":"https:\/\/bretton.com.gt\/index.php\/wp-json\/wp\/v2\/product_cat?post=3220"},{"taxonomy":"product_tag","embeddable":true,"href":"https:\/\/bretton.com.gt\/index.php\/wp-json\/wp\/v2\/product_tag?post=3220"}],"curies":[{"name":"wp","href":"https:\/\/api.w.org\/{rel}","templated":true}]}}