{"id":1488,"date":"2024-07-12T18:36:38","date_gmt":"2024-07-12T18:36:38","guid":{"rendered":"https:\/\/bretton.com.gt\/?post_type=product&#038;p=1488"},"modified":"2025-07-23T02:09:23","modified_gmt":"2025-07-23T02:09:23","slug":"silicon-liquido","status":"publish","type":"product","link":"https:\/\/bretton.com.gt\/index.php\/product\/silicon-liquido\/","title":{"rendered":"Silic\u00f3n L\u00edquido"},"content":{"rendered":"<p>Silic\u00f3n L\u00edquido Transparente.<\/p>\n","protected":false},"excerpt":{"rendered":"<p>Silic\u00f3n L\u00edquido Transparente<\/p>\n","protected":false},"featured_media":1428,"comment_status":"open","ping_status":"closed","template":"","meta":{"_themeisle_gutenberg_block_has_review":false,"_ti_tpc_template_sync":false,"_ti_tpc_template_id":""},"product_cat":[177],"product_tag":[],"jetpack_sharing_enabled":true,"_links":{"self":[{"href":"https:\/\/bretton.com.gt\/index.php\/wp-json\/wp\/v2\/product\/1488"}],"collection":[{"href":"https:\/\/bretton.com.gt\/index.php\/wp-json\/wp\/v2\/product"}],"about":[{"href":"https:\/\/bretton.com.gt\/index.php\/wp-json\/wp\/v2\/types\/product"}],"replies":[{"embeddable":true,"href":"https:\/\/bretton.com.gt\/index.php\/wp-json\/wp\/v2\/comments?post=1488"}],"wp:featuredmedia":[{"embeddable":true,"href":"https:\/\/bretton.com.gt\/index.php\/wp-json\/wp\/v2\/media\/1428"}],"wp:attachment":[{"href":"https:\/\/bretton.com.gt\/index.php\/wp-json\/wp\/v2\/media?parent=1488"}],"wp:term":[{"taxonomy":"product_cat","embeddable":true,"href":"https:\/\/bretton.com.gt\/index.php\/wp-json\/wp\/v2\/product_cat?post=1488"},{"taxonomy":"product_tag","embeddable":true,"href":"https:\/\/bretton.com.gt\/index.php\/wp-json\/wp\/v2\/product_tag?post=1488"}],"curies":[{"name":"wp","href":"https:\/\/api.w.org\/{rel}","templated":true}]}}