{"id":801,"date":"2024-07-11T21:11:04","date_gmt":"2024-07-11T21:11:04","guid":{"rendered":"https:\/\/bretton.com.gt\/?page_id=801"},"modified":"2025-07-21T22:04:40","modified_gmt":"2025-07-21T22:04:40","slug":"imaginar-2","status":"publish","type":"page","link":"https:\/\/bretton.com.gt\/index.php\/imaginar-2\/","title":{"rendered":"PINCELES"},"content":{"rendered":"\n<div style=\"height:80px\" aria-hidden=\"true\" class=\"wp-block-spacer\"><\/div>\n\n\n\n<div class=\"wp-block-columns is-layout-flex wp-container-core-columns-layout-1 wp-block-columns-is-layout-flex\">\n<div class=\"wp-block-column is-layout-flow wp-block-column-is-layout-flow\">\n<figure class=\"wp-block-image size-large\"><img loading=\"lazy\" decoding=\"async\" width=\"1024\" height=\"683\" src=\"https:\/\/bretton.com.gt\/wp-content\/uploads\/2024\/07\/20222193A-e1720722120436-1024x683.png\" alt=\"\" class=\"wp-image-652\" srcset=\"https:\/\/bretton.com.gt\/wp-content\/uploads\/2024\/07\/20222193A-e1720722120436-1024x683.png 1024w, https:\/\/bretton.com.gt\/wp-content\/uploads\/2024\/07\/20222193A-e1720722120436-600x400.png 600w, https:\/\/bretton.com.gt\/wp-content\/uploads\/2024\/07\/20222193A-e1720722120436-300x200.png 300w, https:\/\/bretton.com.gt\/wp-content\/uploads\/2024\/07\/20222193A-e1720722120436-768x512.png 768w, https:\/\/bretton.com.gt\/wp-content\/uploads\/2024\/07\/20222193A-e1720722120436-1536x1024.png 1536w, https:\/\/bretton.com.gt\/wp-content\/uploads\/2024\/07\/20222193A-e1720722120436-2048x1365.png 2048w, https:\/\/bretton.com.gt\/wp-content\/uploads\/2024\/07\/20222193A-e1720722120436-930x620.png 930w\" sizes=\"(max-width: 1024px) 100vw, 1024px\" \/><\/figure>\n\n\n\n<h3 class=\"wp-block-heading has-neve-text-color-color has-text-color\">Pincel Plano Para Oleo<\/h3>\n\n\n\n<p class=\"has-neve-text-color-color has-text-color\">Ideal para aplicar y mezclar colores con precisi\u00f3n y suavidad. Perfecto para crear texturas y detalles en tus obras de arte.<\/p>\n\n\n\n<div id=\"wp-block-themeisle-blocks-button-group-c89fbddf\" class=\"wp-block-themeisle-blocks-button-group wp-block-buttons\">\n<div id=\"wp-block-themeisle-blocks-button-461ed268\" class=\"wp-block-themeisle-blocks-button wp-block-button\"><a href=\"https:\/\/bretton.com.gt\/index.php\/product\/704\/\" target=\"_self\" rel=\"noopener noreferrer\" class=\"wp-block-button__link\"><span>Mostrar Productos<\/span><\/a><\/div>\n<\/div>\n<\/div>\n\n\n\n<div class=\"wp-block-column is-layout-flow wp-block-column-is-layout-flow\">\n<figure class=\"wp-block-image size-large\"><img loading=\"lazy\" decoding=\"async\" width=\"1024\" height=\"683\" src=\"https:\/\/bretton.com.gt\/wp-content\/uploads\/2024\/07\/20222175A-e1720722260214-1024x683.png\" alt=\"\" class=\"wp-image-633\" srcset=\"https:\/\/bretton.com.gt\/wp-content\/uploads\/2024\/07\/20222175A-e1720722260214-1024x683.png 1024w, https:\/\/bretton.com.gt\/wp-content\/uploads\/2024\/07\/20222175A-e1720722260214-600x400.png 600w, https:\/\/bretton.com.gt\/wp-content\/uploads\/2024\/07\/20222175A-e1720722260214-300x200.png 300w, https:\/\/bretton.com.gt\/wp-content\/uploads\/2024\/07\/20222175A-e1720722260214-768x512.png 768w, https:\/\/bretton.com.gt\/wp-content\/uploads\/2024\/07\/20222175A-e1720722260214-1536x1024.png 1536w, https:\/\/bretton.com.gt\/wp-content\/uploads\/2024\/07\/20222175A-e1720722260214-2048x1365.png 2048w, https:\/\/bretton.com.gt\/wp-content\/uploads\/2024\/07\/20222175A-e1720722260214-930x620.png 930w\" sizes=\"(max-width: 1024px) 100vw, 1024px\" \/><\/figure>\n\n\n\n<h3 class=\"wp-block-heading has-neve-text-color-color has-text-color\">Pincel Plano Profesional<\/h3>\n\n\n\n<p class=\"has-neve-text-color-color has-text-color\">Ofrece precisi\u00f3n y control superiores en cada trazo. Ideal para aplicaciones uniformes y detalladas en diversas t\u00e9cnicas art\u00edsticas. <\/p>\n\n\n\n<div id=\"wp-block-themeisle-blocks-button-group-8e3140f3\" class=\"wp-block-themeisle-blocks-button-group wp-block-buttons\">\n<div id=\"wp-block-themeisle-blocks-button-eeab134a\" class=\"wp-block-themeisle-blocks-button wp-block-button\"><a href=\"https:\/\/bretton.com.gt\/index.php\/product\/pincel-plano-profesional\/\" target=\"_self\" rel=\"noopener noreferrer\" class=\"wp-block-button__link\"><span>Mostrar Productos<\/span><\/a><\/div>\n<\/div>\n<\/div>\n<\/div>\n\n\n\n<div class=\"wp-block-columns is-layout-flex wp-container-core-columns-layout-2 wp-block-columns-is-layout-flex\">\n<div class=\"wp-block-column is-layout-flow wp-block-column-is-layout-flow\">\n<figure class=\"wp-block-image size-large\"><img loading=\"lazy\" decoding=\"async\" width=\"1024\" height=\"683\" src=\"https:\/\/bretton.com.gt\/wp-content\/uploads\/2024\/07\/20222184A-e1720722357758-1024x683.png\" alt=\"\" class=\"wp-image-642\" style=\"aspect-ratio:4\/3;object-fit:cover\" srcset=\"https:\/\/bretton.com.gt\/wp-content\/uploads\/2024\/07\/20222184A-e1720722357758-1024x683.png 1024w, https:\/\/bretton.com.gt\/wp-content\/uploads\/2024\/07\/20222184A-e1720722357758-600x400.png 600w, https:\/\/bretton.com.gt\/wp-content\/uploads\/2024\/07\/20222184A-e1720722357758-300x200.png 300w, https:\/\/bretton.com.gt\/wp-content\/uploads\/2024\/07\/20222184A-e1720722357758-768x512.png 768w, https:\/\/bretton.com.gt\/wp-content\/uploads\/2024\/07\/20222184A-e1720722357758-1536x1024.png 1536w, https:\/\/bretton.com.gt\/wp-content\/uploads\/2024\/07\/20222184A-e1720722357758-2048x1365.png 2048w, https:\/\/bretton.com.gt\/wp-content\/uploads\/2024\/07\/20222184A-e1720722357758-930x620.png 930w\" sizes=\"(max-width: 1024px) 100vw, 1024px\" \/><\/figure>\n\n\n\n<h3 class=\"wp-block-heading has-neve-text-color-color has-text-color\">Pincel Redondo Para Oleo<\/h3>\n\n\n\n<p class=\"has-neve-text-color-color has-text-color\">Ideal para aplicar capas y detalles con precisi\u00f3n. Su forma permite crear trazos suaves y definidos, perfectos para diversas t\u00e9cnicas art\u00edsticas. <\/p>\n\n\n\n<div id=\"wp-block-themeisle-blocks-button-group-da3789d8\" class=\"wp-block-themeisle-blocks-button-group wp-block-buttons\">\n<div id=\"wp-block-themeisle-blocks-button-204ea121\" class=\"wp-block-themeisle-blocks-button wp-block-button\"><a href=\"https:\/\/bretton.com.gt\/index.php\/product\/pincel-redondo-para-oleo\/\" target=\"_self\" rel=\"noopener noreferrer\" class=\"wp-block-button__link\"><span>Mostrar Productos<\/span><\/a><\/div>\n<\/div>\n<\/div>\n\n\n\n<div class=\"wp-block-column is-layout-flow wp-block-column-is-layout-flow\">\n<figure class=\"wp-block-image size-large\"><img loading=\"lazy\" decoding=\"async\" width=\"1024\" height=\"683\" src=\"https:\/\/bretton.com.gt\/wp-content\/uploads\/2024\/07\/20222162A-e1720722511253-1024x683.png\" alt=\"\" class=\"wp-image-611\" style=\"aspect-ratio:4\/3;object-fit:cover\" srcset=\"https:\/\/bretton.com.gt\/wp-content\/uploads\/2024\/07\/20222162A-e1720722511253-1024x683.png 1024w, https:\/\/bretton.com.gt\/wp-content\/uploads\/2024\/07\/20222162A-e1720722511253-600x400.png 600w, https:\/\/bretton.com.gt\/wp-content\/uploads\/2024\/07\/20222162A-e1720722511253-300x200.png 300w, https:\/\/bretton.com.gt\/wp-content\/uploads\/2024\/07\/20222162A-e1720722511253-768x512.png 768w, https:\/\/bretton.com.gt\/wp-content\/uploads\/2024\/07\/20222162A-e1720722511253-1536x1024.png 1536w, https:\/\/bretton.com.gt\/wp-content\/uploads\/2024\/07\/20222162A-e1720722511253-2048x1365.png 2048w, https:\/\/bretton.com.gt\/wp-content\/uploads\/2024\/07\/20222162A-e1720722511253-930x620.png 930w\" sizes=\"(max-width: 1024px) 100vw, 1024px\" \/><\/figure>\n\n\n\n<h3 class=\"wp-block-heading has-neve-text-color-color has-text-color\">Pincel Redondo Profesional<\/h3>\n\n\n\n<p class=\"has-neve-text-color-color has-text-color\">Ofrece control excepcional y precisi\u00f3n en cada trazo. Para aplicaciones detalladas y creaci\u00f3n de efectos suaves y fluidos en diversas t\u00e9cnicas.<\/p>\n\n\n\n<div id=\"wp-block-themeisle-blocks-button-group-10abf6c0\" class=\"wp-block-themeisle-blocks-button-group wp-block-buttons\">\n<div id=\"wp-block-themeisle-blocks-button-be0114e1\" class=\"wp-block-themeisle-blocks-button wp-block-button\"><a href=\"https:\/\/bretton.com.gt\/index.php\/product\/pincel-redondo-profesional\/\" target=\"_self\" rel=\"noopener noreferrer\" class=\"wp-block-button__link\"><span>Mostrar Productos<\/span><\/a><\/div>\n<\/div>\n<\/div>\n<\/div>\n\n\n\n<div class=\"wp-block-columns is-layout-flex wp-container-core-columns-layout-3 wp-block-columns-is-layout-flex\">\n<div class=\"wp-block-column is-layout-flow wp-block-column-is-layout-flow\">\n<figure class=\"wp-block-image size-large\"><img loading=\"lazy\" decoding=\"async\" width=\"2160\" height=\"1350\" src=\"https:\/\/bretton.com.gt\/wp-content\/uploads\/2024\/08\/20222151.10-edited.jpg\" alt=\"\" class=\"wp-image-3092\" style=\"aspect-ratio:4\/3;object-fit:cover\" srcset=\"https:\/\/bretton.com.gt\/wp-content\/uploads\/2024\/08\/20222151.10-edited.jpg 2160w, https:\/\/bretton.com.gt\/wp-content\/uploads\/2024\/08\/20222151.10-edited-600x375.jpg 600w, https:\/\/bretton.com.gt\/wp-content\/uploads\/2024\/08\/20222151.10-edited-300x188.jpg 300w, https:\/\/bretton.com.gt\/wp-content\/uploads\/2024\/08\/20222151.10-edited-1024x640.jpg 1024w, https:\/\/bretton.com.gt\/wp-content\/uploads\/2024\/08\/20222151.10-edited-768x480.jpg 768w, https:\/\/bretton.com.gt\/wp-content\/uploads\/2024\/08\/20222151.10-edited-1536x960.jpg 1536w, https:\/\/bretton.com.gt\/wp-content\/uploads\/2024\/08\/20222151.10-edited-2048x1280.jpg 2048w\" sizes=\"(max-width: 2160px) 100vw, 2160px\" \/><\/figure>\n\n\n\n<h3 class=\"wp-block-heading has-neve-text-color-color has-text-color\">Pinceles Surtidos<\/h3>\n\n\n\n<p class=\"has-neve-text-color-color has-text-color\">Set  de  diferentes tama\u00f1os para diversas t\u00e9cnicas art\u00edsticas. Para pintura al \u00f3leo, acr\u00edlico, acuarela y m\u00e1s; asegurando precisi\u00f3n en cada aplicaci\u00f3n. <\/p>\n\n\n\n<div id=\"wp-block-themeisle-blocks-button-group-5a380dc3\" class=\"wp-block-themeisle-blocks-button-group wp-block-buttons\">\n<div id=\"wp-block-themeisle-blocks-button-9dd34aa8\" class=\"wp-block-themeisle-blocks-button wp-block-button\"><a href=\"https:\/\/bretton.com.gt\/index.php\/product\/pinceles-surtidos\/\" target=\"_self\" rel=\"noopener noreferrer\" class=\"wp-block-button__link\"><span>Mostrar Productos<\/span><\/a><\/div>\n<\/div>\n<\/div>\n\n\n\n<div class=\"wp-block-column is-layout-flow wp-block-column-is-layout-flow\">\n<figure class=\"wp-block-image size-large\"><img loading=\"lazy\" decoding=\"async\" width=\"1024\" height=\"819\" src=\"https:\/\/bretton.com.gt\/wp-content\/uploads\/2025\/07\/20210003.1-1024x819.jpg\" alt=\"\" class=\"wp-image-7623\" style=\"aspect-ratio:4\/3;object-fit:cover\" srcset=\"https:\/\/bretton.com.gt\/wp-content\/uploads\/2025\/07\/20210003.1-1024x819.jpg 1024w, https:\/\/bretton.com.gt\/wp-content\/uploads\/2025\/07\/20210003.1-300x240.jpg 300w, https:\/\/bretton.com.gt\/wp-content\/uploads\/2025\/07\/20210003.1-768x614.jpg 768w, https:\/\/bretton.com.gt\/wp-content\/uploads\/2025\/07\/20210003.1-1536x1229.jpg 1536w, https:\/\/bretton.com.gt\/wp-content\/uploads\/2025\/07\/20210003.1-2048x1638.jpg 2048w, https:\/\/bretton.com.gt\/wp-content\/uploads\/2025\/07\/20210003.1-600x480.jpg 600w\" sizes=\"(max-width: 1024px) 100vw, 1024px\" \/><\/figure>\n\n\n\n<h3 class=\"wp-block-heading has-neve-text-color-color has-text-color\">Estilete<\/h3>\n\n\n\n<p class=\"has-neve-text-color-color has-text-color\">Herramientas precisas y vers\u00e1tiles para artesan\u00edas y modelado de arcilla. Ideales para esculpir, cortar y crear detalles finos con facilidad y precisi\u00f3n.<\/p>\n\n\n\n<div id=\"wp-block-themeisle-blocks-button-group-c9a61cdc\" class=\"wp-block-themeisle-blocks-button-group wp-block-buttons\">\n<div id=\"wp-block-themeisle-blocks-button-48cb31e5\" class=\"wp-block-themeisle-blocks-button wp-block-button\"><a href=\"https:\/\/bretton.com.gt\/index.php\/product\/estilete\/\" target=\"_self\" rel=\"noopener noreferrer\" class=\"wp-block-button__link\"><span>Mostrar Productos<\/span><\/a><\/div>\n<\/div>\n<\/div>\n<\/div>\n\n\n\n<div style=\"height:50px\" aria-hidden=\"true\" class=\"wp-block-spacer\"><\/div>\n","protected":false},"excerpt":{"rendered":"<p>Pincel Plano Para Oleo Ideal para aplicar y mezclar colores con precisi\u00f3n y suavidad. Perfecto para crear texturas y detalles en tus obras de arte. Pincel Plano Profesional Ofrece precisi\u00f3n y control superiores en cada trazo. Ideal para aplicaciones uniformes y detalladas en diversas t\u00e9cnicas art\u00edsticas. Pincel Redondo Para Oleo Ideal para aplicar capas y [&hellip;]<\/p>\n","protected":false},"author":2,"featured_media":0,"parent":0,"menu_order":0,"comment_status":"closed","ping_status":"closed","template":"","meta":{"_themeisle_gutenberg_block_has_review":false,"_ti_tpc_template_sync":false,"_ti_tpc_template_id":"","footnotes":""},"blocksy_meta":[],"jetpack_sharing_enabled":true,"_links":{"self":[{"href":"https:\/\/bretton.com.gt\/index.php\/wp-json\/wp\/v2\/pages\/801"}],"collection":[{"href":"https:\/\/bretton.com.gt\/index.php\/wp-json\/wp\/v2\/pages"}],"about":[{"href":"https:\/\/bretton.com.gt\/index.php\/wp-json\/wp\/v2\/types\/page"}],"author":[{"embeddable":true,"href":"https:\/\/bretton.com.gt\/index.php\/wp-json\/wp\/v2\/users\/2"}],"replies":[{"embeddable":true,"href":"https:\/\/bretton.com.gt\/index.php\/wp-json\/wp\/v2\/comments?post=801"}],"version-history":[{"count":10,"href":"https:\/\/bretton.com.gt\/index.php\/wp-json\/wp\/v2\/pages\/801\/revisions"}],"predecessor-version":[{"id":7624,"href":"https:\/\/bretton.com.gt\/index.php\/wp-json\/wp\/v2\/pages\/801\/revisions\/7624"}],"wp:attachment":[{"href":"https:\/\/bretton.com.gt\/index.php\/wp-json\/wp\/v2\/media?parent=801"}],"curies":[{"name":"wp","href":"https:\/\/api.w.org\/{rel}","templated":true}]}}