{"id":69,"date":"2020-01-27T08:05:29","date_gmt":"2020-01-27T08:05:29","guid":{"rendered":"https:\/\/demosites.io\/web-agency-gb\/?page_id=69"},"modified":"2025-07-29T03:54:07","modified_gmt":"2025-07-29T03:54:07","slug":"15c42-web-agency-gb-portfolio","status":"publish","type":"page","link":"https:\/\/bretton.com.gt\/index.php\/15c42-web-agency-gb-portfolio\/","title":{"rendered":"Portfolio"},"content":{"rendered":"\n<hr class=\"wp-block-separator has-css-opacity is-style-wide\"\/>\n\n\n\n<h2 class=\"wp-block-heading has-text-align-center\">Categor\u00edas<\/h2>\n\n\n\n<hr class=\"wp-block-separator has-alpha-channel-opacity\"\/>\n\n\n\n<div class=\"wp-block-columns is-layout-flex wp-container-core-columns-layout-1 wp-block-columns-is-layout-flex\">\n<div class=\"wp-block-column is-layout-flow wp-block-column-is-layout-flow\">\n<div class=\"wp-block-cover\"><span aria-hidden=\"true\" class=\"wp-block-cover__background has-background-dim\"><\/span><img loading=\"lazy\" decoding=\"async\" width=\"1440\" height=\"1910\" class=\"wp-block-cover__image-background wp-image-894\" alt=\"\" src=\"https:\/\/bretton.com.gt\/wp-content\/uploads\/2024\/07\/IMAGINAR-REDUCED_02.png\" data-object-fit=\"cover\" srcset=\"https:\/\/bretton.com.gt\/wp-content\/uploads\/2024\/07\/IMAGINAR-REDUCED_02.png 1440w, https:\/\/bretton.com.gt\/wp-content\/uploads\/2024\/07\/IMAGINAR-REDUCED_02-600x796.png 600w, https:\/\/bretton.com.gt\/wp-content\/uploads\/2024\/07\/IMAGINAR-REDUCED_02-226x300.png 226w, https:\/\/bretton.com.gt\/wp-content\/uploads\/2024\/07\/IMAGINAR-REDUCED_02-772x1024.png 772w, https:\/\/bretton.com.gt\/wp-content\/uploads\/2024\/07\/IMAGINAR-REDUCED_02-768x1019.png 768w, https:\/\/bretton.com.gt\/wp-content\/uploads\/2024\/07\/IMAGINAR-REDUCED_02-1158x1536.png 1158w\" sizes=\"(max-width: 1440px) 100vw, 1440px\" \/><div class=\"wp-block-cover__inner-container is-layout-flow wp-block-cover-is-layout-flow\">\n<div class=\"wp-block-group is-layout-constrained wp-block-group-is-layout-constrained\">\n<div id=\"wp-block-themeisle-blocks-flip-bb7da68c\" class=\"wp-block-themeisle-blocks-flip anim flipY\"><div class=\"o-flip-inner\"><div class=\"o-flip-front\"><div class=\"o-flip-content\"><h3>IMAGINAR<\/h3><p><\/p><\/div><\/div><div class=\"o-flip-back\">\n<h3 class=\"wp-block-heading\"><\/h3>\n\n\n\n<p>Explora nuestra categor\u00eda de productos para manualidades y despierta tu creatividad.       Todo lo que necesitas para transformar ideas en obras de arte con materiales de calidad y herramientas innovadoras.<\/p>\n\n\n\n<div class=\"wp-block-buttons is-content-justification-center is-layout-flex wp-container-core-buttons-layout-1 wp-block-buttons-is-layout-flex\">\n<div class=\"wp-block-button is-style-fill\"><a class=\"wp-block-button__link wp-element-button\" href=\"https:\/\/bretton.com.gt\/index.php\/imaginar\/\">Explora<\/a><\/div>\n<\/div>\n<\/div><\/div><\/div>\n<\/div>\n<\/div><\/div>\n<\/div>\n\n\n\n<div class=\"wp-block-column is-layout-flow wp-block-column-is-layout-flow\">\n<div class=\"wp-block-cover\"><span aria-hidden=\"true\" class=\"wp-block-cover__background has-background-dim\"><\/span><img loading=\"lazy\" decoding=\"async\" width=\"4000\" height=\"6000\" class=\"wp-block-cover__image-background wp-image-2566\" alt=\"\" src=\"https:\/\/bretton.com.gt\/wp-content\/uploads\/2024\/08\/CREAR-rotado_01.png\" data-object-fit=\"cover\" srcset=\"https:\/\/bretton.com.gt\/wp-content\/uploads\/2024\/08\/CREAR-rotado_01.png 4000w, https:\/\/bretton.com.gt\/wp-content\/uploads\/2024\/08\/CREAR-rotado_01-600x900.png 600w, https:\/\/bretton.com.gt\/wp-content\/uploads\/2024\/08\/CREAR-rotado_01-200x300.png 200w, https:\/\/bretton.com.gt\/wp-content\/uploads\/2024\/08\/CREAR-rotado_01-683x1024.png 683w, https:\/\/bretton.com.gt\/wp-content\/uploads\/2024\/08\/CREAR-rotado_01-768x1152.png 768w, https:\/\/bretton.com.gt\/wp-content\/uploads\/2024\/08\/CREAR-rotado_01-1024x1536.png 1024w, https:\/\/bretton.com.gt\/wp-content\/uploads\/2024\/08\/CREAR-rotado_01-1365x2048.png 1365w\" sizes=\"(max-width: 4000px) 100vw, 4000px\" \/><div class=\"wp-block-cover__inner-container is-layout-flow wp-block-cover-is-layout-flow\">\n<div class=\"wp-block-group is-layout-constrained wp-block-group-is-layout-constrained\">\n<div id=\"wp-block-themeisle-blocks-flip-b19e6ea8\" class=\"wp-block-themeisle-blocks-flip anim flipY\"><div class=\"o-flip-inner\"><div class=\"o-flip-front\"><div class=\"o-flip-content\"><h3>CREAR<\/h3><p><\/p><\/div><\/div><div class=\"o-flip-back\">\n<h3 class=\"wp-block-heading\"><\/h3>\n\n\n\n<p>Descubre nuestra colecci\u00f3n de papeles en una amplia gama de colores y texturas, ideales para dar rienda suelta a tu imaginaci\u00f3n en manualidades. \u00a1Encuentra el material perfecto para cada proyecto y crea con estilo!<\/p>\n\n\n\n<div class=\"wp-block-buttons is-content-justification-center is-layout-flex wp-container-core-buttons-layout-2 wp-block-buttons-is-layout-flex\">\n<div class=\"wp-block-button is-style-fill\"><a class=\"wp-block-button__link wp-element-button\" href=\"https:\/\/bretton.com.gt\/index.php\/crear\/\">Explora<\/a><\/div>\n<\/div>\n<\/div><\/div><\/div>\n<\/div>\n<\/div><\/div>\n<\/div>\n\n\n\n<div class=\"wp-block-column is-layout-flow wp-block-column-is-layout-flow\">\n<div class=\"wp-block-cover\"><span aria-hidden=\"true\" class=\"wp-block-cover__background has-background-dim\"><\/span><img loading=\"lazy\" decoding=\"async\" width=\"2560\" height=\"1941\" class=\"wp-block-cover__image-background wp-image-7932\" alt=\"\" src=\"https:\/\/bretton.com.gt\/wp-content\/uploads\/2025\/07\/Categoria-Aprender-scaled.jpg\" data-object-fit=\"cover\" srcset=\"https:\/\/bretton.com.gt\/wp-content\/uploads\/2025\/07\/Categoria-Aprender-scaled.jpg 2560w, https:\/\/bretton.com.gt\/wp-content\/uploads\/2025\/07\/Categoria-Aprender-300x227.jpg 300w, https:\/\/bretton.com.gt\/wp-content\/uploads\/2025\/07\/Categoria-Aprender-1024x776.jpg 1024w, https:\/\/bretton.com.gt\/wp-content\/uploads\/2025\/07\/Categoria-Aprender-768x582.jpg 768w, https:\/\/bretton.com.gt\/wp-content\/uploads\/2025\/07\/Categoria-Aprender-1536x1165.jpg 1536w, https:\/\/bretton.com.gt\/wp-content\/uploads\/2025\/07\/Categoria-Aprender-2048x1553.jpg 2048w, https:\/\/bretton.com.gt\/wp-content\/uploads\/2025\/07\/Categoria-Aprender-600x455.jpg 600w\" sizes=\"(max-width: 2560px) 100vw, 2560px\" \/><div class=\"wp-block-cover__inner-container is-layout-flow wp-block-cover-is-layout-flow\">\n<div class=\"wp-block-group is-layout-constrained wp-block-group-is-layout-constrained\">\n<div id=\"wp-block-themeisle-blocks-flip-1a351e4a\" class=\"wp-block-themeisle-blocks-flip anim flipY\"><div class=\"o-flip-inner\"><div class=\"o-flip-front\"><div class=\"o-flip-content\"><h3>APRENDER<\/h3><p><\/p><\/div><\/div><div class=\"o-flip-back\">\n<h3 class=\"wp-block-heading\"><\/h3>\n\n\n\n<p>Encuentra lo necesario para escritura y aprendizaje en nuestra categor\u00eda. Desde \u00fatiles de escritura hasta materiales educativos, tenemos lo que necesitas para apoyar el estudio y potenciar tu creatividad en el aula.<\/p>\n\n\n\n<div class=\"wp-block-buttons is-content-justification-center is-layout-flex wp-container-core-buttons-layout-3 wp-block-buttons-is-layout-flex\">\n<div class=\"wp-block-button is-style-fill\"><a class=\"wp-block-button__link wp-element-button\" href=\"https:\/\/bretton.com.gt\/index.php\/aprender\/\">Explora<\/a><\/div>\n<\/div>\n<\/div><\/div><\/div>\n<\/div>\n<\/div><\/div>\n<\/div>\n<\/div>\n\n\n\n<div class=\"wp-block-columns is-layout-flex wp-container-core-columns-layout-2 wp-block-columns-is-layout-flex\">\n<div class=\"wp-block-column is-layout-flow wp-block-column-is-layout-flow\">\n<div class=\"wp-block-cover\"><span aria-hidden=\"true\" class=\"wp-block-cover__background has-background-dim\"><\/span><img loading=\"lazy\" decoding=\"async\" width=\"4000\" height=\"6000\" class=\"wp-block-cover__image-background wp-image-2581\" alt=\"\" src=\"https:\/\/bretton.com.gt\/wp-content\/uploads\/2024\/08\/OFICINA_01.png\" data-object-fit=\"cover\" srcset=\"https:\/\/bretton.com.gt\/wp-content\/uploads\/2024\/08\/OFICINA_01.png 4000w, https:\/\/bretton.com.gt\/wp-content\/uploads\/2024\/08\/OFICINA_01-600x900.png 600w, https:\/\/bretton.com.gt\/wp-content\/uploads\/2024\/08\/OFICINA_01-200x300.png 200w, https:\/\/bretton.com.gt\/wp-content\/uploads\/2024\/08\/OFICINA_01-683x1024.png 683w, https:\/\/bretton.com.gt\/wp-content\/uploads\/2024\/08\/OFICINA_01-768x1152.png 768w, https:\/\/bretton.com.gt\/wp-content\/uploads\/2024\/08\/OFICINA_01-1024x1536.png 1024w, https:\/\/bretton.com.gt\/wp-content\/uploads\/2024\/08\/OFICINA_01-1365x2048.png 1365w\" sizes=\"(max-width: 4000px) 100vw, 4000px\" \/><div class=\"wp-block-cover__inner-container is-layout-flow wp-block-cover-is-layout-flow\">\n<div class=\"wp-block-group is-layout-constrained wp-block-group-is-layout-constrained\">\n<div id=\"wp-block-themeisle-blocks-flip-5ebc5d6f\" class=\"wp-block-themeisle-blocks-flip anim flipY\"><div class=\"o-flip-inner\"><div class=\"o-flip-front\"><div class=\"o-flip-content\"><h3>OFICINA<\/h3><p><\/p><\/div><\/div><div class=\"o-flip-back\">\n<h3 class=\"wp-block-heading\"><\/h3>\n\n\n\n<p>Organiza tu espacio de trabajo con nuestra selecci\u00f3n de clips, cintas e insumos de oficina. Encuentra soluciones pr\u00e1cticas y eficientes para mantener todo en orden y potenciar tu productividad. <\/p>\n\n\n\n<div class=\"wp-block-buttons is-content-justification-center is-layout-flex wp-container-core-buttons-layout-4 wp-block-buttons-is-layout-flex\">\n<div class=\"wp-block-button is-style-fill\"><a class=\"wp-block-button__link wp-element-button\" href=\"https:\/\/bretton.com.gt\/index.php\/oficina\/\">Explorar<\/a><\/div>\n<\/div>\n<\/div><\/div><\/div>\n<\/div>\n<\/div><\/div>\n<\/div>\n\n\n\n<div class=\"wp-block-column is-layout-flow wp-block-column-is-layout-flow\">\n<div class=\"wp-block-cover\"><span aria-hidden=\"true\" class=\"wp-block-cover__background has-background-dim\"><\/span><img loading=\"lazy\" decoding=\"async\" width=\"4000\" height=\"6000\" class=\"wp-block-cover__image-background wp-image-2583\" alt=\"\" src=\"https:\/\/bretton.com.gt\/wp-content\/uploads\/2024\/08\/APRENDER_01.png\" data-object-fit=\"cover\" srcset=\"https:\/\/bretton.com.gt\/wp-content\/uploads\/2024\/08\/APRENDER_01.png 4000w, https:\/\/bretton.com.gt\/wp-content\/uploads\/2024\/08\/APRENDER_01-600x900.png 600w, https:\/\/bretton.com.gt\/wp-content\/uploads\/2024\/08\/APRENDER_01-200x300.png 200w, https:\/\/bretton.com.gt\/wp-content\/uploads\/2024\/08\/APRENDER_01-683x1024.png 683w, https:\/\/bretton.com.gt\/wp-content\/uploads\/2024\/08\/APRENDER_01-768x1152.png 768w, https:\/\/bretton.com.gt\/wp-content\/uploads\/2024\/08\/APRENDER_01-1024x1536.png 1024w, https:\/\/bretton.com.gt\/wp-content\/uploads\/2024\/08\/APRENDER_01-1365x2048.png 1365w\" sizes=\"(max-width: 4000px) 100vw, 4000px\" \/><div class=\"wp-block-cover__inner-container is-layout-flow wp-block-cover-is-layout-flow\">\n<div class=\"wp-block-group is-layout-constrained wp-block-group-is-layout-constrained\">\n<div id=\"wp-block-themeisle-blocks-flip-7583746d\" class=\"wp-block-themeisle-blocks-flip anim flipY\"><div class=\"o-flip-inner\"><div class=\"o-flip-front\"><div class=\"o-flip-content\"><h3>ORGANIZAR<\/h3><p><\/p><\/div><\/div><div class=\"o-flip-back\">\n<h3 class=\"wp-block-heading\"><\/h3>\n\n\n\n<p>Optimiza tu organizaci\u00f3n con nuestra gama de folders, archivadores, agendas e insumos. Encuentra las herramientas ideales para mantener tus documentos y tareas en orden y facilitar tu d\u00eda a d\u00eda.<\/p>\n\n\n\n<div class=\"wp-block-buttons is-content-justification-center is-layout-flex wp-container-core-buttons-layout-5 wp-block-buttons-is-layout-flex\">\n<div class=\"wp-block-button is-style-fill\"><a class=\"wp-block-button__link wp-element-button\" href=\"https:\/\/bretton.com.gt\/index.php\/organizar\/\">Explorar<\/a><\/div>\n<\/div>\n<\/div><\/div><\/div>\n<\/div>\n<\/div><\/div>\n<\/div>\n\n\n\n<div class=\"wp-block-column is-layout-flow wp-block-column-is-layout-flow\">\n<div class=\"wp-block-cover\"><span aria-hidden=\"true\" class=\"wp-block-cover__background has-background-dim\"><\/span><img loading=\"lazy\" decoding=\"async\" width=\"4000\" height=\"6000\" class=\"wp-block-cover__image-background wp-image-2585\" alt=\"\" src=\"https:\/\/bretton.com.gt\/wp-content\/uploads\/2024\/08\/FIESTA_01.png\" data-object-fit=\"cover\" srcset=\"https:\/\/bretton.com.gt\/wp-content\/uploads\/2024\/08\/FIESTA_01.png 4000w, https:\/\/bretton.com.gt\/wp-content\/uploads\/2024\/08\/FIESTA_01-600x900.png 600w, https:\/\/bretton.com.gt\/wp-content\/uploads\/2024\/08\/FIESTA_01-200x300.png 200w, https:\/\/bretton.com.gt\/wp-content\/uploads\/2024\/08\/FIESTA_01-683x1024.png 683w, https:\/\/bretton.com.gt\/wp-content\/uploads\/2024\/08\/FIESTA_01-768x1152.png 768w, https:\/\/bretton.com.gt\/wp-content\/uploads\/2024\/08\/FIESTA_01-1024x1536.png 1024w, https:\/\/bretton.com.gt\/wp-content\/uploads\/2024\/08\/FIESTA_01-1365x2048.png 1365w\" sizes=\"(max-width: 4000px) 100vw, 4000px\" \/><div class=\"wp-block-cover__inner-container is-layout-flow wp-block-cover-is-layout-flow\">\n<div class=\"wp-block-group is-layout-constrained wp-block-group-is-layout-constrained\">\n<div id=\"wp-block-themeisle-blocks-flip-28045990\" class=\"wp-block-themeisle-blocks-flip anim flipY\"><div class=\"o-flip-inner\"><div class=\"o-flip-front\"><div class=\"o-flip-content\"><h3>FIESTA<\/h3><p><\/p><\/div><\/div><div class=\"o-flip-back\">\n<h3 class=\"wp-block-heading\"><\/h3>\n\n\n\n<p>Haz que cada celebraci\u00f3n sea inolvidable con nuestra selecci\u00f3n de insumos de decoraci\u00f3n de fiestas, incluyendo globos, candelas y m\u00e1s. Todo lo que necesitas para darle el toque perfecto a tus eventos especiales.<\/p>\n\n\n\n<div class=\"wp-block-buttons is-content-justification-center is-layout-flex wp-container-core-buttons-layout-6 wp-block-buttons-is-layout-flex\">\n<div class=\"wp-block-button is-style-fill\"><a class=\"wp-block-button__link wp-element-button\" href=\"https:\/\/bretton.com.gt\/index.php\/fiesta\/\">Explorar<\/a><\/div>\n<\/div>\n<\/div><\/div><\/div>\n<\/div>\n<\/div><\/div>\n<\/div>\n<\/div>\n\n\n\n<hr class=\"wp-block-separator has-alpha-channel-opacity\"\/>\n\n\n\n<div style=\"height:100px\" aria-hidden=\"true\" class=\"wp-block-spacer\"><\/div>\n","protected":false},"excerpt":{"rendered":"<p>Categor\u00edas<\/p>\n","protected":false},"author":1,"featured_media":0,"parent":0,"menu_order":0,"comment_status":"closed","ping_status":"closed","template":"","meta":{"_themeisle_gutenberg_block_has_review":false,"_ti_tpc_template_sync":false,"_ti_tpc_template_id":"94gtya0n2udx05knf121","footnotes":""},"blocksy_meta":[],"jetpack_sharing_enabled":true,"_links":{"self":[{"href":"https:\/\/bretton.com.gt\/index.php\/wp-json\/wp\/v2\/pages\/69"}],"collection":[{"href":"https:\/\/bretton.com.gt\/index.php\/wp-json\/wp\/v2\/pages"}],"about":[{"href":"https:\/\/bretton.com.gt\/index.php\/wp-json\/wp\/v2\/types\/page"}],"author":[{"embeddable":true,"href":"https:\/\/bretton.com.gt\/index.php\/wp-json\/wp\/v2\/users\/1"}],"replies":[{"embeddable":true,"href":"https:\/\/bretton.com.gt\/index.php\/wp-json\/wp\/v2\/comments?post=69"}],"version-history":[{"count":28,"href":"https:\/\/bretton.com.gt\/index.php\/wp-json\/wp\/v2\/pages\/69\/revisions"}],"predecessor-version":[{"id":7935,"href":"https:\/\/bretton.com.gt\/index.php\/wp-json\/wp\/v2\/pages\/69\/revisions\/7935"}],"wp:attachment":[{"href":"https:\/\/bretton.com.gt\/index.php\/wp-json\/wp\/v2\/media?parent=69"}],"curies":[{"name":"wp","href":"https:\/\/api.w.org\/{rel}","templated":true}]}}