{"id":4806,"date":"2024-09-17T19:27:58","date_gmt":"2024-09-17T19:27:58","guid":{"rendered":"https:\/\/bretton.com.gt\/?page_id=4806"},"modified":"2025-08-12T03:25:16","modified_gmt":"2025-08-12T03:25:16","slug":"velas","status":"publish","type":"page","link":"https:\/\/bretton.com.gt\/index.php\/velas\/","title":{"rendered":"VELAS"},"content":{"rendered":"\n<div class=\"wp-block-columns is-layout-flex wp-container-core-columns-layout-1 wp-block-columns-is-layout-flex\">\n<div class=\"wp-block-column is-layout-flow wp-block-column-is-layout-flow\">\n<figure class=\"wp-block-image size-large\"><img loading=\"lazy\" decoding=\"async\" width=\"1024\" height=\"819\" src=\"https:\/\/bretton.com.gt\/wp-content\/uploads\/2025\/08\/22306057.4-1024x819.jpg\" alt=\"\" class=\"wp-image-7972\" style=\"aspect-ratio:4\/3;object-fit:cover\" srcset=\"https:\/\/bretton.com.gt\/wp-content\/uploads\/2025\/08\/22306057.4-1024x819.jpg 1024w, https:\/\/bretton.com.gt\/wp-content\/uploads\/2025\/08\/22306057.4-300x240.jpg 300w, https:\/\/bretton.com.gt\/wp-content\/uploads\/2025\/08\/22306057.4-768x614.jpg 768w, https:\/\/bretton.com.gt\/wp-content\/uploads\/2025\/08\/22306057.4-1536x1229.jpg 1536w, https:\/\/bretton.com.gt\/wp-content\/uploads\/2025\/08\/22306057.4-2048x1638.jpg 2048w, https:\/\/bretton.com.gt\/wp-content\/uploads\/2025\/08\/22306057.4-600x480.jpg 600w\" sizes=\"(max-width: 1024px) 100vw, 1024px\" \/><\/figure>\n\n\n\n<h3 class=\"wp-block-heading has-neve-text-color-color has-text-color\">5 Velas Coraz\u00f3n-Estrella<\/h3>\n\n\n\n<p class=\"has-neve-text-color-color has-text-color\">Paquete de 5 velas en forma de coraz\u00f3n o estrella, ideales para agregar un encanto rom\u00e1ntico y festivo a cualquier ocasi\u00f3n.<\/p>\n\n\n\n<div id=\"wp-block-themeisle-blocks-button-group-801c87ac\" class=\"wp-block-themeisle-blocks-button-group wp-block-buttons\">\n<div id=\"wp-block-themeisle-blocks-button-5223a4c4\" class=\"wp-block-themeisle-blocks-button wp-block-button\"><a href=\"https:\/\/bretton.com.gt\/index.php\/product\/5-velas-corazon-estrella\/\" target=\"_self\" rel=\"noopener noreferrer\" class=\"wp-block-button__link\"><span>Mostrar Producto<\/span><\/a><\/div>\n<\/div>\n<\/div>\n\n\n\n<div class=\"wp-block-column is-layout-flow wp-block-column-is-layout-flow\">\n<figure class=\"wp-block-image size-full\"><img loading=\"lazy\" decoding=\"async\" width=\"2160\" height=\"1728\" src=\"https:\/\/bretton.com.gt\/wp-content\/uploads\/2024\/09\/22306046-1.jpg\" alt=\"\" class=\"wp-image-6050\" style=\"aspect-ratio:4\/3;object-fit:cover\" srcset=\"https:\/\/bretton.com.gt\/wp-content\/uploads\/2024\/09\/22306046-1.jpg 2160w, https:\/\/bretton.com.gt\/wp-content\/uploads\/2024\/09\/22306046-1-300x240.jpg 300w, https:\/\/bretton.com.gt\/wp-content\/uploads\/2024\/09\/22306046-1-1024x819.jpg 1024w, https:\/\/bretton.com.gt\/wp-content\/uploads\/2024\/09\/22306046-1-768x614.jpg 768w, https:\/\/bretton.com.gt\/wp-content\/uploads\/2024\/09\/22306046-1-1536x1229.jpg 1536w, https:\/\/bretton.com.gt\/wp-content\/uploads\/2024\/09\/22306046-1-2048x1638.jpg 2048w, https:\/\/bretton.com.gt\/wp-content\/uploads\/2024\/09\/22306046-1-600x480.jpg 600w\" sizes=\"(max-width: 2160px) 100vw, 2160px\" \/><\/figure>\n\n\n\n<h3 class=\"wp-block-heading has-neve-text-color-color has-text-color\">Vela en espiral<\/h3>\n\n\n\n<p class=\"has-neve-text-color-color has-text-color\">Velas en forma de espiral, elegantes y modernas, perfectas para iluminar cualquier ambiente con un toque decorativo \u00fanico.<\/p>\n\n\n\n<div id=\"wp-block-themeisle-blocks-button-group-6a0d1a9a\" class=\"wp-block-themeisle-blocks-button-group wp-block-buttons\">\n<div id=\"wp-block-themeisle-blocks-button-b0899c24\" class=\"wp-block-themeisle-blocks-button wp-block-button\"><a href=\"https:\/\/bretton.com.gt\/index.php\/product\/vela-en-espiral\/\" target=\"_self\" rel=\"noopener noreferrer\" class=\"wp-block-button__link\"><span>Mostrar Producto<\/span><\/a><\/div>\n<\/div>\n<\/div>\n<\/div>\n\n\n\n<div class=\"wp-block-columns is-layout-flex wp-container-core-columns-layout-2 wp-block-columns-is-layout-flex\">\n<div class=\"wp-block-column is-layout-flow wp-block-column-is-layout-flow\">\n<figure class=\"wp-block-image size-large\"><img loading=\"lazy\" decoding=\"async\" width=\"1024\" height=\"734\" src=\"https:\/\/bretton.com.gt\/wp-content\/uploads\/2025\/08\/vela-diamante.3-1024x734.jpg\" alt=\"\" class=\"wp-image-7971\" style=\"aspect-ratio:4\/3;object-fit:cover\" srcset=\"https:\/\/bretton.com.gt\/wp-content\/uploads\/2025\/08\/vela-diamante.3-1024x734.jpg 1024w, https:\/\/bretton.com.gt\/wp-content\/uploads\/2025\/08\/vela-diamante.3-300x215.jpg 300w, https:\/\/bretton.com.gt\/wp-content\/uploads\/2025\/08\/vela-diamante.3-768x551.jpg 768w, https:\/\/bretton.com.gt\/wp-content\/uploads\/2025\/08\/vela-diamante.3-1536x1101.jpg 1536w, https:\/\/bretton.com.gt\/wp-content\/uploads\/2025\/08\/vela-diamante.3-2048x1468.jpg 2048w, https:\/\/bretton.com.gt\/wp-content\/uploads\/2025\/08\/vela-diamante.3-600x430.jpg 600w\" sizes=\"(max-width: 1024px) 100vw, 1024px\" \/><\/figure>\n\n\n\n<h3 class=\"wp-block-heading has-neve-text-color-color has-text-color\">Vela En Forma De Diamante<\/h3>\n\n\n\n<p class=\"has-neve-text-color-color has-text-color\">Velas con acabado tipo diamante en forma de coraz\u00f3n o estrella, perfectas para a\u00f1adir un toque de elegancia y brillo a tus decoraciones.<\/p>\n\n\n\n<div id=\"wp-block-themeisle-blocks-button-group-934a6fc6\" class=\"wp-block-themeisle-blocks-button-group wp-block-buttons\">\n<div id=\"wp-block-themeisle-blocks-button-54995bc6\" class=\"wp-block-themeisle-blocks-button wp-block-button\"><a href=\"https:\/\/bretton.com.gt\/index.php\/product\/vela-en-forma-de-diamante\/\" target=\"_self\" rel=\"noopener noreferrer\" class=\"wp-block-button__link\"><span>Mostrar Producto<\/span><\/a><\/div>\n<\/div>\n<\/div>\n\n\n\n<div class=\"wp-block-column is-layout-flow wp-block-column-is-layout-flow\">\n<figure class=\"wp-block-image size-large\"><img loading=\"lazy\" decoding=\"async\" width=\"1024\" height=\"819\" src=\"https:\/\/bretton.com.gt\/wp-content\/uploads\/2025\/07\/22306088.1-1024x819.jpg\" alt=\"\" class=\"wp-image-7707\" style=\"aspect-ratio:4\/3;object-fit:cover\" srcset=\"https:\/\/bretton.com.gt\/wp-content\/uploads\/2025\/07\/22306088.1-1024x819.jpg 1024w, https:\/\/bretton.com.gt\/wp-content\/uploads\/2025\/07\/22306088.1-300x240.jpg 300w, https:\/\/bretton.com.gt\/wp-content\/uploads\/2025\/07\/22306088.1-768x614.jpg 768w, https:\/\/bretton.com.gt\/wp-content\/uploads\/2025\/07\/22306088.1-1536x1229.jpg 1536w, https:\/\/bretton.com.gt\/wp-content\/uploads\/2025\/07\/22306088.1-2048x1638.jpg 2048w, https:\/\/bretton.com.gt\/wp-content\/uploads\/2025\/07\/22306088.1-600x480.jpg 600w\" sizes=\"(max-width: 1024px) 100vw, 1024px\" \/><\/figure>\n\n\n\n<h3 class=\"wp-block-heading has-neve-text-color-color has-text-color\">N\u00fameros Multicolor<\/h3>\n\n\n\n<p class=\"has-neve-text-color-color has-text-color\">Velas festivas en forma de n\u00fameros multicolor, ideales para a\u00f1adir un toque alegre y divertido a tus celebraciones de cumplea\u00f1os.<\/p>\n\n\n\n<div id=\"wp-block-themeisle-blocks-button-group-a7e0aa68\" class=\"wp-block-themeisle-blocks-button-group wp-block-buttons\">\n<div id=\"wp-block-themeisle-blocks-button-caf376f7\" class=\"wp-block-themeisle-blocks-button wp-block-button\"><a href=\"https:\/\/bretton.com.gt\/index.php\/product\/vela-led\/\" target=\"_self\" rel=\"noopener noreferrer\" class=\"wp-block-button__link\"><span>Mostrar Producto<\/span><\/a><\/div>\n<\/div>\n<\/div>\n<\/div>\n\n\n\n<div class=\"wp-block-columns is-layout-flex wp-container-core-columns-layout-3 wp-block-columns-is-layout-flex\">\n<div class=\"wp-block-column is-layout-flow wp-block-column-is-layout-flow\">\n<figure class=\"wp-block-image size-large\"><img loading=\"lazy\" decoding=\"async\" width=\"1024\" height=\"819\" src=\"https:\/\/bretton.com.gt\/wp-content\/uploads\/2024\/09\/22306079.2-1024x819.jpg\" alt=\"\" class=\"wp-image-6108\" style=\"aspect-ratio:4\/3;object-fit:cover\" srcset=\"https:\/\/bretton.com.gt\/wp-content\/uploads\/2024\/09\/22306079.2-1024x819.jpg 1024w, https:\/\/bretton.com.gt\/wp-content\/uploads\/2024\/09\/22306079.2-300x240.jpg 300w, https:\/\/bretton.com.gt\/wp-content\/uploads\/2024\/09\/22306079.2-768x614.jpg 768w, https:\/\/bretton.com.gt\/wp-content\/uploads\/2024\/09\/22306079.2-1536x1229.jpg 1536w, https:\/\/bretton.com.gt\/wp-content\/uploads\/2024\/09\/22306079.2-2048x1638.jpg 2048w, https:\/\/bretton.com.gt\/wp-content\/uploads\/2024\/09\/22306079.2-600x480.jpg 600w\" sizes=\"(max-width: 1024px) 100vw, 1024px\" \/><\/figure>\n\n\n\n<h3 class=\"wp-block-heading has-neve-text-color-color has-text-color\">Vela M\u00e1gica<\/h3>\n\n\n\n<p class=\"has-neve-text-color-color has-text-color\">Velas m\u00e1gicas que brillantes y coloridas, dise\u00f1adas para transformar cualquier espacio en un ambiente encantado y fascinante.<\/p>\n\n\n\n<div id=\"wp-block-themeisle-blocks-button-group-6bbf66d5\" class=\"wp-block-themeisle-blocks-button-group wp-block-buttons\">\n<div id=\"wp-block-themeisle-blocks-button-6ba80050\" class=\"wp-block-themeisle-blocks-button wp-block-button\"><a href=\"https:\/\/bretton.com.gt\/index.php\/product\/vela-magica\/\" target=\"_self\" rel=\"noopener noreferrer\" class=\"wp-block-button__link\"><span>Mostrar Producto<\/span><\/a><\/div>\n<\/div>\n<\/div>\n\n\n\n<div class=\"wp-block-column is-layout-flow wp-block-column-is-layout-flow\">\n<figure class=\"wp-block-image size-full\"><img loading=\"lazy\" decoding=\"async\" width=\"2560\" height=\"1707\" src=\"https:\/\/bretton.com.gt\/wp-content\/uploads\/2025\/08\/vela-numero-celeste_-dorado.2-scaled.jpg\" alt=\"\" class=\"wp-image-7974\" style=\"aspect-ratio:4\/3;object-fit:cover\" srcset=\"https:\/\/bretton.com.gt\/wp-content\/uploads\/2025\/08\/vela-numero-celeste_-dorado.2-scaled.jpg 2560w, https:\/\/bretton.com.gt\/wp-content\/uploads\/2025\/08\/vela-numero-celeste_-dorado.2-300x200.jpg 300w, https:\/\/bretton.com.gt\/wp-content\/uploads\/2025\/08\/vela-numero-celeste_-dorado.2-1024x683.jpg 1024w, https:\/\/bretton.com.gt\/wp-content\/uploads\/2025\/08\/vela-numero-celeste_-dorado.2-768x512.jpg 768w, https:\/\/bretton.com.gt\/wp-content\/uploads\/2025\/08\/vela-numero-celeste_-dorado.2-1536x1024.jpg 1536w, https:\/\/bretton.com.gt\/wp-content\/uploads\/2025\/08\/vela-numero-celeste_-dorado.2-2048x1365.jpg 2048w, https:\/\/bretton.com.gt\/wp-content\/uploads\/2025\/08\/vela-numero-celeste_-dorado.2-600x400.jpg 600w\" sizes=\"(max-width: 2560px) 100vw, 2560px\" \/><\/figure>\n\n\n\n<h3 class=\"wp-block-heading has-neve-text-color-color has-text-color\">N\u00fameros Celeste Con Dorado<\/h3>\n\n\n\n<p class=\"has-neve-text-color-color has-text-color\">Velas elegantes en forma de n\u00fameros celeste y dorado, perfectas para dar un toque sofisticado a tus celebraciones.<\/p>\n\n\n\n<div id=\"wp-block-themeisle-blocks-button-group-25ed2a55\" class=\"wp-block-themeisle-blocks-button-group wp-block-buttons\">\n<div id=\"wp-block-themeisle-blocks-button-7615f1a8\" class=\"wp-block-themeisle-blocks-button wp-block-button\"><a href=\"https:\/\/bretton.com.gt\/index.php\/product\/vela-numeros-celeste-con-dorado\/\" target=\"_self\" rel=\"noopener noreferrer\" class=\"wp-block-button__link\"><span>Mostrar Producto<\/span><\/a><\/div>\n<\/div>\n<\/div>\n<\/div>\n\n\n\n<div class=\"wp-block-columns is-layout-flex wp-container-core-columns-layout-4 wp-block-columns-is-layout-flex\">\n<div class=\"wp-block-column is-layout-flow wp-block-column-is-layout-flow\">\n<figure class=\"wp-block-image size-large\"><img loading=\"lazy\" decoding=\"async\" width=\"1024\" height=\"683\" src=\"https:\/\/bretton.com.gt\/wp-content\/uploads\/2025\/08\/vela-numero-glitter.1-1024x683.jpg\" alt=\"\" class=\"wp-image-7975\" style=\"aspect-ratio:4\/3;object-fit:cover\" srcset=\"https:\/\/bretton.com.gt\/wp-content\/uploads\/2025\/08\/vela-numero-glitter.1-1024x683.jpg 1024w, https:\/\/bretton.com.gt\/wp-content\/uploads\/2025\/08\/vela-numero-glitter.1-300x200.jpg 300w, https:\/\/bretton.com.gt\/wp-content\/uploads\/2025\/08\/vela-numero-glitter.1-768x512.jpg 768w, https:\/\/bretton.com.gt\/wp-content\/uploads\/2025\/08\/vela-numero-glitter.1-1536x1024.jpg 1536w, https:\/\/bretton.com.gt\/wp-content\/uploads\/2025\/08\/vela-numero-glitter.1-2048x1365.jpg 2048w, https:\/\/bretton.com.gt\/wp-content\/uploads\/2025\/08\/vela-numero-glitter.1-600x400.jpg 600w\" sizes=\"(max-width: 1024px) 100vw, 1024px\" \/><\/figure>\n\n\n\n<h3 class=\"wp-block-heading has-neve-text-color-color has-text-color\">N\u00fameros Glitter<\/h3>\n\n\n\n<p class=\"has-neve-text-color-color has-text-color\">Vel en forma de n\u00fameros en tonos celestes o rosados, disponibles en diferentes tama\u00f1os, para agregar un toque brillante y \u00fanico.<\/p>\n\n\n\n<div id=\"wp-block-themeisle-blocks-button-group-d7762f2c\" class=\"wp-block-themeisle-blocks-button-group wp-block-buttons\">\n<div id=\"wp-block-themeisle-blocks-button-45f15d82\" class=\"wp-block-themeisle-blocks-button wp-block-button\"><a href=\"https:\/\/bretton.com.gt\/index.php\/product\/vela-numeros-glitter\/\" target=\"_self\" rel=\"noopener noreferrer\" class=\"wp-block-button__link\"><span>Mostrar Producto<\/span><\/a><\/div>\n<\/div>\n<\/div>\n\n\n\n<div class=\"wp-block-column is-layout-flow wp-block-column-is-layout-flow\">\n<figure class=\"wp-block-image size-full\"><img loading=\"lazy\" decoding=\"async\" width=\"2160\" height=\"1728\" src=\"https:\/\/bretton.com.gt\/wp-content\/uploads\/2024\/09\/20306063.1.jpg\" alt=\"\" class=\"wp-image-6119\" style=\"aspect-ratio:4\/3;object-fit:cover\" srcset=\"https:\/\/bretton.com.gt\/wp-content\/uploads\/2024\/09\/20306063.1.jpg 2160w, https:\/\/bretton.com.gt\/wp-content\/uploads\/2024\/09\/20306063.1-300x240.jpg 300w, https:\/\/bretton.com.gt\/wp-content\/uploads\/2024\/09\/20306063.1-1024x819.jpg 1024w, https:\/\/bretton.com.gt\/wp-content\/uploads\/2024\/09\/20306063.1-768x614.jpg 768w, https:\/\/bretton.com.gt\/wp-content\/uploads\/2024\/09\/20306063.1-1536x1229.jpg 1536w, https:\/\/bretton.com.gt\/wp-content\/uploads\/2024\/09\/20306063.1-2048x1638.jpg 2048w, https:\/\/bretton.com.gt\/wp-content\/uploads\/2024\/09\/20306063.1-600x480.jpg 600w\" sizes=\"(max-width: 2160px) 100vw, 2160px\" \/><\/figure>\n\n\n\n<h3 class=\"wp-block-heading has-neve-text-color-color has-text-color\">Vela Happy Birthday<\/h3>\n\n\n\n<p class=\"has-neve-text-color-color has-text-color\">Velas decorativas con la inscripci\u00f3n &#8220;Happy Birthday&#8221;, dise\u00f1adas para realzar con elegancia cualquier celebraci\u00f3n de cumplea\u00f1os.<\/p>\n\n\n\n<div id=\"wp-block-themeisle-blocks-button-group-07ef4e4f\" class=\"wp-block-themeisle-blocks-button-group wp-block-buttons\">\n<div id=\"wp-block-themeisle-blocks-button-ed523334\" class=\"wp-block-themeisle-blocks-button wp-block-button\"><a href=\"https:\/\/bretton.com.gt\/index.php\/product\/vela-happy-birthday\/\" target=\"_self\" rel=\"noopener noreferrer\" class=\"wp-block-button__link\"><span>Mostrar Producto<\/span><\/a><\/div>\n<\/div>\n<\/div>\n<\/div>\n\n\n\n<div class=\"wp-block-columns is-layout-flex wp-container-core-columns-layout-5 wp-block-columns-is-layout-flex\">\n<div class=\"wp-block-column is-layout-flow wp-block-column-is-layout-flow\">\n<figure class=\"wp-block-image size-large\"><img loading=\"lazy\" decoding=\"async\" width=\"1024\" height=\"819\" src=\"https:\/\/bretton.com.gt\/wp-content\/uploads\/2025\/08\/Caja-12-velas-con-colored-flame.4-1024x819.jpg\" alt=\"\" class=\"wp-image-7976\" style=\"aspect-ratio:4\/3;object-fit:cover\" srcset=\"https:\/\/bretton.com.gt\/wp-content\/uploads\/2025\/08\/Caja-12-velas-con-colored-flame.4-1024x819.jpg 1024w, https:\/\/bretton.com.gt\/wp-content\/uploads\/2025\/08\/Caja-12-velas-con-colored-flame.4-300x240.jpg 300w, https:\/\/bretton.com.gt\/wp-content\/uploads\/2025\/08\/Caja-12-velas-con-colored-flame.4-768x614.jpg 768w, https:\/\/bretton.com.gt\/wp-content\/uploads\/2025\/08\/Caja-12-velas-con-colored-flame.4-1536x1229.jpg 1536w, https:\/\/bretton.com.gt\/wp-content\/uploads\/2025\/08\/Caja-12-velas-con-colored-flame.4-2048x1638.jpg 2048w, https:\/\/bretton.com.gt\/wp-content\/uploads\/2025\/08\/Caja-12-velas-con-colored-flame.4-600x480.jpg 600w\" sizes=\"(max-width: 1024px) 100vw, 1024px\" \/><\/figure>\n\n\n\n<h3 class=\"wp-block-heading has-neve-text-color-color has-text-color\">12 Velas De Colores<\/h3>\n\n\n\n<p class=\"has-neve-text-color-color has-text-color\">Caja de 12 velas multicolores, perfectas para encender la magia en tus celebraciones y a\u00f1adir un toque de alegr\u00eda a cada momento.<\/p>\n\n\n\n<div id=\"wp-block-themeisle-blocks-button-group-1713d588\" class=\"wp-block-themeisle-blocks-button-group wp-block-buttons\">\n<div id=\"wp-block-themeisle-blocks-button-f74cca15\" class=\"wp-block-themeisle-blocks-button wp-block-button\"><a href=\"https:\/\/bretton.com.gt\/index.php\/product\/12-velas-de-colores\/\" target=\"_self\" rel=\"noopener noreferrer\" class=\"wp-block-button__link\"><span>Mostrar Producto<\/span><\/a><\/div>\n<\/div>\n<\/div>\n\n\n\n<div class=\"wp-block-column is-layout-flow wp-block-column-is-layout-flow\">\n<h3 class=\"wp-block-heading has-neve-text-color-color has-text-color\"> <\/h3>\n\n\n\n<p class=\"has-neve-text-color-color has-text-color\"> <\/p>\n<\/div>\n<\/div>\n\n\n\n<div style=\"height:50px\" aria-hidden=\"true\" class=\"wp-block-spacer\"><\/div>\n","protected":false},"excerpt":{"rendered":"<p>5 Velas Coraz\u00f3n-Estrella Paquete de 5 velas en forma de coraz\u00f3n o estrella, ideales para agregar un encanto rom\u00e1ntico y festivo a cualquier ocasi\u00f3n. Vela en espiral Velas en forma de espiral, elegantes y modernas, perfectas para iluminar cualquier ambiente con un toque decorativo \u00fanico. Vela En Forma De Diamante Velas con acabado tipo diamante [&hellip;]<\/p>\n","protected":false},"author":2,"featured_media":0,"parent":0,"menu_order":0,"comment_status":"closed","ping_status":"closed","template":"","meta":{"_themeisle_gutenberg_block_has_review":false,"_ti_tpc_template_sync":false,"_ti_tpc_template_id":"","footnotes":""},"blocksy_meta":[],"jetpack_sharing_enabled":true,"_links":{"self":[{"href":"https:\/\/bretton.com.gt\/index.php\/wp-json\/wp\/v2\/pages\/4806"}],"collection":[{"href":"https:\/\/bretton.com.gt\/index.php\/wp-json\/wp\/v2\/pages"}],"about":[{"href":"https:\/\/bretton.com.gt\/index.php\/wp-json\/wp\/v2\/types\/page"}],"author":[{"embeddable":true,"href":"https:\/\/bretton.com.gt\/index.php\/wp-json\/wp\/v2\/users\/2"}],"replies":[{"embeddable":true,"href":"https:\/\/bretton.com.gt\/index.php\/wp-json\/wp\/v2\/comments?post=4806"}],"version-history":[{"count":15,"href":"https:\/\/bretton.com.gt\/index.php\/wp-json\/wp\/v2\/pages\/4806\/revisions"}],"predecessor-version":[{"id":7977,"href":"https:\/\/bretton.com.gt\/index.php\/wp-json\/wp\/v2\/pages\/4806\/revisions\/7977"}],"wp:attachment":[{"href":"https:\/\/bretton.com.gt\/index.php\/wp-json\/wp\/v2\/media?parent=4806"}],"curies":[{"name":"wp","href":"https:\/\/api.w.org\/{rel}","templated":true}]}}