{"id":3011,"date":"2024-08-09T17:09:25","date_gmt":"2024-08-09T17:09:25","guid":{"rendered":"https:\/\/bretton.com.gt\/?page_id=3011"},"modified":"2025-07-24T22:43:45","modified_gmt":"2025-07-24T22:43:45","slug":"globos","status":"publish","type":"page","link":"https:\/\/bretton.com.gt\/index.php\/globos\/","title":{"rendered":"GLOBOS"},"content":{"rendered":"\n<div style=\"height:80px\" aria-hidden=\"true\" class=\"wp-block-spacer\"><\/div>\n\n\n\n<div class=\"wp-block-columns is-layout-flex wp-container-core-columns-layout-1 wp-block-columns-is-layout-flex\">\n<div class=\"wp-block-column is-layout-flow wp-block-column-is-layout-flow\">\n<figure class=\"wp-block-image size-large\"><img loading=\"lazy\" decoding=\"async\" width=\"1024\" height=\"819\" src=\"https:\/\/bretton.com.gt\/wp-content\/uploads\/2025\/07\/22307038.3-1024x819.jpg\" alt=\"\" class=\"wp-image-7685\" style=\"aspect-ratio:4\/3;object-fit:cover\" srcset=\"https:\/\/bretton.com.gt\/wp-content\/uploads\/2025\/07\/22307038.3-1024x819.jpg 1024w, https:\/\/bretton.com.gt\/wp-content\/uploads\/2025\/07\/22307038.3-300x240.jpg 300w, https:\/\/bretton.com.gt\/wp-content\/uploads\/2025\/07\/22307038.3-768x614.jpg 768w, https:\/\/bretton.com.gt\/wp-content\/uploads\/2025\/07\/22307038.3-1536x1229.jpg 1536w, https:\/\/bretton.com.gt\/wp-content\/uploads\/2025\/07\/22307038.3-2048x1638.jpg 2048w, https:\/\/bretton.com.gt\/wp-content\/uploads\/2025\/07\/22307038.3-600x480.jpg 600w\" sizes=\"(max-width: 1024px) 100vw, 1024px\" \/><\/figure>\n\n\n\n<h3 class=\"wp-block-heading has-neve-text-color-color has-text-color\">Globos Beb\u00e9<\/h3>\n\n\n\n<p class=\"has-neve-text-color-color has-text-color\">\u00a1Celebra el gran momento con nuestros globos para fiesta de revelaci\u00f3n de g\u00e9nero o baby shower! Con dise\u00f1os alegres y colores vibrantes, estos globos a\u00f1aden un toque especial a tu celebraci\u00f3n.<\/p>\n\n\n\n<div id=\"wp-block-themeisle-blocks-button-group-e32acf9e\" class=\"wp-block-themeisle-blocks-button-group wp-block-buttons\">\n<div id=\"wp-block-themeisle-blocks-button-5c656e18\" class=\"wp-block-themeisle-blocks-button wp-block-button\"><a href=\"https:\/\/bretton.com.gt\/index.php\/product\/globos-bebe\/\" target=\"_self\" rel=\"noopener noreferrer\" class=\"wp-block-button__link\"><span>Mostrar Producto<\/span><\/a><\/div>\n<\/div>\n<\/div>\n\n\n\n<div class=\"wp-block-column is-layout-flow wp-block-column-is-layout-flow\">\n<figure class=\"wp-block-image size-large\"><img loading=\"lazy\" decoding=\"async\" width=\"1024\" height=\"819\" src=\"https:\/\/bretton.com.gt\/wp-content\/uploads\/2025\/07\/22307145.2-1024x819.jpg\" alt=\"\" class=\"wp-image-7686\" style=\"aspect-ratio:4\/3;object-fit:cover\" srcset=\"https:\/\/bretton.com.gt\/wp-content\/uploads\/2025\/07\/22307145.2-1024x819.jpg 1024w, https:\/\/bretton.com.gt\/wp-content\/uploads\/2025\/07\/22307145.2-300x240.jpg 300w, https:\/\/bretton.com.gt\/wp-content\/uploads\/2025\/07\/22307145.2-768x614.jpg 768w, https:\/\/bretton.com.gt\/wp-content\/uploads\/2025\/07\/22307145.2-1536x1229.jpg 1536w, https:\/\/bretton.com.gt\/wp-content\/uploads\/2025\/07\/22307145.2-2048x1638.jpg 2048w, https:\/\/bretton.com.gt\/wp-content\/uploads\/2025\/07\/22307145.2-600x480.jpg 600w\" sizes=\"(max-width: 1024px) 100vw, 1024px\" \/><\/figure>\n\n\n\n<h3 class=\"wp-block-heading has-neve-text-color-color has-text-color\">Globos Transparentes Y Bases<\/h3>\n\n\n\n<p class=\"has-neve-text-color-color has-text-color\">\u00a1A\u00f1ade un toque elegante a tu fiesta con nuestro set de globos transparentes y bases! Ideal para cualquier ocasi\u00f3n, este conjunto incluye globos de alta calidad y bases estables para una presentaci\u00f3n impecable.<\/p>\n\n\n\n<div id=\"wp-block-themeisle-blocks-button-group-d144d46f\" class=\"wp-block-themeisle-blocks-button-group wp-block-buttons\">\n<div id=\"wp-block-themeisle-blocks-button-b6b5a475\" class=\"wp-block-themeisle-blocks-button wp-block-button\"><a href=\"https:\/\/bretton.com.gt\/index.php\/product\/globos-transparentes-y-bases\/\" target=\"_self\" rel=\"noopener noreferrer\" class=\"wp-block-button__link\"><span>Mostrar Producto<\/span><\/a><\/div>\n<\/div>\n<\/div>\n<\/div>\n\n\n\n<div class=\"wp-block-columns is-layout-flex wp-container-core-columns-layout-2 wp-block-columns-is-layout-flex\">\n<div class=\"wp-block-column is-layout-flow wp-block-column-is-layout-flow\">\n<figure class=\"wp-block-image size-large\"><img loading=\"lazy\" decoding=\"async\" width=\"1024\" height=\"683\" src=\"https:\/\/bretton.com.gt\/wp-content\/uploads\/2024\/08\/festive-balloons-from-numbers-pink-background-1024x683.jpg\" alt=\"\" class=\"wp-image-3014\" style=\"aspect-ratio:4\/3;object-fit:cover\" srcset=\"https:\/\/bretton.com.gt\/wp-content\/uploads\/2024\/08\/festive-balloons-from-numbers-pink-background-1024x683.jpg 1024w, https:\/\/bretton.com.gt\/wp-content\/uploads\/2024\/08\/festive-balloons-from-numbers-pink-background-scaled-600x400.jpg 600w, https:\/\/bretton.com.gt\/wp-content\/uploads\/2024\/08\/festive-balloons-from-numbers-pink-background-300x200.jpg 300w, https:\/\/bretton.com.gt\/wp-content\/uploads\/2024\/08\/festive-balloons-from-numbers-pink-background-768x512.jpg 768w, https:\/\/bretton.com.gt\/wp-content\/uploads\/2024\/08\/festive-balloons-from-numbers-pink-background-1536x1024.jpg 1536w, https:\/\/bretton.com.gt\/wp-content\/uploads\/2024\/08\/festive-balloons-from-numbers-pink-background-2048x1365.jpg 2048w, https:\/\/bretton.com.gt\/wp-content\/uploads\/2024\/08\/festive-balloons-from-numbers-pink-background-930x620.jpg 930w\" sizes=\"(max-width: 1024px) 100vw, 1024px\" \/><\/figure>\n\n\n\n<h3 class=\"wp-block-heading has-neve-text-color-color has-text-color\">Globos N\u00famero Met\u00e1lico<\/h3>\n\n\n\n<p class=\"has-neve-text-color-color has-text-color\">\u00a1Celebra con estilo usando nuestros globos met\u00e1licos en n\u00fameros! Disponibles en 4 tonos distintos, estos globos a\u00f1aden un toque brillante y moderno a cualquier evento.<\/p>\n\n\n\n<div id=\"wp-block-themeisle-blocks-button-group-5b3ccaac\" class=\"wp-block-themeisle-blocks-button-group wp-block-buttons\">\n<div id=\"wp-block-themeisle-blocks-button-b27e33eb\" class=\"wp-block-themeisle-blocks-button wp-block-button\"><a href=\"https:\/\/bretton.com.gt\/index.php\/product\/globos-numero-metalico\/\" target=\"_self\" rel=\"noopener noreferrer\" class=\"wp-block-button__link\"><span>Mostrar Producto<\/span><\/a><\/div>\n<\/div>\n<\/div>\n\n\n\n<div class=\"wp-block-column is-layout-flow wp-block-column-is-layout-flow\">\n<figure class=\"wp-block-image size-large\"><img loading=\"lazy\" decoding=\"async\" width=\"1024\" height=\"576\" src=\"https:\/\/bretton.com.gt\/wp-content\/uploads\/2024\/08\/globos-numeros-animal-01-1024x576.png\" alt=\"\" class=\"wp-image-3033\" style=\"aspect-ratio:4\/3;object-fit:cover\" srcset=\"https:\/\/bretton.com.gt\/wp-content\/uploads\/2024\/08\/globos-numeros-animal-01-1024x576.png 1024w, https:\/\/bretton.com.gt\/wp-content\/uploads\/2024\/08\/globos-numeros-animal-01-600x338.png 600w, https:\/\/bretton.com.gt\/wp-content\/uploads\/2024\/08\/globos-numeros-animal-01-300x169.png 300w, https:\/\/bretton.com.gt\/wp-content\/uploads\/2024\/08\/globos-numeros-animal-01-768x432.png 768w, https:\/\/bretton.com.gt\/wp-content\/uploads\/2024\/08\/globos-numeros-animal-01-1536x864.png 1536w, https:\/\/bretton.com.gt\/wp-content\/uploads\/2024\/08\/globos-numeros-animal-01.png 1920w\" sizes=\"(max-width: 1024px) 100vw, 1024px\" \/><\/figure>\n\n\n\n<h3 class=\"wp-block-heading has-neve-text-color-color has-text-color\">Globos N\u00famero En Forma De Animal<\/h3>\n\n\n\n<p class=\"has-neve-text-color-color has-text-color\">\u00a1Divierte y sorprende con nuestros globos de n\u00fameros en forma de animal! Cada globo combina el dise\u00f1o juguet\u00f3n de un animal con la elegancia de un n\u00famero, creando una decoraci\u00f3n \u00fanica para cumplea\u00f1os y eventos.<\/p>\n\n\n\n<div id=\"wp-block-themeisle-blocks-button-group-96f416c2\" class=\"wp-block-themeisle-blocks-button-group wp-block-buttons\">\n<div id=\"wp-block-themeisle-blocks-button-0463b8bb\" class=\"wp-block-themeisle-blocks-button wp-block-button\"><a href=\"https:\/\/bretton.com.gt\/index.php\/product\/globos-numero-en-forma-de-animal\/\" target=\"_self\" rel=\"noopener noreferrer\" class=\"wp-block-button__link\"><span>Mostrar Producto<\/span><\/a><\/div>\n<\/div>\n<\/div>\n<\/div>\n\n\n\n<div class=\"wp-block-columns is-layout-flex wp-container-core-columns-layout-3 wp-block-columns-is-layout-flex\">\n<div class=\"wp-block-column is-layout-flow wp-block-column-is-layout-flow\">\n<figure class=\"wp-block-image size-large\"><img loading=\"lazy\" decoding=\"async\" width=\"1024\" height=\"683\" src=\"https:\/\/bretton.com.gt\/wp-content\/uploads\/2024\/08\/happy-letters-balloons-composition-1024x683.jpg\" alt=\"\" class=\"wp-image-3015\" style=\"aspect-ratio:4\/3;object-fit:cover\" srcset=\"https:\/\/bretton.com.gt\/wp-content\/uploads\/2024\/08\/happy-letters-balloons-composition-1024x683.jpg 1024w, https:\/\/bretton.com.gt\/wp-content\/uploads\/2024\/08\/happy-letters-balloons-composition-scaled-600x400.jpg 600w, https:\/\/bretton.com.gt\/wp-content\/uploads\/2024\/08\/happy-letters-balloons-composition-300x200.jpg 300w, https:\/\/bretton.com.gt\/wp-content\/uploads\/2024\/08\/happy-letters-balloons-composition-768x512.jpg 768w, https:\/\/bretton.com.gt\/wp-content\/uploads\/2024\/08\/happy-letters-balloons-composition-1536x1024.jpg 1536w, https:\/\/bretton.com.gt\/wp-content\/uploads\/2024\/08\/happy-letters-balloons-composition-2048x1366.jpg 2048w, https:\/\/bretton.com.gt\/wp-content\/uploads\/2024\/08\/happy-letters-balloons-composition-930x620.jpg 930w\" sizes=\"(max-width: 1024px) 100vw, 1024px\" \/><\/figure>\n\n\n\n<h3 class=\"wp-block-heading has-neve-text-color-color has-text-color\">Globos Happy Birthday<\/h3>\n\n\n\n<p class=\"has-neve-text-color-color has-text-color\">\u00a1Celebra a lo grande con nuestros globos de letras &#8220;Happy Birthday&#8221;! Cada paquete incluye letras brillantes que forman un mensaje festivo perfecto para cualquier cumplea\u00f1os. <\/p>\n\n\n\n<div id=\"wp-block-themeisle-blocks-button-group-e46b0230\" class=\"wp-block-themeisle-blocks-button-group wp-block-buttons\">\n<div id=\"wp-block-themeisle-blocks-button-cbf8bb93\" class=\"wp-block-themeisle-blocks-button wp-block-button\"><a href=\"https:\/\/bretton.com.gt\/index.php\/product\/globos-happy-birthday\/\" target=\"_self\" rel=\"noopener noreferrer\" class=\"wp-block-button__link\"><span>Mostrar Producto<\/span><\/a><\/div>\n<\/div>\n<\/div>\n\n\n\n<div class=\"wp-block-column is-layout-flow wp-block-column-is-layout-flow\">\n<figure class=\"wp-block-image size-large\"><img loading=\"lazy\" decoding=\"async\" width=\"1024\" height=\"576\" src=\"https:\/\/bretton.com.gt\/wp-content\/uploads\/2024\/08\/globos-animales-01-1024x576.png\" alt=\"\" class=\"wp-image-3034\" style=\"aspect-ratio:4\/3;object-fit:cover\" srcset=\"https:\/\/bretton.com.gt\/wp-content\/uploads\/2024\/08\/globos-animales-01-1024x576.png 1024w, https:\/\/bretton.com.gt\/wp-content\/uploads\/2024\/08\/globos-animales-01-600x338.png 600w, https:\/\/bretton.com.gt\/wp-content\/uploads\/2024\/08\/globos-animales-01-300x169.png 300w, https:\/\/bretton.com.gt\/wp-content\/uploads\/2024\/08\/globos-animales-01-768x432.png 768w, https:\/\/bretton.com.gt\/wp-content\/uploads\/2024\/08\/globos-animales-01-1536x864.png 1536w, https:\/\/bretton.com.gt\/wp-content\/uploads\/2024\/08\/globos-animales-01.png 1920w\" sizes=\"(max-width: 1024px) 100vw, 1024px\" \/><\/figure>\n\n\n\n<h3 class=\"wp-block-heading has-neve-text-color-color has-text-color\">Globos De Animales<\/h3>\n\n\n\n<p class=\"has-neve-text-color-color has-text-color\">\u00a1A\u00f1ade diversi\u00f3n a tu celebraci\u00f3n con nuestros globos en forma de animales! Con dise\u00f1os adorables y coloridos, estos globos transforman cualquier fiesta en una experiencia encantadora y juguetona.<\/p>\n\n\n\n<div id=\"wp-block-themeisle-blocks-button-group-56750d68\" class=\"wp-block-themeisle-blocks-button-group wp-block-buttons\">\n<div id=\"wp-block-themeisle-blocks-button-4e503586\" class=\"wp-block-themeisle-blocks-button wp-block-button\"><a href=\"https:\/\/bretton.com.gt\/index.php\/product\/globos-animales\/\" target=\"_self\" rel=\"noopener noreferrer\" class=\"wp-block-button__link\"><span>Mostrar Producto<\/span><\/a><\/div>\n<\/div>\n<\/div>\n<\/div>\n\n\n\n<div class=\"wp-block-columns is-layout-flex wp-container-core-columns-layout-4 wp-block-columns-is-layout-flex\">\n<div class=\"wp-block-column is-layout-flow wp-block-column-is-layout-flow\">\n<figure class=\"wp-block-image size-large\"><img loading=\"lazy\" decoding=\"async\" width=\"1024\" height=\"576\" src=\"https:\/\/bretton.com.gt\/wp-content\/uploads\/2024\/08\/globos-frases-01-1024x576.png\" alt=\"\" class=\"wp-image-3035\" style=\"aspect-ratio:4\/3;object-fit:cover\" srcset=\"https:\/\/bretton.com.gt\/wp-content\/uploads\/2024\/08\/globos-frases-01-1024x576.png 1024w, https:\/\/bretton.com.gt\/wp-content\/uploads\/2024\/08\/globos-frases-01-600x338.png 600w, https:\/\/bretton.com.gt\/wp-content\/uploads\/2024\/08\/globos-frases-01-300x169.png 300w, https:\/\/bretton.com.gt\/wp-content\/uploads\/2024\/08\/globos-frases-01-768x432.png 768w, https:\/\/bretton.com.gt\/wp-content\/uploads\/2024\/08\/globos-frases-01-1536x864.png 1536w, https:\/\/bretton.com.gt\/wp-content\/uploads\/2024\/08\/globos-frases-01.png 1920w\" sizes=\"(max-width: 1024px) 100vw, 1024px\" \/><\/figure>\n\n\n\n<h3 class=\"wp-block-heading has-neve-text-color-color has-text-color\">Globos Con Frases<\/h3>\n\n\n\n<p class=\"has-neve-text-color-color has-text-color\">\u00a1Eleva tu celebraci\u00f3n con nuestros globos met\u00e1licos con frases festivas! Con mensajes alegres y brillantes, estos globos aportan un toque de elegancia y entusiasmo a cualquier evento.<\/p>\n\n\n\n<div id=\"wp-block-themeisle-blocks-button-group-33e2548e\" class=\"wp-block-themeisle-blocks-button-group wp-block-buttons\">\n<div id=\"wp-block-themeisle-blocks-button-6fb2552c\" class=\"wp-block-themeisle-blocks-button wp-block-button\"><a href=\"https:\/\/bretton.com.gt\/index.php\/product\/globos-con-frases\/\" target=\"_self\" rel=\"noopener noreferrer\" class=\"wp-block-button__link\"><span>Mostrar Producto<\/span><\/a><\/div>\n<\/div>\n<\/div>\n\n\n\n<div class=\"wp-block-column is-layout-flow wp-block-column-is-layout-flow\">\n<figure class=\"wp-block-image size-large\"><img loading=\"lazy\" decoding=\"async\" width=\"1024\" height=\"819\" src=\"https:\/\/bretton.com.gt\/wp-content\/uploads\/2025\/07\/Globos-con-leyenda.2-1024x819.jpg\" alt=\"\" class=\"wp-image-7688\" style=\"aspect-ratio:4\/3;object-fit:cover\" srcset=\"https:\/\/bretton.com.gt\/wp-content\/uploads\/2025\/07\/Globos-con-leyenda.2-1024x819.jpg 1024w, https:\/\/bretton.com.gt\/wp-content\/uploads\/2025\/07\/Globos-con-leyenda.2-300x240.jpg 300w, https:\/\/bretton.com.gt\/wp-content\/uploads\/2025\/07\/Globos-con-leyenda.2-768x614.jpg 768w, https:\/\/bretton.com.gt\/wp-content\/uploads\/2025\/07\/Globos-con-leyenda.2-1536x1229.jpg 1536w, https:\/\/bretton.com.gt\/wp-content\/uploads\/2025\/07\/Globos-con-leyenda.2-2048x1638.jpg 2048w, https:\/\/bretton.com.gt\/wp-content\/uploads\/2025\/07\/Globos-con-leyenda.2-600x480.jpg 600w\" sizes=\"(max-width: 1024px) 100vw, 1024px\" \/><\/figure>\n\n\n\n<h3 class=\"wp-block-heading has-neve-text-color-color has-text-color\">Globos De L\u00e1tex &#8220;Happy Birthday&#8221;<\/h3>\n\n\n\n<p class=\"has-neve-text-color-color has-text-color\">Con un acabado brillante y elegante, estos globos a\u00f1aden un toque festivo y sofisticado a cualquier cumplea\u00f1os. Perfectos para resaltar el mensaje de celebraci\u00f3n &#8220;Happy Birthday&#8221;.<\/p>\n\n\n\n<div id=\"wp-block-themeisle-blocks-button-group-69dc9004\" class=\"wp-block-themeisle-blocks-button-group wp-block-buttons\">\n<div id=\"wp-block-themeisle-blocks-button-a756f488\" class=\"wp-block-themeisle-blocks-button wp-block-button\"><a href=\"https:\/\/bretton.com.gt\/index.php\/product\/globos-de-latex-happy-birthday\/\" target=\"_self\" rel=\"noopener noreferrer\" class=\"wp-block-button__link\"><span>Mostrar Producto<\/span><\/a><\/div>\n<\/div>\n<\/div>\n<\/div>\n\n\n\n<div class=\"wp-block-columns is-layout-flex wp-container-core-columns-layout-5 wp-block-columns-is-layout-flex\">\n<div class=\"wp-block-column is-layout-flow wp-block-column-is-layout-flow\">\n<figure class=\"wp-block-image size-large\"><img loading=\"lazy\" decoding=\"async\" width=\"1024\" height=\"576\" src=\"https:\/\/bretton.com.gt\/wp-content\/uploads\/2024\/08\/set-globos-01-1024x576.png\" alt=\"\" class=\"wp-image-3036\" style=\"aspect-ratio:4\/3;object-fit:cover\" srcset=\"https:\/\/bretton.com.gt\/wp-content\/uploads\/2024\/08\/set-globos-01-1024x576.png 1024w, https:\/\/bretton.com.gt\/wp-content\/uploads\/2024\/08\/set-globos-01-600x338.png 600w, https:\/\/bretton.com.gt\/wp-content\/uploads\/2024\/08\/set-globos-01-300x169.png 300w, https:\/\/bretton.com.gt\/wp-content\/uploads\/2024\/08\/set-globos-01-768x432.png 768w, https:\/\/bretton.com.gt\/wp-content\/uploads\/2024\/08\/set-globos-01-1536x864.png 1536w, https:\/\/bretton.com.gt\/wp-content\/uploads\/2024\/08\/set-globos-01.png 1920w\" sizes=\"(max-width: 1024px) 100vw, 1024px\" \/><\/figure>\n\n\n\n<h3 class=\"wp-block-heading has-neve-text-color-color has-text-color\">Set De Globos Met\u00e1licos Y L\u00e1tex<\/h3>\n\n\n\n<p class=\"has-neve-text-color-color has-text-color\">\u00a1Prep\u00e1rate para una fiesta espectacular con nuestro set de globos met\u00e1licos y de l\u00e1tex! Este conjunto combina la elegancia de los globos met\u00e1licos con la versatilidad de los globos de l\u00e1tex.<\/p>\n\n\n\n<div id=\"wp-block-themeisle-blocks-button-group-975e8198\" class=\"wp-block-themeisle-blocks-button-group wp-block-buttons\">\n<div id=\"wp-block-themeisle-blocks-button-3ff9cf78\" class=\"wp-block-themeisle-blocks-button wp-block-button\"><a href=\"https:\/\/bretton.com.gt\/index.php\/product\/set-de-globos-metalicos-y-latex\/\" target=\"_self\" rel=\"noopener noreferrer\" class=\"wp-block-button__link\"><span>Mostrar Producto<\/span><\/a><\/div>\n<\/div>\n<\/div>\n\n\n\n<div class=\"wp-block-column is-layout-flow wp-block-column-is-layout-flow\">\n<figure class=\"wp-block-image size-large\"><img loading=\"lazy\" decoding=\"async\" width=\"684\" height=\"1024\" src=\"https:\/\/bretton.com.gt\/wp-content\/uploads\/2024\/08\/shutterstock_2366949399-684x1024.jpg\" alt=\"\" class=\"wp-image-3016\" style=\"aspect-ratio:4\/3;object-fit:cover\" srcset=\"https:\/\/bretton.com.gt\/wp-content\/uploads\/2024\/08\/shutterstock_2366949399-684x1024.jpg 684w, https:\/\/bretton.com.gt\/wp-content\/uploads\/2024\/08\/shutterstock_2366949399-scaled-600x899.jpg 600w, https:\/\/bretton.com.gt\/wp-content\/uploads\/2024\/08\/shutterstock_2366949399-200x300.jpg 200w, https:\/\/bretton.com.gt\/wp-content\/uploads\/2024\/08\/shutterstock_2366949399-768x1150.jpg 768w, https:\/\/bretton.com.gt\/wp-content\/uploads\/2024\/08\/shutterstock_2366949399-1025x1536.jpg 1025w, https:\/\/bretton.com.gt\/wp-content\/uploads\/2024\/08\/shutterstock_2366949399-1367x2048.jpg 1367w, https:\/\/bretton.com.gt\/wp-content\/uploads\/2024\/08\/shutterstock_2366949399-scaled.jpg 1709w\" sizes=\"(max-width: 684px) 100vw, 684px\" \/><\/figure>\n\n\n\n<h3 class=\"wp-block-heading has-neve-text-color-color has-text-color\">Girnaldas<\/h3>\n\n\n\n<p class=\"has-neve-text-color-color has-text-color\">\u00a1Transforma tu celebraci\u00f3n con nuestro set de guirnaldas de globos! Incluye una variedad de globos en colores coordinados para crear una decoraci\u00f3n impactante y festiva. <\/p>\n\n\n\n<div id=\"wp-block-themeisle-blocks-button-group-a13de10d\" class=\"wp-block-themeisle-blocks-button-group wp-block-buttons\">\n<div id=\"wp-block-themeisle-blocks-button-7faedddb\" class=\"wp-block-themeisle-blocks-button wp-block-button\"><a href=\"https:\/\/bretton.com.gt\/index.php\/product\/girnaldas\/\" target=\"_self\" rel=\"noopener noreferrer\" class=\"wp-block-button__link\"><span>Mostrar Producto<\/span><\/a><\/div>\n<\/div>\n<\/div>\n<\/div>\n\n\n\n<div style=\"height:50px\" aria-hidden=\"true\" class=\"wp-block-spacer\"><\/div>\n","protected":false},"excerpt":{"rendered":"<p>Globos Beb\u00e9 \u00a1Celebra el gran momento con nuestros globos para fiesta de revelaci\u00f3n de g\u00e9nero o baby shower! Con dise\u00f1os alegres y colores vibrantes, estos globos a\u00f1aden un toque especial a tu celebraci\u00f3n. Globos Transparentes Y Bases \u00a1A\u00f1ade un toque elegante a tu fiesta con nuestro set de globos transparentes y bases! Ideal para cualquier [&hellip;]<\/p>\n","protected":false},"author":2,"featured_media":0,"parent":0,"menu_order":0,"comment_status":"closed","ping_status":"closed","template":"","meta":{"_themeisle_gutenberg_block_has_review":false,"_ti_tpc_template_sync":false,"_ti_tpc_template_id":"","footnotes":""},"blocksy_meta":[],"jetpack_sharing_enabled":true,"_links":{"self":[{"href":"https:\/\/bretton.com.gt\/index.php\/wp-json\/wp\/v2\/pages\/3011"}],"collection":[{"href":"https:\/\/bretton.com.gt\/index.php\/wp-json\/wp\/v2\/pages"}],"about":[{"href":"https:\/\/bretton.com.gt\/index.php\/wp-json\/wp\/v2\/types\/page"}],"author":[{"embeddable":true,"href":"https:\/\/bretton.com.gt\/index.php\/wp-json\/wp\/v2\/users\/2"}],"replies":[{"embeddable":true,"href":"https:\/\/bretton.com.gt\/index.php\/wp-json\/wp\/v2\/comments?post=3011"}],"version-history":[{"count":17,"href":"https:\/\/bretton.com.gt\/index.php\/wp-json\/wp\/v2\/pages\/3011\/revisions"}],"predecessor-version":[{"id":7700,"href":"https:\/\/bretton.com.gt\/index.php\/wp-json\/wp\/v2\/pages\/3011\/revisions\/7700"}],"wp:attachment":[{"href":"https:\/\/bretton.com.gt\/index.php\/wp-json\/wp\/v2\/media?parent=3011"}],"curies":[{"name":"wp","href":"https:\/\/api.w.org\/{rel}","templated":true}]}}