{"id":2788,"date":"2024-08-07T23:52:56","date_gmt":"2024-08-07T23:52:56","guid":{"rendered":"https:\/\/bretton.com.gt\/?page_id=2788"},"modified":"2025-08-12T04:03:20","modified_gmt":"2025-08-12T04:03:20","slug":"empaques-regalo","status":"publish","type":"page","link":"https:\/\/bretton.com.gt\/index.php\/empaques-regalo\/","title":{"rendered":"Empaques Regalo"},"content":{"rendered":"\n<div class=\"wp-block-columns is-layout-flex wp-container-core-columns-layout-1 wp-block-columns-is-layout-flex\">\n<div class=\"wp-block-column is-layout-flow wp-block-column-is-layout-flow\">\n<figure class=\"wp-block-image size-full\"><img loading=\"lazy\" decoding=\"async\" width=\"2560\" height=\"2015\" src=\"https:\/\/bretton.com.gt\/wp-content\/uploads\/2025\/08\/Bolsa-Para-Joyeria.2-scaled.jpg\" alt=\"\" class=\"wp-image-7968\" style=\"aspect-ratio:4\/3;object-fit:cover\" srcset=\"https:\/\/bretton.com.gt\/wp-content\/uploads\/2025\/08\/Bolsa-Para-Joyeria.2-scaled.jpg 2560w, https:\/\/bretton.com.gt\/wp-content\/uploads\/2025\/08\/Bolsa-Para-Joyeria.2-300x236.jpg 300w, https:\/\/bretton.com.gt\/wp-content\/uploads\/2025\/08\/Bolsa-Para-Joyeria.2-1024x806.jpg 1024w, https:\/\/bretton.com.gt\/wp-content\/uploads\/2025\/08\/Bolsa-Para-Joyeria.2-768x604.jpg 768w, https:\/\/bretton.com.gt\/wp-content\/uploads\/2025\/08\/Bolsa-Para-Joyeria.2-1536x1209.jpg 1536w, https:\/\/bretton.com.gt\/wp-content\/uploads\/2025\/08\/Bolsa-Para-Joyeria.2-2048x1612.jpg 2048w, https:\/\/bretton.com.gt\/wp-content\/uploads\/2025\/08\/Bolsa-Para-Joyeria.2-600x472.jpg 600w\" sizes=\"(max-width: 2560px) 100vw, 2560px\" \/><\/figure>\n\n\n\n<h3 class=\"wp-block-heading has-neve-text-color-color has-text-color\">Bolsa Para Joyer\u00eda<\/h3>\n\n\n\n<p class=\"has-neve-text-color-color has-text-color\">Bolsas elegantes y seguras para joyer\u00eda, ideales para presentar y proteger tus accesorios preciados con estilo. Perfectas para regalos.<\/p>\n\n\n\n<div id=\"wp-block-themeisle-blocks-button-group-632f2f99\" class=\"wp-block-themeisle-blocks-button-group wp-block-buttons\">\n<div id=\"wp-block-themeisle-blocks-button-00d1c494\" class=\"wp-block-themeisle-blocks-button wp-block-button\"><a href=\"https:\/\/bretton.com.gt\/index.php\/product\/bolsa-para-joyeria\/\" target=\"_self\" rel=\"noopener noreferrer\" class=\"wp-block-button__link\"><span>Mostrar Producto<\/span><\/a><\/div>\n<\/div>\n<\/div>\n\n\n\n<div class=\"wp-block-column is-layout-flow wp-block-column-is-layout-flow\">\n<figure class=\"wp-block-image size-full\"><img loading=\"lazy\" decoding=\"async\" width=\"2560\" height=\"2209\" src=\"https:\/\/bretton.com.gt\/wp-content\/uploads\/2025\/08\/bolsa-para-botella-de-vino.1-scaled.jpg\" alt=\"\" class=\"wp-image-7969\" style=\"aspect-ratio:4\/3;object-fit:cover\" srcset=\"https:\/\/bretton.com.gt\/wp-content\/uploads\/2025\/08\/bolsa-para-botella-de-vino.1-scaled.jpg 2560w, https:\/\/bretton.com.gt\/wp-content\/uploads\/2025\/08\/bolsa-para-botella-de-vino.1-300x259.jpg 300w, https:\/\/bretton.com.gt\/wp-content\/uploads\/2025\/08\/bolsa-para-botella-de-vino.1-1024x884.jpg 1024w, https:\/\/bretton.com.gt\/wp-content\/uploads\/2025\/08\/bolsa-para-botella-de-vino.1-768x663.jpg 768w, https:\/\/bretton.com.gt\/wp-content\/uploads\/2025\/08\/bolsa-para-botella-de-vino.1-1536x1325.jpg 1536w, https:\/\/bretton.com.gt\/wp-content\/uploads\/2025\/08\/bolsa-para-botella-de-vino.1-2048x1767.jpg 2048w, https:\/\/bretton.com.gt\/wp-content\/uploads\/2025\/08\/bolsa-para-botella-de-vino.1-600x518.jpg 600w\" sizes=\"(max-width: 2560px) 100vw, 2560px\" \/><\/figure>\n\n\n\n<h3 class=\"wp-block-heading has-neve-text-color-color has-text-color\">Bolsa Para Botella De Vino<\/h3>\n\n\n\n<p class=\"has-neve-text-color-color has-text-color\">Dise\u00f1adas para presentar y proteger tu bebida con estilo. Ideales para regalos o para transportar tu vino con sofisticaci\u00f3n.<\/p>\n\n\n\n<div id=\"wp-block-themeisle-blocks-button-group-94cea5b1\" class=\"wp-block-themeisle-blocks-button-group wp-block-buttons\">\n<div id=\"wp-block-themeisle-blocks-button-373313fc\" class=\"wp-block-themeisle-blocks-button wp-block-button\"><a href=\"https:\/\/bretton.com.gt\/index.php\/product\/bolsa-para-botella-de-vino-36-x-12-5-x-8-5-cm\/\" target=\"_self\" rel=\"noopener noreferrer\" class=\"wp-block-button__link\"><span>36 x 12.5 x 8.5 CM<\/span><\/a><\/div>\n\n\n\n<div id=\"wp-block-themeisle-blocks-button-85045503\" class=\"wp-block-themeisle-blocks-button wp-block-button\"><a href=\"https:\/\/bretton.com.gt\/index.php\/product\/bolsa-para-botella-de-vino-36-x-9-x-9-cm\/\" target=\"_self\" rel=\"noopener noreferrer\" class=\"wp-block-button__link\"><span>36 x 9 x 9 CM<\/span><\/a><\/div>\n\n\n\n<div id=\"wp-block-themeisle-blocks-button-bae33a45\" class=\"wp-block-themeisle-blocks-button wp-block-button\"><a href=\"https:\/\/bretton.com.gt\/index.php\/product\/bolsa-para-botella-de-vino-11-5-x-9-x-35cm\/\" target=\"_self\" rel=\"noopener noreferrer\" class=\"wp-block-button__link\"><span>11.5 X 9 X 35CM<\/span><\/a><\/div>\n<\/div>\n<\/div>\n<\/div>\n\n\n\n<div class=\"wp-block-columns is-layout-flex wp-container-core-columns-layout-2 wp-block-columns-is-layout-flex\">\n<div class=\"wp-block-column is-layout-flow wp-block-column-is-layout-flow\">\n<figure class=\"wp-block-image size-full\"><img loading=\"lazy\" decoding=\"async\" width=\"2160\" height=\"1728\" src=\"https:\/\/bretton.com.gt\/wp-content\/uploads\/2024\/08\/Bolsas-Regalo.1.jpg\" alt=\"\" class=\"wp-image-7000\" style=\"aspect-ratio:4\/3;object-fit:cover\" srcset=\"https:\/\/bretton.com.gt\/wp-content\/uploads\/2024\/08\/Bolsas-Regalo.1.jpg 2160w, https:\/\/bretton.com.gt\/wp-content\/uploads\/2024\/08\/Bolsas-Regalo.1-300x240.jpg 300w, https:\/\/bretton.com.gt\/wp-content\/uploads\/2024\/08\/Bolsas-Regalo.1-1024x819.jpg 1024w, https:\/\/bretton.com.gt\/wp-content\/uploads\/2024\/08\/Bolsas-Regalo.1-768x614.jpg 768w, https:\/\/bretton.com.gt\/wp-content\/uploads\/2024\/08\/Bolsas-Regalo.1-1536x1229.jpg 1536w, https:\/\/bretton.com.gt\/wp-content\/uploads\/2024\/08\/Bolsas-Regalo.1-2048x1638.jpg 2048w, https:\/\/bretton.com.gt\/wp-content\/uploads\/2024\/08\/Bolsas-Regalo.1-600x480.jpg 600w\" sizes=\"(max-width: 2160px) 100vw, 2160px\" \/><\/figure>\n\n\n\n<h3 class=\"wp-block-heading has-neve-text-color-color has-text-color\">Bolsa Kraft Blanco Y Negro<\/h3>\n\n\n\n<p class=\"has-neve-text-color-color has-text-color\">Disponibles en varios tama\u00f1os, perfectas para un toque elegante  en tus presentaciones y empaques. Resistencia y estilo en cada detalle.<\/p>\n\n\n\n<div id=\"wp-block-themeisle-blocks-button-group-916a0d34\" class=\"wp-block-themeisle-blocks-button-group wp-block-buttons\">\n<div id=\"wp-block-themeisle-blocks-button-a3205b1d\" class=\"wp-block-themeisle-blocks-button wp-block-button\"><a href=\"https:\/\/bretton.com.gt\/index.php\/product\/bolsas-kraft-blanco-y-negro\/\" target=\"_self\" rel=\"noopener noreferrer\" class=\"wp-block-button__link\"><span>Mostrar Producto<\/span><\/a><\/div>\n<\/div>\n<\/div>\n\n\n\n<div class=\"wp-block-column is-layout-flow wp-block-column-is-layout-flow\">\n<figure class=\"wp-block-image size-full\"><img loading=\"lazy\" decoding=\"async\" width=\"2160\" height=\"1728\" src=\"https:\/\/bretton.com.gt\/wp-content\/uploads\/2024\/08\/bolsas-kraft.jpg\" alt=\"\" class=\"wp-image-7080\" style=\"aspect-ratio:4\/3;object-fit:cover\" srcset=\"https:\/\/bretton.com.gt\/wp-content\/uploads\/2024\/08\/bolsas-kraft.jpg 2160w, https:\/\/bretton.com.gt\/wp-content\/uploads\/2024\/08\/bolsas-kraft-300x240.jpg 300w, https:\/\/bretton.com.gt\/wp-content\/uploads\/2024\/08\/bolsas-kraft-1024x819.jpg 1024w, https:\/\/bretton.com.gt\/wp-content\/uploads\/2024\/08\/bolsas-kraft-768x614.jpg 768w, https:\/\/bretton.com.gt\/wp-content\/uploads\/2024\/08\/bolsas-kraft-1536x1229.jpg 1536w, https:\/\/bretton.com.gt\/wp-content\/uploads\/2024\/08\/bolsas-kraft-2048x1638.jpg 2048w, https:\/\/bretton.com.gt\/wp-content\/uploads\/2024\/08\/bolsas-kraft-600x480.jpg 600w\" sizes=\"(max-width: 2160px) 100vw, 2160px\" \/><\/figure>\n\n\n\n<h3 class=\"wp-block-heading has-neve-text-color-color has-text-color\">Bolsa Kraft<\/h3>\n\n\n\n<p class=\"has-neve-text-color-color has-text-color\">Resistentes y ecol\u00f3gicas, ideales para un empaque pr\u00e1ctico y con estilo. Combinan durabilidad con un dise\u00f1o sencillo y atractivo. <\/p>\n\n\n\n<div id=\"wp-block-themeisle-blocks-button-group-7bbb78bc\" class=\"wp-block-themeisle-blocks-button-group wp-block-buttons\">\n<div id=\"wp-block-themeisle-blocks-button-a71655a9\" class=\"wp-block-themeisle-blocks-button wp-block-button\"><a href=\"https:\/\/bretton.com.gt\/index.php\/product\/bolsa-kraft\/\" target=\"_self\" rel=\"noopener noreferrer\" class=\"wp-block-button__link\"><span>Mostrar Producto<\/span><\/a><\/div>\n<\/div>\n<\/div>\n<\/div>\n\n\n\n<div class=\"wp-block-columns is-layout-flex wp-container-core-columns-layout-3 wp-block-columns-is-layout-flex\">\n<div class=\"wp-block-column is-layout-flow wp-block-column-is-layout-flow\">\n<figure class=\"wp-block-image size-full\"><img loading=\"lazy\" decoding=\"async\" width=\"2160\" height=\"1728\" src=\"https:\/\/bretton.com.gt\/wp-content\/uploads\/2024\/08\/22302047.3.jpg\" alt=\"\" class=\"wp-image-7675\" style=\"aspect-ratio:4\/3;object-fit:cover\" srcset=\"https:\/\/bretton.com.gt\/wp-content\/uploads\/2024\/08\/22302047.3.jpg 2160w, https:\/\/bretton.com.gt\/wp-content\/uploads\/2024\/08\/22302047.3-300x240.jpg 300w, https:\/\/bretton.com.gt\/wp-content\/uploads\/2024\/08\/22302047.3-1024x819.jpg 1024w, https:\/\/bretton.com.gt\/wp-content\/uploads\/2024\/08\/22302047.3-768x614.jpg 768w, https:\/\/bretton.com.gt\/wp-content\/uploads\/2024\/08\/22302047.3-1536x1229.jpg 1536w, https:\/\/bretton.com.gt\/wp-content\/uploads\/2024\/08\/22302047.3-2048x1638.jpg 2048w, https:\/\/bretton.com.gt\/wp-content\/uploads\/2024\/08\/22302047.3-600x480.jpg 600w\" sizes=\"(max-width: 2160px) 100vw, 2160px\" \/><\/figure>\n\n\n\n<h3 class=\"wp-block-heading has-neve-text-color-color has-text-color\">Bolsa Con Dise\u00f1os Translucida<\/h3>\n\n\n\n<p class=\"has-neve-text-color-color has-text-color\">Ideales para mostrar con elegancia el contenido mientras mantienen un toque moderno y distintivo. Perfectas para regalos y presentaciones.<\/p>\n\n\n\n<div id=\"wp-block-themeisle-blocks-button-group-9555fb3a\" class=\"wp-block-themeisle-blocks-button-group wp-block-buttons\">\n<div id=\"wp-block-themeisle-blocks-button-61700f06\" class=\"wp-block-themeisle-blocks-button wp-block-button\"><a href=\"https:\/\/bretton.com.gt\/index.php\/product\/bolsa-translucida-31x25x10cm\/\" target=\"_self\" rel=\"noopener noreferrer\" class=\"wp-block-button__link\"><span>31 x 25 x 10 CM<\/span><\/a><\/div>\n\n\n\n<div id=\"wp-block-themeisle-blocks-button-bc5181a3\" class=\"wp-block-themeisle-blocks-button wp-block-button\"><a href=\"https:\/\/bretton.com.gt\/index.php\/product\/bolsa-translucida-23-5x22-5x10cm\/\" target=\"_self\" rel=\"noopener noreferrer\" class=\"wp-block-button__link\"><span>23.5 x 22.5 x 10 CM<\/span><\/a><\/div>\n<\/div>\n<\/div>\n\n\n\n<div class=\"wp-block-column is-layout-flow wp-block-column-is-layout-flow\">\n<figure class=\"wp-block-image size-full\"><img loading=\"lazy\" decoding=\"async\" width=\"2160\" height=\"1728\" src=\"https:\/\/bretton.com.gt\/wp-content\/uploads\/2024\/08\/22302008.1.jpg\" alt=\"\" class=\"wp-image-7005\" style=\"aspect-ratio:4\/3;object-fit:cover\" srcset=\"https:\/\/bretton.com.gt\/wp-content\/uploads\/2024\/08\/22302008.1.jpg 2160w, https:\/\/bretton.com.gt\/wp-content\/uploads\/2024\/08\/22302008.1-300x240.jpg 300w, https:\/\/bretton.com.gt\/wp-content\/uploads\/2024\/08\/22302008.1-1024x819.jpg 1024w, https:\/\/bretton.com.gt\/wp-content\/uploads\/2024\/08\/22302008.1-768x614.jpg 768w, https:\/\/bretton.com.gt\/wp-content\/uploads\/2024\/08\/22302008.1-1536x1229.jpg 1536w, https:\/\/bretton.com.gt\/wp-content\/uploads\/2024\/08\/22302008.1-2048x1638.jpg 2048w, https:\/\/bretton.com.gt\/wp-content\/uploads\/2024\/08\/22302008.1-600x480.jpg 600w\" sizes=\"(max-width: 2160px) 100vw, 2160px\" \/><\/figure>\n\n\n\n<h3 class=\"wp-block-heading has-neve-text-color-color has-text-color\">Bolsa Con Dise\u00f1os<\/h3>\n\n\n\n<p class=\"has-neve-text-color-color has-text-color\">Bolsas con dise\u00f1os  llamativos,  para destacar tus productos y regalos con estilo. A\u00f1aden un toque personalizado y atractivo.<\/p>\n\n\n\n<div id=\"wp-block-themeisle-blocks-button-group-37cc7126\" class=\"wp-block-themeisle-blocks-button-group wp-block-buttons\">\n<div id=\"wp-block-themeisle-blocks-button-992d7430\" class=\"wp-block-themeisle-blocks-button wp-block-button\"><a href=\"https:\/\/bretton.com.gt\/index.php\/product\/bolsa-con-disenos\/\" target=\"_self\" rel=\"noopener noreferrer\" class=\"wp-block-button__link\"><span>Mostrar Producto<\/span><\/a><\/div>\n<\/div>\n<\/div>\n<\/div>\n\n\n\n<div class=\"wp-block-columns is-layout-flex wp-container-core-columns-layout-4 wp-block-columns-is-layout-flex\">\n<div class=\"wp-block-column is-layout-flow wp-block-column-is-layout-flow\">\n<figure class=\"wp-block-image size-full\"><img loading=\"lazy\" decoding=\"async\" width=\"2160\" height=\"1728\" src=\"https:\/\/bretton.com.gt\/wp-content\/uploads\/2024\/08\/22302042.0.jpg\" alt=\"\" class=\"wp-image-7059\" style=\"aspect-ratio:4\/3;object-fit:cover\" srcset=\"https:\/\/bretton.com.gt\/wp-content\/uploads\/2024\/08\/22302042.0.jpg 2160w, https:\/\/bretton.com.gt\/wp-content\/uploads\/2024\/08\/22302042.0-300x240.jpg 300w, https:\/\/bretton.com.gt\/wp-content\/uploads\/2024\/08\/22302042.0-1024x819.jpg 1024w, https:\/\/bretton.com.gt\/wp-content\/uploads\/2024\/08\/22302042.0-768x614.jpg 768w, https:\/\/bretton.com.gt\/wp-content\/uploads\/2024\/08\/22302042.0-1536x1229.jpg 1536w, https:\/\/bretton.com.gt\/wp-content\/uploads\/2024\/08\/22302042.0-2048x1638.jpg 2048w, https:\/\/bretton.com.gt\/wp-content\/uploads\/2024\/08\/22302042.0-600x480.jpg 600w\" sizes=\"(max-width: 2160px) 100vw, 2160px\" \/><\/figure>\n\n\n\n<h3 class=\"wp-block-heading has-neve-text-color-color has-text-color\">Bolsa 3D<\/h3>\n\n\n\n<p class=\"has-neve-text-color-color has-text-color\">Perfectas para un empaque original y atractivo. A\u00f1aden un efecto visual sorprendente y un toque distintivo a tus regalos y presentaciones.<\/p>\n\n\n\n<div id=\"wp-block-themeisle-blocks-button-group-43bb95a0\" class=\"wp-block-themeisle-blocks-button-group wp-block-buttons\">\n<div id=\"wp-block-themeisle-blocks-button-a8ef9427\" class=\"wp-block-themeisle-blocks-button wp-block-button\"><a href=\"https:\/\/bretton.com.gt\/index.php\/product\/bolsas-3d\/\" target=\"_self\" rel=\"noopener noreferrer\" class=\"wp-block-button__link\"><span>Mostrar Producto<\/span><\/a><\/div>\n<\/div>\n<\/div>\n\n\n\n<div class=\"wp-block-column is-layout-flow wp-block-column-is-layout-flow\">\n<figure class=\"wp-block-image size-full\"><img loading=\"lazy\" decoding=\"async\" width=\"2160\" height=\"1728\" src=\"https:\/\/bretton.com.gt\/wp-content\/uploads\/2024\/08\/22303008.4.jpg\" alt=\"\" class=\"wp-image-5874\" style=\"aspect-ratio:4\/3;object-fit:cover\" srcset=\"https:\/\/bretton.com.gt\/wp-content\/uploads\/2024\/08\/22303008.4.jpg 2160w, https:\/\/bretton.com.gt\/wp-content\/uploads\/2024\/08\/22303008.4-300x240.jpg 300w, https:\/\/bretton.com.gt\/wp-content\/uploads\/2024\/08\/22303008.4-1024x819.jpg 1024w, https:\/\/bretton.com.gt\/wp-content\/uploads\/2024\/08\/22303008.4-768x614.jpg 768w, https:\/\/bretton.com.gt\/wp-content\/uploads\/2024\/08\/22303008.4-1536x1229.jpg 1536w, https:\/\/bretton.com.gt\/wp-content\/uploads\/2024\/08\/22303008.4-2048x1638.jpg 2048w, https:\/\/bretton.com.gt\/wp-content\/uploads\/2024\/08\/22303008.4-600x480.jpg 600w\" sizes=\"(max-width: 2160px) 100vw, 2160px\" \/><\/figure>\n\n\n\n<h3 class=\"wp-block-heading has-neve-text-color-color has-text-color\">Caja Tipo Sobre<\/h3>\n\n\n\n<p class=\"has-neve-text-color-color has-text-color\">Elegantes y funcionales,  para presentar y proteger tus productos con estilo. Perfectas para regalos, documentos o peque\u00f1os obsequios. <\/p>\n\n\n\n<div id=\"wp-block-themeisle-blocks-button-group-0054fccc\" class=\"wp-block-themeisle-blocks-button-group wp-block-buttons\">\n<div id=\"wp-block-themeisle-blocks-button-43396749\" class=\"wp-block-themeisle-blocks-button wp-block-button\"><a href=\"https:\/\/bretton.com.gt\/index.php\/product\/caja-tipo-sobre\/\" target=\"_self\" rel=\"noopener noreferrer\" class=\"wp-block-button__link\"><span>Mostrar Producto<\/span><\/a><\/div>\n<\/div>\n<\/div>\n<\/div>\n\n\n\n<div class=\"wp-block-columns is-layout-flex wp-container-core-columns-layout-5 wp-block-columns-is-layout-flex\">\n<div class=\"wp-block-column is-layout-flow wp-block-column-is-layout-flow\">\n<figure class=\"wp-block-image size-full\"><img loading=\"lazy\" decoding=\"async\" width=\"2160\" height=\"1728\" src=\"https:\/\/bretton.com.gt\/wp-content\/uploads\/2024\/08\/22303005.4.jpg\" alt=\"\" class=\"wp-image-5868\" style=\"aspect-ratio:4\/3;object-fit:cover\" srcset=\"https:\/\/bretton.com.gt\/wp-content\/uploads\/2024\/08\/22303005.4.jpg 2160w, https:\/\/bretton.com.gt\/wp-content\/uploads\/2024\/08\/22303005.4-300x240.jpg 300w, https:\/\/bretton.com.gt\/wp-content\/uploads\/2024\/08\/22303005.4-1024x819.jpg 1024w, https:\/\/bretton.com.gt\/wp-content\/uploads\/2024\/08\/22303005.4-768x614.jpg 768w, https:\/\/bretton.com.gt\/wp-content\/uploads\/2024\/08\/22303005.4-1536x1229.jpg 1536w, https:\/\/bretton.com.gt\/wp-content\/uploads\/2024\/08\/22303005.4-2048x1638.jpg 2048w, https:\/\/bretton.com.gt\/wp-content\/uploads\/2024\/08\/22303005.4-600x480.jpg 600w\" sizes=\"(max-width: 2160px) 100vw, 2160px\" \/><\/figure>\n\n\n\n<h3 class=\"wp-block-heading has-neve-text-color-color has-text-color\">Caja En Coraz\u00f3n<\/h3>\n\n\n\n<p class=\"has-neve-text-color-color has-text-color\">Cajas en forma de coraz\u00f3n con jabones en forma de flor,  para un regalo rom\u00e1ntico y encantador. Combina belleza y cuidado personal.<\/p>\n\n\n\n<div id=\"wp-block-themeisle-blocks-button-group-4bcbed15\" class=\"wp-block-themeisle-blocks-button-group wp-block-buttons\">\n<div id=\"wp-block-themeisle-blocks-button-f2107efc\" class=\"wp-block-themeisle-blocks-button wp-block-button\"><a href=\"https:\/\/bretton.com.gt\/index.php\/product\/caja-en-corazon-6-jabones-en-rosas\/\" target=\"_self\" rel=\"noopener noreferrer\" class=\"wp-block-button__link\"><span>Mostrar Producto<\/span><\/a><\/div>\n<\/div>\n<\/div>\n\n\n\n<div class=\"wp-block-column is-layout-flow wp-block-column-is-layout-flow\">\n<figure class=\"wp-block-image size-full\"><img loading=\"lazy\" decoding=\"async\" width=\"2160\" height=\"1728\" src=\"https:\/\/bretton.com.gt\/wp-content\/uploads\/2024\/08\/22303001.4.jpg\" alt=\"\" class=\"wp-image-6048\" style=\"aspect-ratio:4\/3;object-fit:cover\" srcset=\"https:\/\/bretton.com.gt\/wp-content\/uploads\/2024\/08\/22303001.4.jpg 2160w, https:\/\/bretton.com.gt\/wp-content\/uploads\/2024\/08\/22303001.4-300x240.jpg 300w, https:\/\/bretton.com.gt\/wp-content\/uploads\/2024\/08\/22303001.4-1024x819.jpg 1024w, https:\/\/bretton.com.gt\/wp-content\/uploads\/2024\/08\/22303001.4-768x614.jpg 768w, https:\/\/bretton.com.gt\/wp-content\/uploads\/2024\/08\/22303001.4-1536x1229.jpg 1536w, https:\/\/bretton.com.gt\/wp-content\/uploads\/2024\/08\/22303001.4-2048x1638.jpg 2048w, https:\/\/bretton.com.gt\/wp-content\/uploads\/2024\/08\/22303001.4-600x480.jpg 600w\" sizes=\"(max-width: 2160px) 100vw, 2160px\" \/><\/figure>\n\n\n\n<h3 class=\"wp-block-heading has-neve-text-color-color has-text-color\">Rosas<\/h3>\n\n\n\n<p class=\"has-neve-text-color-color has-text-color\">Caja elegante que contiene un jab\u00f3n en forma de ramo de rosas, ideal para un regalo sofisticado y arom\u00e1tico. <\/p>\n\n\n\n<div id=\"wp-block-themeisle-blocks-button-group-32cc2229\" class=\"wp-block-themeisle-blocks-button-group wp-block-buttons\">\n<div id=\"wp-block-themeisle-blocks-button-b02f5b9d\" class=\"wp-block-themeisle-blocks-button wp-block-button\"><a href=\"https:\/\/bretton.com.gt\/index.php\/product\/rosas\/\" target=\"_self\" rel=\"noopener noreferrer\" class=\"wp-block-button__link\"><span>Mostrar Producto<\/span><\/a><\/div>\n<\/div>\n<\/div>\n<\/div>\n\n\n\n<div style=\"height:50px\" aria-hidden=\"true\" class=\"wp-block-spacer\"><\/div>\n","protected":false},"excerpt":{"rendered":"<p>Bolsa Para Joyer\u00eda Bolsas elegantes y seguras para joyer\u00eda, ideales para presentar y proteger tus accesorios preciados con estilo. Perfectas para regalos. Bolsa Para Botella De Vino Dise\u00f1adas para presentar y proteger tu bebida con estilo. Ideales para regalos o para transportar tu vino con sofisticaci\u00f3n. Bolsa Kraft Blanco Y Negro Disponibles en varios tama\u00f1os, [&hellip;]<\/p>\n","protected":false},"author":2,"featured_media":0,"parent":0,"menu_order":0,"comment_status":"closed","ping_status":"closed","template":"","meta":{"_themeisle_gutenberg_block_has_review":false,"_ti_tpc_template_sync":false,"_ti_tpc_template_id":"","footnotes":""},"blocksy_meta":[],"jetpack_sharing_enabled":true,"_links":{"self":[{"href":"https:\/\/bretton.com.gt\/index.php\/wp-json\/wp\/v2\/pages\/2788"}],"collection":[{"href":"https:\/\/bretton.com.gt\/index.php\/wp-json\/wp\/v2\/pages"}],"about":[{"href":"https:\/\/bretton.com.gt\/index.php\/wp-json\/wp\/v2\/types\/page"}],"author":[{"embeddable":true,"href":"https:\/\/bretton.com.gt\/index.php\/wp-json\/wp\/v2\/users\/2"}],"replies":[{"embeddable":true,"href":"https:\/\/bretton.com.gt\/index.php\/wp-json\/wp\/v2\/comments?post=2788"}],"version-history":[{"count":23,"href":"https:\/\/bretton.com.gt\/index.php\/wp-json\/wp\/v2\/pages\/2788\/revisions"}],"predecessor-version":[{"id":8004,"href":"https:\/\/bretton.com.gt\/index.php\/wp-json\/wp\/v2\/pages\/2788\/revisions\/8004"}],"wp:attachment":[{"href":"https:\/\/bretton.com.gt\/index.php\/wp-json\/wp\/v2\/media?parent=2788"}],"curies":[{"name":"wp","href":"https:\/\/api.w.org\/{rel}","templated":true}]}}