{"id":2727,"date":"2024-08-09T20:43:06","date_gmt":"2024-08-09T20:43:06","guid":{"rendered":"https:\/\/bretton.com.gt\/?page_id=2727"},"modified":"2025-09-02T21:06:33","modified_gmt":"2025-09-02T21:06:33","slug":"archivadores","status":"publish","type":"page","link":"https:\/\/bretton.com.gt\/index.php\/archivadores\/","title":{"rendered":"Archivadores"},"content":{"rendered":"\n<div style=\"height:80px\" aria-hidden=\"true\" class=\"wp-block-spacer\"><\/div>\n\n\n\n<div class=\"wp-block-columns is-layout-flex wp-container-core-columns-layout-1 wp-block-columns-is-layout-flex\">\n<div class=\"wp-block-column is-layout-flow wp-block-column-is-layout-flow\">\n<figure class=\"wp-block-image size-large\"><img loading=\"lazy\" decoding=\"async\" width=\"1024\" height=\"819\" src=\"https:\/\/bretton.com.gt\/wp-content\/uploads\/2024\/08\/Foto-tamanos-1024x819.jpg\" alt=\"\" class=\"wp-image-2691\" style=\"aspect-ratio:4\/3;object-fit:cover\" srcset=\"https:\/\/bretton.com.gt\/wp-content\/uploads\/2024\/08\/Foto-tamanos-1024x819.jpg 1024w, https:\/\/bretton.com.gt\/wp-content\/uploads\/2024\/08\/Foto-tamanos-600x480.jpg 600w, https:\/\/bretton.com.gt\/wp-content\/uploads\/2024\/08\/Foto-tamanos-300x240.jpg 300w, https:\/\/bretton.com.gt\/wp-content\/uploads\/2024\/08\/Foto-tamanos-768x614.jpg 768w, https:\/\/bretton.com.gt\/wp-content\/uploads\/2024\/08\/Foto-tamanos-1536x1229.jpg 1536w, https:\/\/bretton.com.gt\/wp-content\/uploads\/2024\/08\/Foto-tamanos-2048x1638.jpg 2048w\" sizes=\"(max-width: 1024px) 100vw, 1024px\" \/><\/figure>\n\n\n\n<h3 class=\"wp-block-heading has-neve-text-color-color has-text-color\">Archivadores Convencionales<\/h3>\n\n\n\n<p class=\"has-neve-text-color-color has-text-color\">Un archivador convencional, tambi\u00e9n conocido como archivador de anillas o carpeta de anillas, es un tipo de organizador de documentos ampliamente utilizado en oficinas y entornos educativos.<\/p>\n\n\n\n<div class=\"wp-block-buttons is-layout-flex wp-block-buttons-is-layout-flex\">\n<div class=\"wp-block-button\"><a class=\"wp-block-button__link wp-element-button\" href=\"https:\/\/bretton.com.gt\/index.php\/product\/archivadores\/\">Mostrar Productos<\/a><\/div>\n<\/div>\n<\/div>\n\n\n\n<div class=\"wp-block-column is-layout-flow wp-block-column-is-layout-flow\">\n<figure class=\"wp-block-image size-large\"><img loading=\"lazy\" decoding=\"async\" width=\"2149\" height=\"1719\" src=\"https:\/\/bretton.com.gt\/wp-content\/uploads\/2024\/08\/colores-edited.jpg\" alt=\"\" class=\"wp-image-3020\" style=\"aspect-ratio:4\/3;object-fit:cover\" srcset=\"https:\/\/bretton.com.gt\/wp-content\/uploads\/2024\/08\/colores-edited.jpg 2149w, https:\/\/bretton.com.gt\/wp-content\/uploads\/2024\/08\/colores-edited-600x480.jpg 600w, https:\/\/bretton.com.gt\/wp-content\/uploads\/2024\/08\/colores-edited-300x240.jpg 300w, https:\/\/bretton.com.gt\/wp-content\/uploads\/2024\/08\/colores-edited-1024x819.jpg 1024w, https:\/\/bretton.com.gt\/wp-content\/uploads\/2024\/08\/colores-edited-768x614.jpg 768w, https:\/\/bretton.com.gt\/wp-content\/uploads\/2024\/08\/colores-edited-1536x1229.jpg 1536w, https:\/\/bretton.com.gt\/wp-content\/uploads\/2024\/08\/colores-edited-2048x1638.jpg 2048w\" sizes=\"(max-width: 2149px) 100vw, 2149px\" \/><\/figure>\n\n\n\n<h3 class=\"wp-block-heading has-neve-text-color-color has-text-color\">Archivadores &#8220;Expressions&#8221;<\/h3>\n\n\n\n<p class=\"has-neve-text-color-color has-text-color\">Serie de Archivadores &#8220;Expressions&#8221; tama\u00f1o A4 en diferentes estilos y colores, para que organices tus documentos de la mejor forma posible. Descubre los dise\u00f1os m\u00e1s modernos. <\/p>\n\n\n\n<div class=\"wp-block-buttons is-layout-flex wp-block-buttons-is-layout-flex\">\n<div class=\"wp-block-button\"><a class=\"wp-block-button__link wp-element-button\" href=\"https:\/\/bretton.com.gt\/index.php\/product\/archivador-expressions\/\">Mostrar Productos<\/a><\/div>\n<\/div>\n<\/div>\n<\/div>\n\n\n\n<div class=\"wp-block-columns is-layout-flex wp-container-core-columns-layout-2 wp-block-columns-is-layout-flex\">\n<div class=\"wp-block-column is-layout-flow wp-block-column-is-layout-flow\">\n<figure class=\"wp-block-image size-large\"><img loading=\"lazy\" decoding=\"async\" width=\"1024\" height=\"819\" src=\"https:\/\/bretton.com.gt\/wp-content\/uploads\/2025\/09\/21103058.3-1024x819.jpg\" alt=\"\" class=\"wp-image-8089\" style=\"aspect-ratio:4\/3;object-fit:cover\" srcset=\"https:\/\/bretton.com.gt\/wp-content\/uploads\/2025\/09\/21103058.3-1024x819.jpg 1024w, https:\/\/bretton.com.gt\/wp-content\/uploads\/2025\/09\/21103058.3-300x240.jpg 300w, https:\/\/bretton.com.gt\/wp-content\/uploads\/2025\/09\/21103058.3-768x614.jpg 768w, https:\/\/bretton.com.gt\/wp-content\/uploads\/2025\/09\/21103058.3-1536x1229.jpg 1536w, https:\/\/bretton.com.gt\/wp-content\/uploads\/2025\/09\/21103058.3-2048x1638.jpg 2048w, https:\/\/bretton.com.gt\/wp-content\/uploads\/2025\/09\/21103058.3-600x480.jpg 600w\" sizes=\"(max-width: 1024px) 100vw, 1024px\" \/><\/figure>\n\n\n\n<h3 class=\"wp-block-heading has-neve-text-color-color has-text-color\">Archivadores Acorde\u00f3n Poli\u00e9ster<\/h3>\n\n\n\n<p class=\"has-neve-text-color-color has-text-color\">Archivador acorde\u00f3n de poli\u00e9ster (tela) con 13 divisiones transparentes de pl\u00e1stico y cierre zipper, ideal para organizar documentos de forma pr\u00e1ctica y segura.<\/p>\n\n\n\n<div class=\"wp-block-buttons is-layout-flex wp-block-buttons-is-layout-flex\">\n<div class=\"wp-block-button\"><a class=\"wp-block-button__link wp-element-button\" href=\"https:\/\/bretton.com.gt\/index.php\/product\/archivador-acordeon-poliester\/\">Mostrar Productos<\/a><\/div>\n<\/div>\n<\/div>\n\n\n\n<div class=\"wp-block-column is-layout-flow wp-block-column-is-layout-flow\">\n<figure class=\"wp-block-image size-large\"><img loading=\"lazy\" decoding=\"async\" width=\"1024\" height=\"819\" src=\"https:\/\/bretton.com.gt\/wp-content\/uploads\/2025\/09\/21103070.3-1024x819.jpg\" alt=\"\" class=\"wp-image-8112\" style=\"aspect-ratio:4\/3;object-fit:cover\" srcset=\"https:\/\/bretton.com.gt\/wp-content\/uploads\/2025\/09\/21103070.3-1024x819.jpg 1024w, https:\/\/bretton.com.gt\/wp-content\/uploads\/2025\/09\/21103070.3-300x240.jpg 300w, https:\/\/bretton.com.gt\/wp-content\/uploads\/2025\/09\/21103070.3-768x614.jpg 768w, https:\/\/bretton.com.gt\/wp-content\/uploads\/2025\/09\/21103070.3-1536x1229.jpg 1536w, https:\/\/bretton.com.gt\/wp-content\/uploads\/2025\/09\/21103070.3-2048x1638.jpg 2048w, https:\/\/bretton.com.gt\/wp-content\/uploads\/2025\/09\/21103070.3-600x480.jpg 600w\" sizes=\"(max-width: 1024px) 100vw, 1024px\" \/><\/figure>\n\n\n\n<h3 class=\"wp-block-heading has-neve-text-color-color has-text-color\">Archivadores Con Agarrador<\/h3>\n\n\n\n<p class=\"has-neve-text-color-color has-text-color\">Archivador con agarrador estilo malet\u00edn, colores pastel, 13 divisiones de pl\u00e1stico y portada perforada, ideal para organizar documentos con estilo y comodidad.<\/p>\n\n\n\n<div class=\"wp-block-buttons is-layout-flex wp-block-buttons-is-layout-flex\">\n<div class=\"wp-block-button\"><a class=\"wp-block-button__link wp-element-button\" href=\"https:\/\/bretton.com.gt\/index.php\/product\/archivadores-con-agarrador\/\">Mostrar Productos<\/a><\/div>\n<\/div>\n<\/div>\n<\/div>\n\n\n\n<div class=\"wp-block-columns is-layout-flex wp-container-core-columns-layout-3 wp-block-columns-is-layout-flex\">\n<div class=\"wp-block-column is-layout-flow wp-block-column-is-layout-flow\">\n<figure class=\"wp-block-image size-large\"><img loading=\"lazy\" decoding=\"async\" width=\"1024\" height=\"819\" src=\"https:\/\/bretton.com.gt\/wp-content\/uploads\/2025\/09\/21103078.4-1024x819.jpg\" alt=\"\" class=\"wp-image-8062\" style=\"aspect-ratio:4\/3;object-fit:cover\" srcset=\"https:\/\/bretton.com.gt\/wp-content\/uploads\/2025\/09\/21103078.4-1024x819.jpg 1024w, https:\/\/bretton.com.gt\/wp-content\/uploads\/2025\/09\/21103078.4-300x240.jpg 300w, https:\/\/bretton.com.gt\/wp-content\/uploads\/2025\/09\/21103078.4-768x614.jpg 768w, https:\/\/bretton.com.gt\/wp-content\/uploads\/2025\/09\/21103078.4-1536x1229.jpg 1536w, https:\/\/bretton.com.gt\/wp-content\/uploads\/2025\/09\/21103078.4-2048x1638.jpg 2048w, https:\/\/bretton.com.gt\/wp-content\/uploads\/2025\/09\/21103078.4-600x480.jpg 600w\" sizes=\"(max-width: 1024px) 100vw, 1024px\" \/><\/figure>\n\n\n\n<h3 class=\"wp-block-heading has-neve-text-color-color has-text-color\">Archivadores Acorde\u00f3n Colores<\/h3>\n\n\n\n<p class=\"has-neve-text-color-color has-text-color\">Archivador acorde\u00f3n negro con 13 divisiones interiores en colores del arco\u00edris, cierre zipper y divisiones transparentes de pl\u00e1stico, ideal para organizar documentos de manera divertida y ordenada.<\/p>\n\n\n\n<div class=\"wp-block-buttons is-layout-flex wp-block-buttons-is-layout-flex\">\n<div class=\"wp-block-button\"><a class=\"wp-block-button__link wp-element-button\" href=\"https:\/\/bretton.com.gt\/index.php\/product\/archivadores-acordeon-colores\/\">Mostrar Productos<\/a><\/div>\n<\/div>\n<\/div>\n\n\n\n<div class=\"wp-block-column is-layout-flow wp-block-column-is-layout-flow\">\n<figure class=\"wp-block-image size-large\"><img loading=\"lazy\" decoding=\"async\" width=\"1024\" height=\"819\" src=\"https:\/\/bretton.com.gt\/wp-content\/uploads\/2025\/09\/21103079.4-1024x819.jpg\" alt=\"\" class=\"wp-image-8185\" style=\"aspect-ratio:4\/3;object-fit:cover\" srcset=\"https:\/\/bretton.com.gt\/wp-content\/uploads\/2025\/09\/21103079.4-1024x819.jpg 1024w, https:\/\/bretton.com.gt\/wp-content\/uploads\/2025\/09\/21103079.4-300x240.jpg 300w, https:\/\/bretton.com.gt\/wp-content\/uploads\/2025\/09\/21103079.4-768x614.jpg 768w, https:\/\/bretton.com.gt\/wp-content\/uploads\/2025\/09\/21103079.4-1536x1229.jpg 1536w, https:\/\/bretton.com.gt\/wp-content\/uploads\/2025\/09\/21103079.4-2048x1638.jpg 2048w, https:\/\/bretton.com.gt\/wp-content\/uploads\/2025\/09\/21103079.4-600x480.jpg 600w\" sizes=\"(max-width: 1024px) 100vw, 1024px\" \/><\/figure>\n\n\n\n<h3 class=\"wp-block-heading has-neve-text-color-color has-text-color\">Archivador &#8211; Cuerda Transparente<\/h3>\n\n\n\n<p class=\"has-neve-text-color-color has-text-color\">Archivador transparente con cierre de cuerda, 13 divisiones interiores transl\u00facidas de colores, perfecto para organizar documentos de manera pr\u00e1ctica y visual.<\/p>\n\n\n\n<div class=\"wp-block-buttons is-layout-flex wp-block-buttons-is-layout-flex\">\n<div class=\"wp-block-button\"><a class=\"wp-block-button__link wp-element-button\" href=\"https:\/\/bretton.com.gt\/index.php\/product\/archivador-cuerda-transparente\/\">Mostrar Productos<\/a><\/div>\n<\/div>\n<\/div>\n<\/div>\n\n\n\n<div class=\"wp-block-columns is-layout-flex wp-container-core-columns-layout-4 wp-block-columns-is-layout-flex\">\n<div class=\"wp-block-column is-layout-flow wp-block-column-is-layout-flow\">\n<figure class=\"wp-block-image size-large\"><img loading=\"lazy\" decoding=\"async\" width=\"1024\" height=\"819\" src=\"https:\/\/bretton.com.gt\/wp-content\/uploads\/2025\/09\/21103084.4-1024x819.jpg\" alt=\"\" class=\"wp-image-8082\" style=\"aspect-ratio:4\/3;object-fit:cover\" srcset=\"https:\/\/bretton.com.gt\/wp-content\/uploads\/2025\/09\/21103084.4-1024x819.jpg 1024w, https:\/\/bretton.com.gt\/wp-content\/uploads\/2025\/09\/21103084.4-300x240.jpg 300w, https:\/\/bretton.com.gt\/wp-content\/uploads\/2025\/09\/21103084.4-768x614.jpg 768w, https:\/\/bretton.com.gt\/wp-content\/uploads\/2025\/09\/21103084.4-1536x1229.jpg 1536w, https:\/\/bretton.com.gt\/wp-content\/uploads\/2025\/09\/21103084.4-2048x1638.jpg 2048w, https:\/\/bretton.com.gt\/wp-content\/uploads\/2025\/09\/21103084.4-600x480.jpg 600w\" sizes=\"(max-width: 1024px) 100vw, 1024px\" \/><\/figure>\n\n\n\n<h3 class=\"wp-block-heading has-neve-text-color-color has-text-color\">Archivadores Translucidos<\/h3>\n\n\n\n<p class=\"has-neve-text-color-color has-text-color\">Archivador transl\u00facido con 13 divisiones, cierre zipper y colores modernos que le dan estilo, ideal para organizar tus documentos con personalidad.<\/p>\n\n\n\n<div class=\"wp-block-buttons is-layout-flex wp-block-buttons-is-layout-flex\">\n<div class=\"wp-block-button\"><a class=\"wp-block-button__link wp-element-button\" href=\"https:\/\/bretton.com.gt\/index.php\/product\/archivadores-translucidos\/\">Mostrar Productos<\/a><\/div>\n<\/div>\n<\/div>\n\n\n\n<div class=\"wp-block-column is-layout-flow wp-block-column-is-layout-flow\">\n<figure class=\"wp-block-image size-large\"><img loading=\"lazy\" decoding=\"async\" width=\"1024\" height=\"819\" src=\"https:\/\/bretton.com.gt\/wp-content\/uploads\/2025\/09\/21103086.1-1024x819.jpg\" alt=\"\" class=\"wp-image-8196\" style=\"aspect-ratio:4\/3;object-fit:cover\" srcset=\"https:\/\/bretton.com.gt\/wp-content\/uploads\/2025\/09\/21103086.1-1024x819.jpg 1024w, https:\/\/bretton.com.gt\/wp-content\/uploads\/2025\/09\/21103086.1-300x240.jpg 300w, https:\/\/bretton.com.gt\/wp-content\/uploads\/2025\/09\/21103086.1-768x614.jpg 768w, https:\/\/bretton.com.gt\/wp-content\/uploads\/2025\/09\/21103086.1-1536x1229.jpg 1536w, https:\/\/bretton.com.gt\/wp-content\/uploads\/2025\/09\/21103086.1-2048x1638.jpg 2048w, https:\/\/bretton.com.gt\/wp-content\/uploads\/2025\/09\/21103086.1-600x480.jpg 600w\" sizes=\"(max-width: 1024px) 100vw, 1024px\" \/><\/figure>\n\n\n\n<h3 class=\"wp-block-heading has-neve-text-color-color has-text-color\">Archivadores Check<\/h3>\n\n\n\n<p class=\"has-neve-text-color-color has-text-color\">Archivador tipo \u2018Check\u2019 tama\u00f1o cheque, transparente por fuera con divisiones transl\u00facidas de colores, 13 secciones y cierre de cuerda, ideal para organizar documentos peque\u00f1os con estilo.<\/p>\n\n\n\n<div class=\"wp-block-buttons is-layout-flex wp-block-buttons-is-layout-flex\">\n<div class=\"wp-block-button\"><a class=\"wp-block-button__link wp-element-button\" href=\"https:\/\/bretton.com.gt\/index.php\/product\/archivadores-check\/\">Mostrar Productos<\/a><\/div>\n<\/div>\n<\/div>\n<\/div>\n\n\n\n<div class=\"wp-block-columns is-layout-flex wp-container-core-columns-layout-5 wp-block-columns-is-layout-flex\">\n<div class=\"wp-block-column is-layout-flow wp-block-column-is-layout-flow\">\n<figure class=\"wp-block-image size-large\"><img loading=\"lazy\" decoding=\"async\" width=\"1024\" height=\"683\" src=\"https:\/\/bretton.com.gt\/wp-content\/uploads\/2024\/08\/DSC_0039-1024x683.jpg\" alt=\"\" class=\"wp-image-4369\" style=\"aspect-ratio:4\/3;object-fit:cover\" srcset=\"https:\/\/bretton.com.gt\/wp-content\/uploads\/2024\/08\/DSC_0039-1024x683.jpg 1024w, https:\/\/bretton.com.gt\/wp-content\/uploads\/2024\/08\/DSC_0039-scaled-600x400.jpg 600w, https:\/\/bretton.com.gt\/wp-content\/uploads\/2024\/08\/DSC_0039-300x200.jpg 300w, https:\/\/bretton.com.gt\/wp-content\/uploads\/2024\/08\/DSC_0039-768x512.jpg 768w, https:\/\/bretton.com.gt\/wp-content\/uploads\/2024\/08\/DSC_0039-1536x1024.jpg 1536w, https:\/\/bretton.com.gt\/wp-content\/uploads\/2024\/08\/DSC_0039-2048x1365.jpg 2048w, https:\/\/bretton.com.gt\/wp-content\/uploads\/2024\/08\/DSC_0039-930x620.jpg 930w\" sizes=\"(max-width: 1024px) 100vw, 1024px\" \/><\/figure>\n\n\n\n<h3 class=\"wp-block-heading has-neve-text-color-color has-text-color\">Archivadores 5 Divisiones<\/h3>\n\n\n\n<p class=\"has-neve-text-color-color has-text-color\">Un archivador de 5 divisiones es un tipo de carpeta organizativa que facilita la clasificaci\u00f3n y el acceso a documentos mediante secciones claramente definidas.<\/p>\n\n\n\n<div class=\"wp-block-buttons is-layout-flex wp-block-buttons-is-layout-flex\">\n<div class=\"wp-block-button\"><a class=\"wp-block-button__link wp-element-button\" href=\"https:\/\/bretton.com.gt\/index.php\/product\/archivador-de-acordeon-5-divisiones\/\">Mostrar Productos<\/a><\/div>\n<\/div>\n<\/div>\n\n\n\n<div class=\"wp-block-column is-layout-flow wp-block-column-is-layout-flow\">\n<figure class=\"wp-block-image size-large\"><img loading=\"lazy\" decoding=\"async\" width=\"1024\" height=\"819\" src=\"https:\/\/bretton.com.gt\/wp-content\/uploads\/2025\/09\/21239052.3-1024x819.jpg\" alt=\"\" class=\"wp-image-8104\" style=\"aspect-ratio:4\/3;object-fit:cover\" srcset=\"https:\/\/bretton.com.gt\/wp-content\/uploads\/2025\/09\/21239052.3-1024x819.jpg 1024w, https:\/\/bretton.com.gt\/wp-content\/uploads\/2025\/09\/21239052.3-300x240.jpg 300w, https:\/\/bretton.com.gt\/wp-content\/uploads\/2025\/09\/21239052.3-768x614.jpg 768w, https:\/\/bretton.com.gt\/wp-content\/uploads\/2025\/09\/21239052.3-1536x1229.jpg 1536w, https:\/\/bretton.com.gt\/wp-content\/uploads\/2025\/09\/21239052.3-2048x1638.jpg 2048w, https:\/\/bretton.com.gt\/wp-content\/uploads\/2025\/09\/21239052.3-600x480.jpg 600w\" sizes=\"(max-width: 1024px) 100vw, 1024px\" \/><\/figure>\n\n\n\n<h3 class=\"wp-block-heading has-neve-text-color-color has-text-color\">Sobre Pl\u00e1stico<\/h3>\n\n\n\n<p class=\"has-neve-text-color-color has-text-color\">Sobre pl\u00e1stico con cierre de broche, en colores pastel trendy, brillantes por dentro, ideal para guardar documentos y accesorios de manera pr\u00e1ctica y con estilo.<\/p>\n\n\n\n<div class=\"wp-block-buttons is-layout-flex wp-block-buttons-is-layout-flex\">\n<div class=\"wp-block-button\"><a class=\"wp-block-button__link wp-element-button\" href=\"https:\/\/bretton.com.gt\/index.php\/product\/sobre-plastico\/\">Mostrar Productos<\/a><\/div>\n<\/div>\n<\/div>\n<\/div>\n\n\n\n<div style=\"height:50px\" aria-hidden=\"true\" class=\"wp-block-spacer\"><\/div>\n","protected":false},"excerpt":{"rendered":"<p>Archivadores Convencionales Un archivador convencional, tambi\u00e9n conocido como archivador de anillas o carpeta de anillas, es un tipo de organizador de documentos ampliamente utilizado en oficinas y entornos educativos. Archivadores &#8220;Expressions&#8221; Serie de Archivadores &#8220;Expressions&#8221; tama\u00f1o A4 en diferentes estilos y colores, para que organices tus documentos de la mejor forma posible. Descubre los dise\u00f1os [&hellip;]<\/p>\n","protected":false},"author":1,"featured_media":0,"parent":0,"menu_order":0,"comment_status":"closed","ping_status":"closed","template":"","meta":{"_themeisle_gutenberg_block_has_review":false,"_ti_tpc_template_sync":false,"_ti_tpc_template_id":"","footnotes":""},"blocksy_meta":[],"jetpack_sharing_enabled":true,"_links":{"self":[{"href":"https:\/\/bretton.com.gt\/index.php\/wp-json\/wp\/v2\/pages\/2727"}],"collection":[{"href":"https:\/\/bretton.com.gt\/index.php\/wp-json\/wp\/v2\/pages"}],"about":[{"href":"https:\/\/bretton.com.gt\/index.php\/wp-json\/wp\/v2\/types\/page"}],"author":[{"embeddable":true,"href":"https:\/\/bretton.com.gt\/index.php\/wp-json\/wp\/v2\/users\/1"}],"replies":[{"embeddable":true,"href":"https:\/\/bretton.com.gt\/index.php\/wp-json\/wp\/v2\/comments?post=2727"}],"version-history":[{"count":16,"href":"https:\/\/bretton.com.gt\/index.php\/wp-json\/wp\/v2\/pages\/2727\/revisions"}],"predecessor-version":[{"id":8319,"href":"https:\/\/bretton.com.gt\/index.php\/wp-json\/wp\/v2\/pages\/2727\/revisions\/8319"}],"wp:attachment":[{"href":"https:\/\/bretton.com.gt\/index.php\/wp-json\/wp\/v2\/media?parent=2727"}],"curies":[{"name":"wp","href":"https:\/\/api.w.org\/{rel}","templated":true}]}}