{"id":2640,"date":"2024-08-06T00:02:30","date_gmt":"2024-08-06T00:02:30","guid":{"rendered":"https:\/\/bretton.com.gt\/?page_id=2640"},"modified":"2025-08-12T03:18:53","modified_gmt":"2025-08-12T03:18:53","slug":"fiesta","status":"publish","type":"page","link":"https:\/\/bretton.com.gt\/index.php\/fiesta\/","title":{"rendered":"FIESTA"},"content":{"rendered":"\n<div class=\"wp-block-cover alignfull is-light\" style=\"min-height:360px\"><span aria-hidden=\"true\" class=\"wp-block-cover__background has-neve-link-color-background-color has-background-dim-80 has-background-dim\"><\/span><img loading=\"lazy\" decoding=\"async\" width=\"2304\" height=\"1792\" class=\"wp-block-cover__image-background wp-image-5093\" alt=\"\" src=\"https:\/\/bretton.com.gt\/wp-content\/uploads\/2024\/09\/Firefly-fiesta-de-cumpleanos-con-decoracion-como-globos-manteles-cortinas-y-candelas-80696.jpg\" data-object-fit=\"cover\" srcset=\"https:\/\/bretton.com.gt\/wp-content\/uploads\/2024\/09\/Firefly-fiesta-de-cumpleanos-con-decoracion-como-globos-manteles-cortinas-y-candelas-80696.jpg 2304w, https:\/\/bretton.com.gt\/wp-content\/uploads\/2024\/09\/Firefly-fiesta-de-cumpleanos-con-decoracion-como-globos-manteles-cortinas-y-candelas-80696-600x467.jpg 600w, https:\/\/bretton.com.gt\/wp-content\/uploads\/2024\/09\/Firefly-fiesta-de-cumpleanos-con-decoracion-como-globos-manteles-cortinas-y-candelas-80696-300x233.jpg 300w, https:\/\/bretton.com.gt\/wp-content\/uploads\/2024\/09\/Firefly-fiesta-de-cumpleanos-con-decoracion-como-globos-manteles-cortinas-y-candelas-80696-1024x796.jpg 1024w, https:\/\/bretton.com.gt\/wp-content\/uploads\/2024\/09\/Firefly-fiesta-de-cumpleanos-con-decoracion-como-globos-manteles-cortinas-y-candelas-80696-768x597.jpg 768w, https:\/\/bretton.com.gt\/wp-content\/uploads\/2024\/09\/Firefly-fiesta-de-cumpleanos-con-decoracion-como-globos-manteles-cortinas-y-candelas-80696-1536x1195.jpg 1536w, https:\/\/bretton.com.gt\/wp-content\/uploads\/2024\/09\/Firefly-fiesta-de-cumpleanos-con-decoracion-como-globos-manteles-cortinas-y-candelas-80696-2048x1593.jpg 2048w\" sizes=\"(max-width: 2304px) 100vw, 2304px\" \/><div class=\"wp-block-cover__inner-container is-layout-flow wp-block-cover-is-layout-flow\">\n<div style=\"height:100px\" aria-hidden=\"true\" class=\"wp-block-spacer\"><\/div>\n\n\n\n<h1 class=\"wp-block-heading has-text-align-center has-nv-text-dark-bg-color has-text-color\">Fiesta<\/h1>\n\n\n\n<div style=\"height:100px\" aria-hidden=\"true\" class=\"wp-block-spacer\"><\/div>\n<\/div><\/div>\n\n\n\n<div style=\"height:80px\" aria-hidden=\"true\" class=\"wp-block-spacer\"><\/div>\n\n\n\n<div class=\"wp-block-columns is-layout-flex wp-container-core-columns-layout-1 wp-block-columns-is-layout-flex\">\n<div class=\"wp-block-column is-layout-flow wp-block-column-is-layout-flow\" style=\"flex-basis:50%\">\n<figure class=\"wp-block-image size-large\"><img loading=\"lazy\" decoding=\"async\" width=\"1024\" height=\"683\" src=\"https:\/\/bretton.com.gt\/wp-content\/uploads\/2024\/08\/medium-shot-kids-playing-with-confetti-1024x683.jpg\" alt=\"\" class=\"wp-image-2641\" style=\"aspect-ratio:4\/3;object-fit:cover\" srcset=\"https:\/\/bretton.com.gt\/wp-content\/uploads\/2024\/08\/medium-shot-kids-playing-with-confetti-1024x683.jpg 1024w, https:\/\/bretton.com.gt\/wp-content\/uploads\/2024\/08\/medium-shot-kids-playing-with-confetti-scaled-600x400.jpg 600w, https:\/\/bretton.com.gt\/wp-content\/uploads\/2024\/08\/medium-shot-kids-playing-with-confetti-300x200.jpg 300w, https:\/\/bretton.com.gt\/wp-content\/uploads\/2024\/08\/medium-shot-kids-playing-with-confetti-768x512.jpg 768w, https:\/\/bretton.com.gt\/wp-content\/uploads\/2024\/08\/medium-shot-kids-playing-with-confetti-1536x1024.jpg 1536w, https:\/\/bretton.com.gt\/wp-content\/uploads\/2024\/08\/medium-shot-kids-playing-with-confetti-2048x1365.jpg 2048w, https:\/\/bretton.com.gt\/wp-content\/uploads\/2024\/08\/medium-shot-kids-playing-with-confetti-930x620.jpg 930w\" sizes=\"(max-width: 1024px) 100vw, 1024px\" \/><\/figure>\n<\/div>\n\n\n\n<div class=\"wp-block-column is-vertically-aligned-center is-layout-flow wp-block-column-is-layout-flow\" style=\"flex-basis:50%\">\n<h2 class=\"wp-block-heading\"> Conffeti <\/h2>\n\n\n\n<p>Desde peque\u00f1os trozos brillantes hasta formas divertidas y coloridas, nuestro confetti transforma eventos en celebraciones inolvidables. Perfecto para fiestas, bodas, y cualquier evento especial. \u00a1Haz que tu celebraci\u00f3n brille con nuestro confetti!<\/p>\n\n\n\n<div class=\"wp-block-buttons is-layout-flex wp-block-buttons-is-layout-flex\">\n<div class=\"wp-block-button is-style-secondary\"><a class=\"wp-block-button__link wp-element-button\" href=\"https:\/\/bretton.com.gt\/index.php\/conffeti\/\">Ver Productos<\/a><\/div>\n<\/div>\n<\/div>\n<\/div>\n\n\n\n<div class=\"wp-block-columns has-palette-color-6-background-color has-background is-layout-flex wp-container-core-columns-layout-2 wp-block-columns-is-layout-flex\">\n<div class=\"wp-block-column is-vertically-aligned-center is-layout-flow wp-block-column-is-layout-flow\" style=\"flex-basis:50%\">\n<figure class=\"wp-block-image size-large\"><img loading=\"lazy\" decoding=\"async\" width=\"1024\" height=\"683\" src=\"https:\/\/bretton.com.gt\/wp-content\/uploads\/2025\/08\/Kits-Fiesta.5-1024x683.jpg\" alt=\"\" class=\"wp-image-7965\" style=\"aspect-ratio:4\/3;object-fit:cover\" srcset=\"https:\/\/bretton.com.gt\/wp-content\/uploads\/2025\/08\/Kits-Fiesta.5-1024x683.jpg 1024w, https:\/\/bretton.com.gt\/wp-content\/uploads\/2025\/08\/Kits-Fiesta.5-300x200.jpg 300w, https:\/\/bretton.com.gt\/wp-content\/uploads\/2025\/08\/Kits-Fiesta.5-768x512.jpg 768w, https:\/\/bretton.com.gt\/wp-content\/uploads\/2025\/08\/Kits-Fiesta.5-1536x1024.jpg 1536w, https:\/\/bretton.com.gt\/wp-content\/uploads\/2025\/08\/Kits-Fiesta.5-2048x1366.jpg 2048w, https:\/\/bretton.com.gt\/wp-content\/uploads\/2025\/08\/Kits-Fiesta.5-600x400.jpg 600w\" sizes=\"(max-width: 1024px) 100vw, 1024px\" \/><\/figure>\n<\/div>\n\n\n\n<div class=\"wp-block-column is-layout-flow wp-block-column-is-layout-flow\" style=\"flex-basis:50%\">\n<p> <\/p>\n\n\n\n<h2 class=\"wp-block-heading\">Kits Para Fiesta <\/h2>\n\n\n\n<p>\u00a1Transforma cualquier fiesta con nuestros kits de vasos, platos y servilletas coordinados! Cada set incluye todo lo necesario para una celebraci\u00f3n vibrante y organizada, con dise\u00f1os que a\u00f1aden un toque festivo a tu evento. Ideal para cumplea\u00f1os, reuniones y celebraciones especiales.<\/p>\n\n\n\n<div class=\"wp-block-buttons is-layout-flex wp-block-buttons-is-layout-flex\">\n<div class=\"wp-block-button is-style-secondary\"><a class=\"wp-block-button__link wp-element-button\" href=\"https:\/\/bretton.com.gt\/index.php\/product\/kits-para-fiesta\/\">Ver Producto<\/a><\/div>\n<\/div>\n<\/div>\n<\/div>\n\n\n\n<div class=\"wp-block-columns is-layout-flex wp-container-core-columns-layout-3 wp-block-columns-is-layout-flex\">\n<div class=\"wp-block-column is-layout-flow wp-block-column-is-layout-flow\" style=\"flex-basis:50%\">\n<figure class=\"wp-block-image size-large\"><img loading=\"lazy\" decoding=\"async\" width=\"1024\" height=\"819\" src=\"https:\/\/bretton.com.gt\/wp-content\/uploads\/2025\/01\/Bretton-Fista.13-1024x819.jpg\" alt=\"\" class=\"wp-image-6145\" style=\"aspect-ratio:4\/3;object-fit:cover\" srcset=\"https:\/\/bretton.com.gt\/wp-content\/uploads\/2025\/01\/Bretton-Fista.13-1024x819.jpg 1024w, https:\/\/bretton.com.gt\/wp-content\/uploads\/2025\/01\/Bretton-Fista.13-300x240.jpg 300w, https:\/\/bretton.com.gt\/wp-content\/uploads\/2025\/01\/Bretton-Fista.13-768x614.jpg 768w, https:\/\/bretton.com.gt\/wp-content\/uploads\/2025\/01\/Bretton-Fista.13-1536x1229.jpg 1536w, https:\/\/bretton.com.gt\/wp-content\/uploads\/2025\/01\/Bretton-Fista.13-2048x1638.jpg 2048w, https:\/\/bretton.com.gt\/wp-content\/uploads\/2025\/01\/Bretton-Fista.13-600x480.jpg 600w\" sizes=\"(max-width: 1024px) 100vw, 1024px\" \/><\/figure>\n<\/div>\n\n\n\n<div class=\"wp-block-column is-vertically-aligned-center is-layout-flow wp-block-column-is-layout-flow\" style=\"flex-basis:50%\">\n<h2 class=\"wp-block-heading\"> Letreros <\/h2>\n\n\n\n<p>\u00a1Celebra en grande con nuestros banderines &#8220;Happy Birthday&#8221;! Perfectos para decorar cualquier fiesta de cumplea\u00f1os, a\u00f1aden un toque alegre y festivo a tu celebraci\u00f3n. Hechos para hacer que tu evento brille con color y entusiasmo.<\/p>\n\n\n\n<div class=\"wp-block-buttons is-layout-flex wp-block-buttons-is-layout-flex\">\n<div class=\"wp-block-button is-style-secondary\"><a class=\"wp-block-button__link wp-element-button\" href=\"https:\/\/bretton.com.gt\/index.php\/product\/letreros\/\">Ver Productos<\/a><\/div>\n<\/div>\n<\/div>\n<\/div>\n\n\n\n<div class=\"wp-block-columns has-palette-color-6-background-color has-background is-layout-flex wp-container-core-columns-layout-4 wp-block-columns-is-layout-flex\">\n<div class=\"wp-block-column is-vertically-aligned-center is-layout-flow wp-block-column-is-layout-flow\" style=\"flex-basis:50%\">\n<figure class=\"wp-block-image size-large\"><img loading=\"lazy\" decoding=\"async\" width=\"1024\" height=\"683\" src=\"https:\/\/bretton.com.gt\/wp-content\/uploads\/2025\/07\/tops-grupal.2-1024x683.jpg\" alt=\"\" class=\"wp-image-7948\" style=\"aspect-ratio:4\/3;object-fit:cover\" srcset=\"https:\/\/bretton.com.gt\/wp-content\/uploads\/2025\/07\/tops-grupal.2-1024x683.jpg 1024w, https:\/\/bretton.com.gt\/wp-content\/uploads\/2025\/07\/tops-grupal.2-300x200.jpg 300w, https:\/\/bretton.com.gt\/wp-content\/uploads\/2025\/07\/tops-grupal.2-768x512.jpg 768w, https:\/\/bretton.com.gt\/wp-content\/uploads\/2025\/07\/tops-grupal.2-1536x1024.jpg 1536w, https:\/\/bretton.com.gt\/wp-content\/uploads\/2025\/07\/tops-grupal.2-2048x1365.jpg 2048w, https:\/\/bretton.com.gt\/wp-content\/uploads\/2025\/07\/tops-grupal.2-600x400.jpg 600w\" sizes=\"(max-width: 1024px) 100vw, 1024px\" \/><\/figure>\n<\/div>\n\n\n\n<div class=\"wp-block-column is-layout-flow wp-block-column-is-layout-flow\" style=\"flex-basis:50%\">\n<p> <\/p>\n\n\n\n<h2 class=\"wp-block-heading\">Tops <\/h2>\n\n\n\n<p>\u00a1Haz que tu pastel destaque con nuestros toppers &#8220;Happy Birthday&#8221;! Estos adornos festivos a\u00f1aden un toque especial y alegre a cualquier pastel, haciendo que tu celebraci\u00f3n sea a\u00fan m\u00e1s memorable. Perfectos para un cumplea\u00f1os lleno de estilo.<\/p>\n\n\n\n<div class=\"wp-block-buttons is-layout-flex wp-block-buttons-is-layout-flex\">\n<div class=\"wp-block-button is-style-secondary\"><a class=\"wp-block-button__link wp-element-button\" href=\"https:\/\/bretton.com.gt\/index.php\/product\/tops\/\">Ver Producto<\/a><\/div>\n<\/div>\n<\/div>\n<\/div>\n\n\n\n<div class=\"wp-block-columns is-layout-flex wp-container-core-columns-layout-5 wp-block-columns-is-layout-flex\">\n<div class=\"wp-block-column is-layout-flow wp-block-column-is-layout-flow\" style=\"flex-basis:50%\">\n<figure class=\"wp-block-image size-large\"><img loading=\"lazy\" decoding=\"async\" width=\"1024\" height=\"819\" src=\"https:\/\/bretton.com.gt\/wp-content\/uploads\/2025\/01\/Bretton-Fista.26-1024x819.jpg\" alt=\"\" class=\"wp-image-6144\" style=\"aspect-ratio:4\/3;object-fit:cover\" srcset=\"https:\/\/bretton.com.gt\/wp-content\/uploads\/2025\/01\/Bretton-Fista.26-1024x819.jpg 1024w, https:\/\/bretton.com.gt\/wp-content\/uploads\/2025\/01\/Bretton-Fista.26-300x240.jpg 300w, https:\/\/bretton.com.gt\/wp-content\/uploads\/2025\/01\/Bretton-Fista.26-768x614.jpg 768w, https:\/\/bretton.com.gt\/wp-content\/uploads\/2025\/01\/Bretton-Fista.26-1536x1229.jpg 1536w, https:\/\/bretton.com.gt\/wp-content\/uploads\/2025\/01\/Bretton-Fista.26-2048x1638.jpg 2048w, https:\/\/bretton.com.gt\/wp-content\/uploads\/2025\/01\/Bretton-Fista.26-600x480.jpg 600w\" sizes=\"(max-width: 1024px) 100vw, 1024px\" \/><\/figure>\n<\/div>\n\n\n\n<div class=\"wp-block-column is-vertically-aligned-center is-layout-flow wp-block-column-is-layout-flow\" style=\"flex-basis:50%\">\n<h2 class=\"wp-block-heading\"> Empaques Regalo <\/h2>\n\n\n\n<p>\u00a1Envuelve tus regalos con estilo utilizando nuestros empaques elegantes! Disponibles en diversos dise\u00f1os y tama\u00f1os, a\u00f1aden un toque especial y sofisticado a cualquier obsequio. Perfectos para hacer que cada detalle cuente.<\/p>\n\n\n\n<div class=\"wp-block-buttons is-layout-flex wp-block-buttons-is-layout-flex\">\n<div class=\"wp-block-button is-style-secondary\"><a class=\"wp-block-button__link wp-element-button\" href=\"https:\/\/bretton.com.gt\/index.php\/empaques-regalo\/\">Ver Productos<\/a><\/div>\n<\/div>\n<\/div>\n<\/div>\n\n\n\n<div class=\"wp-block-columns has-palette-color-6-background-color has-background is-layout-flex wp-container-core-columns-layout-6 wp-block-columns-is-layout-flex\">\n<div class=\"wp-block-column is-vertically-aligned-center is-layout-flow wp-block-column-is-layout-flow\" style=\"flex-basis:50%\">\n<figure class=\"wp-block-image size-large\"><img loading=\"lazy\" decoding=\"async\" width=\"1024\" height=\"683\" src=\"https:\/\/bretton.com.gt\/wp-content\/uploads\/2025\/07\/Foto-grupal-Cinta-Fiesa.3-1024x683.jpg\" alt=\"\" class=\"wp-image-7949\" style=\"aspect-ratio:4\/3;object-fit:cover\" srcset=\"https:\/\/bretton.com.gt\/wp-content\/uploads\/2025\/07\/Foto-grupal-Cinta-Fiesa.3-1024x683.jpg 1024w, https:\/\/bretton.com.gt\/wp-content\/uploads\/2025\/07\/Foto-grupal-Cinta-Fiesa.3-300x200.jpg 300w, https:\/\/bretton.com.gt\/wp-content\/uploads\/2025\/07\/Foto-grupal-Cinta-Fiesa.3-768x512.jpg 768w, https:\/\/bretton.com.gt\/wp-content\/uploads\/2025\/07\/Foto-grupal-Cinta-Fiesa.3-1536x1024.jpg 1536w, https:\/\/bretton.com.gt\/wp-content\/uploads\/2025\/07\/Foto-grupal-Cinta-Fiesa.3-2048x1365.jpg 2048w, https:\/\/bretton.com.gt\/wp-content\/uploads\/2025\/07\/Foto-grupal-Cinta-Fiesa.3-600x400.jpg 600w\" sizes=\"(max-width: 1024px) 100vw, 1024px\" \/><\/figure>\n<\/div>\n\n\n\n<div class=\"wp-block-column is-layout-flow wp-block-column-is-layout-flow\" style=\"flex-basis:50%\">\n<p> <\/p>\n\n\n\n<h2 class=\"wp-block-heading\">Cinta <\/h2>\n\n\n\n<p>Cinta para globos pr\u00e1ctica y resistente, ideal para asegurar y decorar tus globos con facilidad. Perfecta para eventos y celebraciones, a\u00f1adiendo un toque profesional a tus decoraciones.<\/p>\n\n\n\n<div class=\"wp-block-buttons is-layout-flex wp-block-buttons-is-layout-flex\">\n<div class=\"wp-block-button is-style-secondary\"><a class=\"wp-block-button__link wp-element-button\" href=\"https:\/\/bretton.com.gt\/index.php\/cinta\/\">Ver Producto<\/a><\/div>\n<\/div>\n<\/div>\n<\/div>\n\n\n\n<div class=\"wp-block-columns is-layout-flex wp-container-core-columns-layout-7 wp-block-columns-is-layout-flex\">\n<div class=\"wp-block-column is-layout-flow wp-block-column-is-layout-flow\" style=\"flex-basis:50%\">\n<figure class=\"wp-block-image size-large\"><img loading=\"lazy\" decoding=\"async\" width=\"1024\" height=\"819\" src=\"https:\/\/bretton.com.gt\/wp-content\/uploads\/2025\/01\/Bretton-Fista.9-1024x819.jpg\" alt=\"\" class=\"wp-image-6143\" style=\"aspect-ratio:4\/3;object-fit:cover\" srcset=\"https:\/\/bretton.com.gt\/wp-content\/uploads\/2025\/01\/Bretton-Fista.9-1024x819.jpg 1024w, https:\/\/bretton.com.gt\/wp-content\/uploads\/2025\/01\/Bretton-Fista.9-300x240.jpg 300w, https:\/\/bretton.com.gt\/wp-content\/uploads\/2025\/01\/Bretton-Fista.9-768x614.jpg 768w, https:\/\/bretton.com.gt\/wp-content\/uploads\/2025\/01\/Bretton-Fista.9-1536x1229.jpg 1536w, https:\/\/bretton.com.gt\/wp-content\/uploads\/2025\/01\/Bretton-Fista.9-2048x1638.jpg 2048w, https:\/\/bretton.com.gt\/wp-content\/uploads\/2025\/01\/Bretton-Fista.9-600x480.jpg 600w\" sizes=\"(max-width: 1024px) 100vw, 1024px\" \/><\/figure>\n<\/div>\n\n\n\n<div class=\"wp-block-column is-vertically-aligned-center is-layout-flow wp-block-column-is-layout-flow\" style=\"flex-basis:50%\">\n<h2 class=\"wp-block-heading\"> Cortinas <\/h2>\n\n\n\n<p>Cortinas met\u00e1licas para decorar fiestas, a\u00f1aden un toque brillante y festivo a cualquier evento. Perfectas para crear fondos llamativos y deslumbrantes en tus celebraciones.<\/p>\n\n\n\n<div class=\"wp-block-buttons is-layout-flex wp-block-buttons-is-layout-flex\">\n<div class=\"wp-block-button is-style-secondary\"><a class=\"wp-block-button__link wp-element-button\" href=\"https:\/\/bretton.com.gt\/index.php\/cortinas\/\">Ver Productos<\/a><\/div>\n<\/div>\n<\/div>\n<\/div>\n\n\n\n<div class=\"wp-block-columns has-palette-color-6-background-color has-background is-layout-flex wp-container-core-columns-layout-8 wp-block-columns-is-layout-flex\">\n<div class=\"wp-block-column is-vertically-aligned-center is-layout-flow wp-block-column-is-layout-flow\" style=\"flex-basis:50%\">\n<figure class=\"wp-block-image size-large\"><img loading=\"lazy\" decoding=\"async\" width=\"1024\" height=\"819\" src=\"https:\/\/bretton.com.gt\/wp-content\/uploads\/2025\/01\/Bretton-Fista.27-1024x819.jpg\" alt=\"\" class=\"wp-image-6141\" style=\"aspect-ratio:4\/3;object-fit:cover\" srcset=\"https:\/\/bretton.com.gt\/wp-content\/uploads\/2025\/01\/Bretton-Fista.27-1024x819.jpg 1024w, https:\/\/bretton.com.gt\/wp-content\/uploads\/2025\/01\/Bretton-Fista.27-300x240.jpg 300w, https:\/\/bretton.com.gt\/wp-content\/uploads\/2025\/01\/Bretton-Fista.27-768x614.jpg 768w, https:\/\/bretton.com.gt\/wp-content\/uploads\/2025\/01\/Bretton-Fista.27-1536x1229.jpg 1536w, https:\/\/bretton.com.gt\/wp-content\/uploads\/2025\/01\/Bretton-Fista.27-2048x1638.jpg 2048w, https:\/\/bretton.com.gt\/wp-content\/uploads\/2025\/01\/Bretton-Fista.27-600x480.jpg 600w\" sizes=\"(max-width: 1024px) 100vw, 1024px\" \/><\/figure>\n<\/div>\n\n\n\n<div class=\"wp-block-column is-layout-flow wp-block-column-is-layout-flow\" style=\"flex-basis:50%\">\n<p> <\/p>\n\n\n\n<h2 class=\"wp-block-heading\">Globos <\/h2>\n\n\n\n<p>Globos de todo tipo, ideales para cualquier ocasi\u00f3n. Disponibles en una variedad de formas, tama\u00f1os y colores, perfectos para decorar y dar vida a tus celebraciones.<\/p>\n\n\n\n<div class=\"wp-block-buttons is-layout-flex wp-block-buttons-is-layout-flex\">\n<div class=\"wp-block-button is-style-secondary\"><a class=\"wp-block-button__link wp-element-button\" href=\"https:\/\/bretton.com.gt\/index.php\/globos\/\">Ver Producto<\/a><\/div>\n<\/div>\n<\/div>\n<\/div>\n\n\n\n<div class=\"wp-block-columns is-layout-flex wp-container-core-columns-layout-9 wp-block-columns-is-layout-flex\">\n<div class=\"wp-block-column is-layout-flow wp-block-column-is-layout-flow\" style=\"flex-basis:50%\">\n<figure class=\"wp-block-image size-large\"><img loading=\"lazy\" decoding=\"async\" width=\"1024\" height=\"819\" src=\"https:\/\/bretton.com.gt\/wp-content\/uploads\/2025\/01\/Bretton-Fista.1-1024x819.jpg\" alt=\"\" class=\"wp-image-6146\" style=\"aspect-ratio:4\/3;object-fit:cover\" srcset=\"https:\/\/bretton.com.gt\/wp-content\/uploads\/2025\/01\/Bretton-Fista.1-1024x819.jpg 1024w, https:\/\/bretton.com.gt\/wp-content\/uploads\/2025\/01\/Bretton-Fista.1-300x240.jpg 300w, https:\/\/bretton.com.gt\/wp-content\/uploads\/2025\/01\/Bretton-Fista.1-768x614.jpg 768w, https:\/\/bretton.com.gt\/wp-content\/uploads\/2025\/01\/Bretton-Fista.1-1536x1229.jpg 1536w, https:\/\/bretton.com.gt\/wp-content\/uploads\/2025\/01\/Bretton-Fista.1-2048x1638.jpg 2048w, https:\/\/bretton.com.gt\/wp-content\/uploads\/2025\/01\/Bretton-Fista.1-600x480.jpg 600w\" sizes=\"(max-width: 1024px) 100vw, 1024px\" \/><\/figure>\n<\/div>\n\n\n\n<div class=\"wp-block-column is-vertically-aligned-center is-layout-flow wp-block-column-is-layout-flow\" style=\"flex-basis:50%\">\n<h2 class=\"wp-block-heading\"> Manteles <\/h2>\n\n\n\n<p>Mantel pl\u00e1stico colorido y resistente, ideal para mesas de fiesta. Su dise\u00f1o festivo no solo protege la superficie, sino que tambi\u00e9n a\u00f1ade un toque alegre a cualquier celebraci\u00f3n, haciendo que la limpieza sea r\u00e1pida                 y sencilla.<\/p>\n\n\n\n<div class=\"wp-block-buttons is-layout-flex wp-block-buttons-is-layout-flex\">\n<div class=\"wp-block-button is-style-secondary\"><a class=\"wp-block-button__link wp-element-button\" href=\"https:\/\/bretton.com.gt\/index.php\/product\/manteles\/\">Ver Productos<\/a><\/div>\n<\/div>\n<\/div>\n<\/div>\n\n\n\n<div class=\"wp-block-columns has-palette-color-6-background-color has-background is-layout-flex wp-container-core-columns-layout-10 wp-block-columns-is-layout-flex\">\n<div class=\"wp-block-column is-vertically-aligned-center is-layout-flow wp-block-column-is-layout-flow\" style=\"flex-basis:50%\">\n<figure class=\"wp-block-image size-large\"><img loading=\"lazy\" decoding=\"async\" width=\"1024\" height=\"819\" src=\"https:\/\/bretton.com.gt\/wp-content\/uploads\/2025\/01\/Bretton-Fista.22-1024x819.jpg\" alt=\"\" class=\"wp-image-6140\" style=\"aspect-ratio:4\/3;object-fit:cover\" srcset=\"https:\/\/bretton.com.gt\/wp-content\/uploads\/2025\/01\/Bretton-Fista.22-1024x819.jpg 1024w, https:\/\/bretton.com.gt\/wp-content\/uploads\/2025\/01\/Bretton-Fista.22-300x240.jpg 300w, https:\/\/bretton.com.gt\/wp-content\/uploads\/2025\/01\/Bretton-Fista.22-768x614.jpg 768w, https:\/\/bretton.com.gt\/wp-content\/uploads\/2025\/01\/Bretton-Fista.22-1536x1229.jpg 1536w, https:\/\/bretton.com.gt\/wp-content\/uploads\/2025\/01\/Bretton-Fista.22-2048x1638.jpg 2048w, https:\/\/bretton.com.gt\/wp-content\/uploads\/2025\/01\/Bretton-Fista.22-600x480.jpg 600w\" sizes=\"(max-width: 1024px) 100vw, 1024px\" \/><\/figure>\n<\/div>\n\n\n\n<div class=\"wp-block-column is-layout-flow wp-block-column-is-layout-flow\" style=\"flex-basis:50%\">\n<p> <\/p>\n\n\n\n<h2 class=\"wp-block-heading\">Velas <\/h2>\n\n\n\n<p>Velas para fiesta en alegres colores y variados dise\u00f1os, perfectas para crear un ambiente festivo y acogedor. Ya sea en una mesa de celebraci\u00f3n o como parte de tu decoraci\u00f3n, estas velas a\u00f1aden un brillo encantador que har\u00e1 que tu evento sea inolvidable.<\/p>\n\n\n\n<div class=\"wp-block-buttons is-layout-flex wp-block-buttons-is-layout-flex\">\n<div class=\"wp-block-button is-style-secondary\"><a class=\"wp-block-button__link wp-element-button\" href=\"https:\/\/bretton.com.gt\/index.php\/velas\/\">Ver Producto<\/a><\/div>\n<\/div>\n<\/div>\n<\/div>\n\n\n\n<div style=\"height:80px\" aria-hidden=\"true\" class=\"wp-block-spacer\"><\/div>\n","protected":false},"excerpt":{"rendered":"<p>Conffeti Desde peque\u00f1os trozos brillantes hasta formas divertidas y coloridas, nuestro confetti transforma eventos en celebraciones inolvidables. Perfecto para fiestas, bodas, y cualquier evento especial. \u00a1Haz que tu celebraci\u00f3n brille con nuestro confetti! Kits Para Fiesta \u00a1Transforma cualquier fiesta con nuestros kits de vasos, platos y servilletas coordinados! Cada set incluye todo lo necesario para [&hellip;]<\/p>\n","protected":false},"author":2,"featured_media":0,"parent":0,"menu_order":0,"comment_status":"closed","ping_status":"closed","template":"","meta":{"_themeisle_gutenberg_block_has_review":false,"_ti_tpc_template_sync":false,"_ti_tpc_template_id":"","footnotes":""},"blocksy_meta":[],"jetpack_sharing_enabled":true,"_links":{"self":[{"href":"https:\/\/bretton.com.gt\/index.php\/wp-json\/wp\/v2\/pages\/2640"}],"collection":[{"href":"https:\/\/bretton.com.gt\/index.php\/wp-json\/wp\/v2\/pages"}],"about":[{"href":"https:\/\/bretton.com.gt\/index.php\/wp-json\/wp\/v2\/types\/page"}],"author":[{"embeddable":true,"href":"https:\/\/bretton.com.gt\/index.php\/wp-json\/wp\/v2\/users\/2"}],"replies":[{"embeddable":true,"href":"https:\/\/bretton.com.gt\/index.php\/wp-json\/wp\/v2\/comments?post=2640"}],"version-history":[{"count":24,"href":"https:\/\/bretton.com.gt\/index.php\/wp-json\/wp\/v2\/pages\/2640\/revisions"}],"predecessor-version":[{"id":7967,"href":"https:\/\/bretton.com.gt\/index.php\/wp-json\/wp\/v2\/pages\/2640\/revisions\/7967"}],"wp:attachment":[{"href":"https:\/\/bretton.com.gt\/index.php\/wp-json\/wp\/v2\/media?parent=2640"}],"curies":[{"name":"wp","href":"https:\/\/api.w.org\/{rel}","templated":true}]}}