{"id":2080,"date":"2024-07-19T17:06:24","date_gmt":"2024-07-19T17:06:24","guid":{"rendered":"https:\/\/bretton.com.gt\/?page_id=2080"},"modified":"2025-07-29T02:03:39","modified_gmt":"2025-07-29T02:03:39","slug":"crepe","status":"publish","type":"page","link":"https:\/\/bretton.com.gt\/index.php\/crepe\/","title":{"rendered":"CREPE"},"content":{"rendered":"\n<div class=\"wp-block-columns is-layout-flex wp-container-core-columns-layout-1 wp-block-columns-is-layout-flex\">\n<div class=\"wp-block-column is-layout-flow wp-block-column-is-layout-flow\">\n<figure class=\"wp-block-image size-large\"><img loading=\"lazy\" decoding=\"async\" width=\"1024\" height=\"768\" src=\"https:\/\/bretton.com.gt\/wp-content\/uploads\/2024\/07\/papel-crepe-1024x768.png\" alt=\"\" class=\"wp-image-1646\" srcset=\"https:\/\/bretton.com.gt\/wp-content\/uploads\/2024\/07\/papel-crepe-1024x768.png 1024w, https:\/\/bretton.com.gt\/wp-content\/uploads\/2024\/07\/papel-crepe-600x450.png 600w, https:\/\/bretton.com.gt\/wp-content\/uploads\/2024\/07\/papel-crepe-300x225.png 300w, https:\/\/bretton.com.gt\/wp-content\/uploads\/2024\/07\/papel-crepe-768x576.png 768w, https:\/\/bretton.com.gt\/wp-content\/uploads\/2024\/07\/papel-crepe-1536x1152.png 1536w, https:\/\/bretton.com.gt\/wp-content\/uploads\/2024\/07\/papel-crepe-2048x1536.png 2048w\" sizes=\"(max-width: 1024px) 100vw, 1024px\" \/><\/figure>\n\n\n\n<h3 class=\"wp-block-heading has-neve-text-color-color has-text-color\">Papel Crepe Liso<\/h3>\n\n\n\n<p class=\"has-neve-text-color-color has-text-color\">Descubre la versatilidad y el color vibrante del papel crep\u00e9 en nuestra colecci\u00f3n de colores lisos. Para decoraciones y manualidades.<\/p>\n\n\n\n<div id=\"wp-block-themeisle-blocks-button-group-8b837c38\" class=\"wp-block-themeisle-blocks-button-group wp-block-buttons\">\n<div id=\"wp-block-themeisle-blocks-button-4398d6ca\" class=\"wp-block-themeisle-blocks-button wp-block-button\"><a href=\"https:\/\/bretton.com.gt\/index.php\/product\/papel-crepe-liso\/\" target=\"_self\" rel=\"noopener noreferrer\" class=\"wp-block-button__link\"><span>Mostrar Producto<\/span><\/a><\/div>\n<\/div>\n<\/div>\n\n\n\n<div class=\"wp-block-column is-layout-flow wp-block-column-is-layout-flow\">\n<figure class=\"wp-block-image size-large\"><img loading=\"lazy\" decoding=\"async\" width=\"763\" height=\"1024\" src=\"https:\/\/bretton.com.gt\/wp-content\/uploads\/2024\/07\/perl-763x1024.png\" alt=\"\" class=\"wp-image-2126\" style=\"aspect-ratio:4\/3;object-fit:cover\" srcset=\"https:\/\/bretton.com.gt\/wp-content\/uploads\/2024\/07\/perl-763x1024.png 763w, https:\/\/bretton.com.gt\/wp-content\/uploads\/2024\/07\/perl-600x805.png 600w, https:\/\/bretton.com.gt\/wp-content\/uploads\/2024\/07\/perl-224x300.png 224w, https:\/\/bretton.com.gt\/wp-content\/uploads\/2024\/07\/perl-768x1030.png 768w, https:\/\/bretton.com.gt\/wp-content\/uploads\/2024\/07\/perl-1145x1536.png 1145w, https:\/\/bretton.com.gt\/wp-content\/uploads\/2024\/07\/perl-1526x2048.png 1526w\" sizes=\"(max-width: 763px) 100vw, 763px\" \/><\/figure>\n\n\n\n<h3 class=\"wp-block-heading has-neve-text-color-color has-text-color\">Papel Crepe Perleado<\/h3>\n\n\n\n<p class=\"has-neve-text-color-color has-text-color\">Perfecto para adornos, manualidades y envolturas que deseen destacar con un brillo suave y delicado.<\/p>\n\n\n\n<div id=\"wp-block-themeisle-blocks-button-group-dff5c212\" class=\"wp-block-themeisle-blocks-button-group wp-block-buttons\">\n<div id=\"wp-block-themeisle-blocks-button-b0d29a4d\" class=\"wp-block-themeisle-blocks-button wp-block-button\"><a href=\"https:\/\/bretton.com.gt\/index.php\/product\/papel-crepe-perleado\/\" target=\"_self\" rel=\"noopener noreferrer\" class=\"wp-block-button__link\"><span>Mostrar Producto<\/span><\/a><\/div>\n<\/div>\n<\/div>\n<\/div>\n\n\n\n<div class=\"wp-block-columns is-layout-flex wp-container-core-columns-layout-2 wp-block-columns-is-layout-flex\">\n<div class=\"wp-block-column is-layout-flow wp-block-column-is-layout-flow\">\n<figure class=\"wp-block-image size-large\"><img loading=\"lazy\" decoding=\"async\" width=\"763\" height=\"1024\" src=\"https:\/\/bretton.com.gt\/wp-content\/uploads\/2024\/07\/metal-763x1024.png\" alt=\"\" class=\"wp-image-2127\" style=\"aspect-ratio:4\/3;object-fit:cover\" srcset=\"https:\/\/bretton.com.gt\/wp-content\/uploads\/2024\/07\/metal-763x1024.png 763w, https:\/\/bretton.com.gt\/wp-content\/uploads\/2024\/07\/metal-600x805.png 600w, https:\/\/bretton.com.gt\/wp-content\/uploads\/2024\/07\/metal-224x300.png 224w, https:\/\/bretton.com.gt\/wp-content\/uploads\/2024\/07\/metal-768x1030.png 768w, https:\/\/bretton.com.gt\/wp-content\/uploads\/2024\/07\/metal-1145x1536.png 1145w, https:\/\/bretton.com.gt\/wp-content\/uploads\/2024\/07\/metal-1526x2048.png 1526w\" sizes=\"(max-width: 763px) 100vw, 763px\" \/><\/figure>\n\n\n\n<h3 class=\"wp-block-heading has-neve-text-color-color has-text-color\">Papel Crepe Metalizado<\/h3>\n\n\n\n<p class=\"has-neve-text-color-color has-text-color\">Disponible en una variedad de tonos met\u00e1licos, este papel crep\u00e9 transforma cualquier ocasi\u00f3n en un evento elegante y memorable.<\/p>\n\n\n\n<div id=\"wp-block-themeisle-blocks-button-group-a174a8fc\" class=\"wp-block-themeisle-blocks-button-group wp-block-buttons\">\n<div id=\"wp-block-themeisle-blocks-button-1a388170\" class=\"wp-block-themeisle-blocks-button wp-block-button\"><a href=\"https:\/\/bretton.com.gt\/index.php\/product\/papel-crepe-metalizado\/\" target=\"_self\" rel=\"noopener noreferrer\" class=\"wp-block-button__link\"><span>Mostrar Producto<\/span><\/a><\/div>\n<\/div>\n<\/div>\n\n\n\n<div class=\"wp-block-column is-layout-flow wp-block-column-is-layout-flow\">\n<figure class=\"wp-block-image size-large\"><img loading=\"lazy\" decoding=\"async\" width=\"763\" height=\"1024\" src=\"https:\/\/bretton.com.gt\/wp-content\/uploads\/2024\/07\/fluo-763x1024.png\" alt=\"\" class=\"wp-image-2128\" style=\"aspect-ratio:4\/3;object-fit:cover\" srcset=\"https:\/\/bretton.com.gt\/wp-content\/uploads\/2024\/07\/fluo-763x1024.png 763w, https:\/\/bretton.com.gt\/wp-content\/uploads\/2024\/07\/fluo-600x805.png 600w, https:\/\/bretton.com.gt\/wp-content\/uploads\/2024\/07\/fluo-224x300.png 224w, https:\/\/bretton.com.gt\/wp-content\/uploads\/2024\/07\/fluo-768x1030.png 768w, https:\/\/bretton.com.gt\/wp-content\/uploads\/2024\/07\/fluo-1145x1536.png 1145w, https:\/\/bretton.com.gt\/wp-content\/uploads\/2024\/07\/fluo-1526x2048.png 1526w\" sizes=\"(max-width: 763px) 100vw, 763px\" \/><\/figure>\n\n\n\n<h3 class=\"wp-block-heading has-neve-text-color-color has-text-color\">Papel Crepe Fluorescente<\/h3>\n\n\n\n<p class=\"has-neve-text-color-color has-text-color\">Perfecto para proyectos decorativos que buscan destacar, este papel ligero y vibrante captura la atenci\u00f3n con sus colores brillantes bajo la luz <\/p>\n\n\n\n<div id=\"wp-block-themeisle-blocks-button-group-8f55bf54\" class=\"wp-block-themeisle-blocks-button-group wp-block-buttons\">\n<div id=\"wp-block-themeisle-blocks-button-0cc7f5b3\" class=\"wp-block-themeisle-blocks-button wp-block-button\"><a href=\"https:\/\/bretton.com.gt\/index.php\/product\/papel-crepe-fosforescente\/\" target=\"_self\" rel=\"noopener noreferrer\" class=\"wp-block-button__link\"><span>Mostrar Producto<\/span><\/a><\/div>\n<\/div>\n<\/div>\n<\/div>\n\n\n\n<div class=\"wp-block-columns is-layout-flex wp-container-core-columns-layout-3 wp-block-columns-is-layout-flex\">\n<div class=\"wp-block-column is-layout-flow wp-block-column-is-layout-flow\">\n<figure class=\"wp-block-image size-large\"><img loading=\"lazy\" decoding=\"async\" width=\"1024\" height=\"683\" src=\"https:\/\/bretton.com.gt\/wp-content\/uploads\/2024\/07\/crepe-coleccion-1024x683.png\" alt=\"\" class=\"wp-image-2125\" srcset=\"https:\/\/bretton.com.gt\/wp-content\/uploads\/2024\/07\/crepe-coleccion-1024x683.png 1024w, https:\/\/bretton.com.gt\/wp-content\/uploads\/2024\/07\/crepe-coleccion-600x400.png 600w, https:\/\/bretton.com.gt\/wp-content\/uploads\/2024\/07\/crepe-coleccion-300x200.png 300w, https:\/\/bretton.com.gt\/wp-content\/uploads\/2024\/07\/crepe-coleccion-768x512.png 768w, https:\/\/bretton.com.gt\/wp-content\/uploads\/2024\/07\/crepe-coleccion-1536x1024.png 1536w, https:\/\/bretton.com.gt\/wp-content\/uploads\/2024\/07\/crepe-coleccion-2048x1365.png 2048w, https:\/\/bretton.com.gt\/wp-content\/uploads\/2024\/07\/crepe-coleccion-930x620.png 930w\" sizes=\"(max-width: 1024px) 100vw, 1024px\" \/><\/figure>\n\n\n\n<h3 class=\"wp-block-heading has-neve-text-color-color has-text-color\">Papel Crepe En Rollitos<\/h3>\n\n\n\n<p class=\"has-neve-text-color-color has-text-color\">Realiza para manualidades, envolturas y decoraciones que requieran flexibilidad y facilidad de uso <\/p>\n\n\n\n<div id=\"wp-block-themeisle-blocks-button-group-342102a3\" class=\"wp-block-themeisle-blocks-button-group wp-block-buttons\">\n<div id=\"wp-block-themeisle-blocks-button-8b53a41f\" class=\"wp-block-themeisle-blocks-button wp-block-button\"><a href=\"https:\/\/bretton.com.gt\/index.php\/product\/papel-de-china-en-rollitos\/\" target=\"_self\" rel=\"noopener noreferrer\" class=\"wp-block-button__link\"><span>Mostrar Producto<\/span><\/a><\/div>\n<\/div>\n<\/div>\n\n\n\n<div class=\"wp-block-column is-layout-flow wp-block-column-is-layout-flow\">\n<h3 class=\"wp-block-heading has-neve-text-color-color has-text-color\"> <\/h3>\n\n\n\n<p class=\"has-neve-text-color-color has-text-color\"> <\/p>\n<\/div>\n<\/div>\n\n\n\n<div style=\"height:50px\" aria-hidden=\"true\" class=\"wp-block-spacer\"><\/div>\n","protected":false},"excerpt":{"rendered":"<p>Papel Crepe Liso Descubre la versatilidad y el color vibrante del papel crep\u00e9 en nuestra colecci\u00f3n de colores lisos. Para decoraciones y manualidades. Papel Crepe Perleado Perfecto para adornos, manualidades y envolturas que deseen destacar con un brillo suave y delicado. Papel Crepe Metalizado Disponible en una variedad de tonos met\u00e1licos, este papel crep\u00e9 transforma [&hellip;]<\/p>\n","protected":false},"author":2,"featured_media":0,"parent":0,"menu_order":0,"comment_status":"closed","ping_status":"closed","template":"","meta":{"_themeisle_gutenberg_block_has_review":false,"_ti_tpc_template_sync":false,"_ti_tpc_template_id":"","footnotes":""},"blocksy_meta":[],"jetpack_sharing_enabled":true,"_links":{"self":[{"href":"https:\/\/bretton.com.gt\/index.php\/wp-json\/wp\/v2\/pages\/2080"}],"collection":[{"href":"https:\/\/bretton.com.gt\/index.php\/wp-json\/wp\/v2\/pages"}],"about":[{"href":"https:\/\/bretton.com.gt\/index.php\/wp-json\/wp\/v2\/types\/page"}],"author":[{"embeddable":true,"href":"https:\/\/bretton.com.gt\/index.php\/wp-json\/wp\/v2\/users\/2"}],"replies":[{"embeddable":true,"href":"https:\/\/bretton.com.gt\/index.php\/wp-json\/wp\/v2\/comments?post=2080"}],"version-history":[{"count":10,"href":"https:\/\/bretton.com.gt\/index.php\/wp-json\/wp\/v2\/pages\/2080\/revisions"}],"predecessor-version":[{"id":7824,"href":"https:\/\/bretton.com.gt\/index.php\/wp-json\/wp\/v2\/pages\/2080\/revisions\/7824"}],"wp:attachment":[{"href":"https:\/\/bretton.com.gt\/index.php\/wp-json\/wp\/v2\/media?parent=2080"}],"curies":[{"name":"wp","href":"https:\/\/api.w.org\/{rel}","templated":true}]}}