{"id":2052,"date":"2024-07-17T21:33:26","date_gmt":"2024-07-17T21:33:26","guid":{"rendered":"https:\/\/bretton.com.gt\/?page_id=2052"},"modified":"2025-08-12T03:33:54","modified_gmt":"2025-08-12T03:33:54","slug":"boligrafos","status":"publish","type":"page","link":"https:\/\/bretton.com.gt\/index.php\/boligrafos\/","title":{"rendered":"Bol\u00edgrafos"},"content":{"rendered":"\n<div style=\"height:80px\" aria-hidden=\"true\" class=\"wp-block-spacer\"><\/div>\n\n\n\n<div class=\"wp-block-columns is-layout-flex wp-container-core-columns-layout-1 wp-block-columns-is-layout-flex\">\n<div class=\"wp-block-column is-layout-flow wp-block-column-is-layout-flow\">\n<figure class=\"wp-block-image size-large\"><img loading=\"lazy\" decoding=\"async\" width=\"1024\" height=\"683\" src=\"https:\/\/bretton.com.gt\/wp-content\/uploads\/2025\/08\/boligrafos-ball-pen.2-1024x683.jpg\" alt=\"\" class=\"wp-image-7982\" style=\"aspect-ratio:4\/3;object-fit:cover\" srcset=\"https:\/\/bretton.com.gt\/wp-content\/uploads\/2025\/08\/boligrafos-ball-pen.2-1024x683.jpg 1024w, https:\/\/bretton.com.gt\/wp-content\/uploads\/2025\/08\/boligrafos-ball-pen.2-300x200.jpg 300w, https:\/\/bretton.com.gt\/wp-content\/uploads\/2025\/08\/boligrafos-ball-pen.2-768x512.jpg 768w, https:\/\/bretton.com.gt\/wp-content\/uploads\/2025\/08\/boligrafos-ball-pen.2-1536x1024.jpg 1536w, https:\/\/bretton.com.gt\/wp-content\/uploads\/2025\/08\/boligrafos-ball-pen.2-2048x1365.jpg 2048w, https:\/\/bretton.com.gt\/wp-content\/uploads\/2025\/08\/boligrafos-ball-pen.2-600x400.jpg 600w\" sizes=\"(max-width: 1024px) 100vw, 1024px\" \/><\/figure>\n\n\n\n<h3 class=\"wp-block-heading has-neve-text-color-color has-text-color\">Bol\u00edgrafo Ball Pen<\/h3>\n\n\n\n<p class=\"has-neve-text-color-color has-text-color\">Utiliza tinta a base de aceite, m\u00e1s viscosa y espesa. Ofrece una escritura m\u00e1s controlada y consistente, y es ideal para uso diario en situaciones donde la durabilidad de la tinta es importante. <\/p>\n\n\n\n<div class=\"wp-block-buttons is-layout-flex wp-block-buttons-is-layout-flex\">\n<div class=\"wp-block-button\"><a class=\"wp-block-button__link wp-element-button\" href=\"https:\/\/bretton.com.gt\/index.php\/product\/boligrafo-ball-pen\/\">Mostrar Productos<\/a><\/div>\n<\/div>\n<\/div>\n\n\n\n<div class=\"wp-block-column is-layout-flow wp-block-column-is-layout-flow\">\n<figure class=\"wp-block-image size-large\"><img loading=\"lazy\" decoding=\"async\" width=\"1024\" height=\"683\" src=\"https:\/\/bretton.com.gt\/wp-content\/uploads\/2025\/08\/boligrafo-roller-ball.1-1024x683.jpg\" alt=\"\" class=\"wp-image-7980\" style=\"aspect-ratio:4\/3;object-fit:cover\" srcset=\"https:\/\/bretton.com.gt\/wp-content\/uploads\/2025\/08\/boligrafo-roller-ball.1-1024x683.jpg 1024w, https:\/\/bretton.com.gt\/wp-content\/uploads\/2025\/08\/boligrafo-roller-ball.1-300x200.jpg 300w, https:\/\/bretton.com.gt\/wp-content\/uploads\/2025\/08\/boligrafo-roller-ball.1-768x512.jpg 768w, https:\/\/bretton.com.gt\/wp-content\/uploads\/2025\/08\/boligrafo-roller-ball.1-1536x1024.jpg 1536w, https:\/\/bretton.com.gt\/wp-content\/uploads\/2025\/08\/boligrafo-roller-ball.1-2048x1366.jpg 2048w, https:\/\/bretton.com.gt\/wp-content\/uploads\/2025\/08\/boligrafo-roller-ball.1-600x400.jpg 600w\" sizes=\"(max-width: 1024px) 100vw, 1024px\" \/><\/figure>\n\n\n\n<h3 class=\"wp-block-heading has-neve-text-color-color has-text-color\">Bol\u00edgrafo Roller Ball<\/h3>\n\n\n\n<p class=\"has-neve-text-color-color has-text-color\">Utiliza tinta l\u00edquida o de gel, similar a la de los estil\u00f3grafos. La tinta l\u00edquida fluye m\u00e1s f\u00e1cilmente, lo que resulta en una escritura m\u00e1s suave y menos presi\u00f3n sobre el papel.<\/p>\n\n\n\n<div class=\"wp-block-buttons is-layout-flex wp-block-buttons-is-layout-flex\">\n<div class=\"wp-block-button\"><a class=\"wp-block-button__link wp-element-button\" href=\"https:\/\/bretton.com.gt\/index.php\/product\/boligrafo-roller-ball\/\">Mostrar Productos<\/a><\/div>\n<\/div>\n<\/div>\n<\/div>\n\n\n\n<div class=\"wp-block-columns is-layout-flex wp-container-core-columns-layout-2 wp-block-columns-is-layout-flex\">\n<div class=\"wp-block-column is-layout-flow wp-block-column-is-layout-flow\">\n<figure class=\"wp-block-image size-large\"><img loading=\"lazy\" decoding=\"async\" width=\"1024\" height=\"819\" src=\"https:\/\/bretton.com.gt\/wp-content\/uploads\/2024\/08\/20704064.4-1024x819.jpg\" alt=\"\" class=\"wp-image-3645\" srcset=\"https:\/\/bretton.com.gt\/wp-content\/uploads\/2024\/08\/20704064.4-1024x819.jpg 1024w, https:\/\/bretton.com.gt\/wp-content\/uploads\/2024\/08\/20704064.4-600x480.jpg 600w, https:\/\/bretton.com.gt\/wp-content\/uploads\/2024\/08\/20704064.4-300x240.jpg 300w, https:\/\/bretton.com.gt\/wp-content\/uploads\/2024\/08\/20704064.4-768x614.jpg 768w, https:\/\/bretton.com.gt\/wp-content\/uploads\/2024\/08\/20704064.4-1536x1229.jpg 1536w, https:\/\/bretton.com.gt\/wp-content\/uploads\/2024\/08\/20704064.4-2048x1638.jpg 2048w\" sizes=\"(max-width: 1024px) 100vw, 1024px\" \/><\/figure>\n\n\n\n<h3 class=\"wp-block-heading has-neve-text-color-color has-text-color\">Bol\u00edgrafo Borrable<\/h3>\n\n\n\n<p class=\"has-neve-text-color-color has-text-color\">Disfruta de la flexibilidad de escribir y corregir con nuestro bol\u00edgrafo borrable. Con tinta especial que se borra f\u00e1cilmente sin dejar residuos, es perfecto para tomar notas, hacer correcciones y organizar tus ideas. <\/p>\n\n\n\n<div class=\"wp-block-buttons is-layout-flex wp-block-buttons-is-layout-flex\">\n<div class=\"wp-block-button\"><a class=\"wp-block-button__link wp-element-button\" href=\"https:\/\/bretton.com.gt\/index.php\/product\/boligrafo-borrable\/\">Mostrar Productos<\/a><\/div>\n<\/div>\n<\/div>\n\n\n\n<div class=\"wp-block-column is-layout-flow wp-block-column-is-layout-flow\">\n<figure class=\"wp-block-image size-large\"><img loading=\"lazy\" decoding=\"async\" width=\"1024\" height=\"819\" src=\"https:\/\/bretton.com.gt\/wp-content\/uploads\/2024\/08\/21312156.3-1024x819.jpg\" alt=\"\" class=\"wp-image-4173\" srcset=\"https:\/\/bretton.com.gt\/wp-content\/uploads\/2024\/08\/21312156.3-1024x819.jpg 1024w, https:\/\/bretton.com.gt\/wp-content\/uploads\/2024\/08\/21312156.3-600x480.jpg 600w, https:\/\/bretton.com.gt\/wp-content\/uploads\/2024\/08\/21312156.3-300x240.jpg 300w, https:\/\/bretton.com.gt\/wp-content\/uploads\/2024\/08\/21312156.3-768x614.jpg 768w, https:\/\/bretton.com.gt\/wp-content\/uploads\/2024\/08\/21312156.3-1536x1229.jpg 1536w, https:\/\/bretton.com.gt\/wp-content\/uploads\/2024\/08\/21312156.3-2048x1638.jpg 2048w\" sizes=\"(max-width: 1024px) 100vw, 1024px\" \/><\/figure>\n\n\n\n<h3 class=\"wp-block-heading has-neve-text-color-color has-text-color\">Bol\u00edgrafo 4 Colores<\/h3>\n\n\n\n<p class=\"has-neve-text-color-color has-text-color\">Descubre la versatilidad de nuestro bol\u00edgrafo de 4 colores en un solo dispositivo. Con un simple clic, cambia entre tinta azul, negra, roja y verde para una escritura din\u00e1mica y organizada.<\/p>\n\n\n\n<div class=\"wp-block-buttons is-layout-flex wp-block-buttons-is-layout-flex\">\n<div class=\"wp-block-button\"><a class=\"wp-block-button__link wp-element-button\" href=\"https:\/\/bretton.com.gt\/index.php\/product\/boligrafo-ball-pen-4-colores\/\">Mostrar Productos<\/a><\/div>\n<\/div>\n<\/div>\n<\/div>\n\n\n\n<div style=\"height:50px\" aria-hidden=\"true\" class=\"wp-block-spacer\"><\/div>\n","protected":false},"excerpt":{"rendered":"<p>Bol\u00edgrafo Ball Pen Utiliza tinta a base de aceite, m\u00e1s viscosa y espesa. Ofrece una escritura m\u00e1s controlada y consistente, y es ideal para uso diario en situaciones donde la durabilidad de la tinta es importante. Bol\u00edgrafo Roller Ball Utiliza tinta l\u00edquida o de gel, similar a la de los estil\u00f3grafos. La tinta l\u00edquida fluye [&hellip;]<\/p>\n","protected":false},"author":1,"featured_media":0,"parent":0,"menu_order":0,"comment_status":"closed","ping_status":"closed","template":"","meta":{"_themeisle_gutenberg_block_has_review":false,"_ti_tpc_template_sync":false,"_ti_tpc_template_id":"","footnotes":""},"blocksy_meta":[],"jetpack_sharing_enabled":true,"_links":{"self":[{"href":"https:\/\/bretton.com.gt\/index.php\/wp-json\/wp\/v2\/pages\/2052"}],"collection":[{"href":"https:\/\/bretton.com.gt\/index.php\/wp-json\/wp\/v2\/pages"}],"about":[{"href":"https:\/\/bretton.com.gt\/index.php\/wp-json\/wp\/v2\/types\/page"}],"author":[{"embeddable":true,"href":"https:\/\/bretton.com.gt\/index.php\/wp-json\/wp\/v2\/users\/1"}],"replies":[{"embeddable":true,"href":"https:\/\/bretton.com.gt\/index.php\/wp-json\/wp\/v2\/comments?post=2052"}],"version-history":[{"count":10,"href":"https:\/\/bretton.com.gt\/index.php\/wp-json\/wp\/v2\/pages\/2052\/revisions"}],"predecessor-version":[{"id":7983,"href":"https:\/\/bretton.com.gt\/index.php\/wp-json\/wp\/v2\/pages\/2052\/revisions\/7983"}],"wp:attachment":[{"href":"https:\/\/bretton.com.gt\/index.php\/wp-json\/wp\/v2\/media?parent=2052"}],"curies":[{"name":"wp","href":"https:\/\/api.w.org\/{rel}","templated":true}]}}