{"id":2026,"date":"2024-07-17T20:36:34","date_gmt":"2024-07-17T20:36:34","guid":{"rendered":"https:\/\/bretton.com.gt\/?page_id=2026"},"modified":"2025-07-23T02:13:19","modified_gmt":"2025-07-23T02:13:19","slug":"cuchilla","status":"publish","type":"page","link":"https:\/\/bretton.com.gt\/index.php\/cuchilla\/","title":{"rendered":"Cuchilla"},"content":{"rendered":"\n<div class=\"wp-block-columns is-layout-flex wp-container-core-columns-layout-1 wp-block-columns-is-layout-flex\">\n<div class=\"wp-block-column is-layout-flow wp-block-column-is-layout-flow\">\n<figure class=\"wp-block-image size-large\"><img loading=\"lazy\" decoding=\"async\" width=\"1024\" height=\"819\" src=\"https:\/\/bretton.com.gt\/wp-content\/uploads\/2025\/07\/20207016.4-1024x819.jpg\" alt=\"\" class=\"wp-image-7626\" style=\"aspect-ratio:4\/3;object-fit:cover\" srcset=\"https:\/\/bretton.com.gt\/wp-content\/uploads\/2025\/07\/20207016.4-1024x819.jpg 1024w, https:\/\/bretton.com.gt\/wp-content\/uploads\/2025\/07\/20207016.4-300x240.jpg 300w, https:\/\/bretton.com.gt\/wp-content\/uploads\/2025\/07\/20207016.4-768x614.jpg 768w, https:\/\/bretton.com.gt\/wp-content\/uploads\/2025\/07\/20207016.4-1536x1229.jpg 1536w, https:\/\/bretton.com.gt\/wp-content\/uploads\/2025\/07\/20207016.4-2048x1638.jpg 2048w, https:\/\/bretton.com.gt\/wp-content\/uploads\/2025\/07\/20207016.4-600x480.jpg 600w\" sizes=\"(max-width: 1024px) 100vw, 1024px\" \/><\/figure>\n\n\n\n<h3 class=\"wp-block-heading has-neve-text-color-color has-text-color\">Cuchillas<\/h3>\n\n\n\n<p class=\"has-neve-text-color-color has-text-color\">Con una hoja afilada de acero inoxidable y un mango ergon\u00f3mico, proporciona un control \u00f3ptimo y comodidad durante su uso. Ideal para manualidades, proyectos de bricolaje y tareas de corte detallado, esta cuchilla es una herramienta imprescindible para cualquier entusiasta de la precisi\u00f3n.<\/p>\n\n\n\n<div class=\"wp-block-buttons is-layout-flex wp-block-buttons-is-layout-flex\">\n<div class=\"wp-block-button\"><a class=\"wp-block-button__link wp-element-button\" href=\"https:\/\/bretton.com.gt\/index.php\/product\/cuchillas\/\">Mostrar Productos<\/a><\/div>\n<\/div>\n<\/div>\n\n\n\n<div class=\"wp-block-column is-layout-flow wp-block-column-is-layout-flow\">\n<figure class=\"wp-block-image size-large\"><img loading=\"lazy\" decoding=\"async\" width=\"1024\" height=\"819\" src=\"https:\/\/bretton.com.gt\/wp-content\/uploads\/2025\/07\/cuchillas-0.5mm.1-2-1024x819.jpg\" alt=\"\" class=\"wp-image-7627\" style=\"aspect-ratio:4\/3;object-fit:cover\" srcset=\"https:\/\/bretton.com.gt\/wp-content\/uploads\/2025\/07\/cuchillas-0.5mm.1-2-1024x819.jpg 1024w, https:\/\/bretton.com.gt\/wp-content\/uploads\/2025\/07\/cuchillas-0.5mm.1-2-300x240.jpg 300w, https:\/\/bretton.com.gt\/wp-content\/uploads\/2025\/07\/cuchillas-0.5mm.1-2-768x614.jpg 768w, https:\/\/bretton.com.gt\/wp-content\/uploads\/2025\/07\/cuchillas-0.5mm.1-2-1536x1229.jpg 1536w, https:\/\/bretton.com.gt\/wp-content\/uploads\/2025\/07\/cuchillas-0.5mm.1-2-2048x1638.jpg 2048w, https:\/\/bretton.com.gt\/wp-content\/uploads\/2025\/07\/cuchillas-0.5mm.1-2-600x480.jpg 600w\" sizes=\"(max-width: 1024px) 100vw, 1024px\" \/><\/figure>\n\n\n\n<h3 class=\"wp-block-heading has-neve-text-color-color has-text-color\">Repuestos de Cuchillas<\/h3>\n\n\n\n<p class=\"has-neve-text-color-color has-text-color\">Mant\u00e9n tu herramienta de corte siempre lista y eficiente con nuestros repuestos de cuchilla de alta calidad. Fabricadas con acero inoxidable duradero,  ofrecen un filo excepcional y una larga vida \u00fatil. Ideales para reemplazar cuchillas desgastadas o da\u00f1adas, nuestros repuestos son f\u00e1ciles de instalar y aseguran un rendimiento \u00f3ptimo.<\/p>\n\n\n\n<div class=\"wp-block-buttons is-layout-flex wp-block-buttons-is-layout-flex\">\n<div class=\"wp-block-button\"><a class=\"wp-block-button__link wp-element-button\" href=\"https:\/\/bretton.com.gt\/index.php\/product\/repuesto-de-cuchilla\/\">Mostrar Productos<\/a><\/div>\n<\/div>\n<\/div>\n<\/div>\n","protected":false},"excerpt":{"rendered":"<p>Cuchillas Con una hoja afilada de acero inoxidable y un mango ergon\u00f3mico, proporciona un control \u00f3ptimo y comodidad durante su uso. Ideal para manualidades, proyectos de bricolaje y tareas de corte detallado, esta cuchilla es una herramienta imprescindible para cualquier entusiasta de la precisi\u00f3n. Repuestos de Cuchillas Mant\u00e9n tu herramienta de corte siempre lista y [&hellip;]<\/p>\n","protected":false},"author":1,"featured_media":0,"parent":0,"menu_order":0,"comment_status":"closed","ping_status":"closed","template":"","meta":{"_themeisle_gutenberg_block_has_review":false,"_ti_tpc_template_sync":false,"_ti_tpc_template_id":"","footnotes":""},"blocksy_meta":[],"jetpack_sharing_enabled":true,"_links":{"self":[{"href":"https:\/\/bretton.com.gt\/index.php\/wp-json\/wp\/v2\/pages\/2026"}],"collection":[{"href":"https:\/\/bretton.com.gt\/index.php\/wp-json\/wp\/v2\/pages"}],"about":[{"href":"https:\/\/bretton.com.gt\/index.php\/wp-json\/wp\/v2\/types\/page"}],"author":[{"embeddable":true,"href":"https:\/\/bretton.com.gt\/index.php\/wp-json\/wp\/v2\/users\/1"}],"replies":[{"embeddable":true,"href":"https:\/\/bretton.com.gt\/index.php\/wp-json\/wp\/v2\/comments?post=2026"}],"version-history":[{"count":4,"href":"https:\/\/bretton.com.gt\/index.php\/wp-json\/wp\/v2\/pages\/2026\/revisions"}],"predecessor-version":[{"id":7628,"href":"https:\/\/bretton.com.gt\/index.php\/wp-json\/wp\/v2\/pages\/2026\/revisions\/7628"}],"wp:attachment":[{"href":"https:\/\/bretton.com.gt\/index.php\/wp-json\/wp\/v2\/media?parent=2026"}],"curies":[{"name":"wp","href":"https:\/\/api.w.org\/{rel}","templated":true}]}}