{"id":1652,"date":"2024-07-15T18:42:37","date_gmt":"2024-07-15T18:42:37","guid":{"rendered":"https:\/\/bretton.com.gt\/?page_id=1652"},"modified":"2024-07-19T20:21:59","modified_gmt":"2024-07-19T20:21:59","slug":"estuches","status":"publish","type":"page","link":"https:\/\/bretton.com.gt\/index.php\/estuches\/","title":{"rendered":"Estuches"},"content":{"rendered":"\n<div style=\"height:80px\" aria-hidden=\"true\" class=\"wp-block-spacer\"><\/div>\n\n\n\n<div class=\"wp-block-columns is-layout-flex wp-container-core-columns-layout-1 wp-block-columns-is-layout-flex\">\n<div class=\"wp-block-column is-layout-flow wp-block-column-is-layout-flow\">\n<figure class=\"wp-block-image size-large\"><img loading=\"lazy\" decoding=\"async\" width=\"1024\" height=\"683\" src=\"https:\/\/bretton.com.gt\/wp-content\/uploads\/2024\/07\/estuches-color-1-1024x683.png\" alt=\"\" class=\"wp-image-2114\" srcset=\"https:\/\/bretton.com.gt\/wp-content\/uploads\/2024\/07\/estuches-color-1-1024x683.png 1024w, https:\/\/bretton.com.gt\/wp-content\/uploads\/2024\/07\/estuches-color-1-600x400.png 600w, https:\/\/bretton.com.gt\/wp-content\/uploads\/2024\/07\/estuches-color-1-300x200.png 300w, https:\/\/bretton.com.gt\/wp-content\/uploads\/2024\/07\/estuches-color-1-768x512.png 768w, https:\/\/bretton.com.gt\/wp-content\/uploads\/2024\/07\/estuches-color-1-1536x1024.png 1536w, https:\/\/bretton.com.gt\/wp-content\/uploads\/2024\/07\/estuches-color-1-2048x1365.png 2048w, https:\/\/bretton.com.gt\/wp-content\/uploads\/2024\/07\/estuches-color-1-930x620.png 930w\" sizes=\"(max-width: 1024px) 100vw, 1024px\" \/><\/figure>\n\n\n\n<h3 class=\"wp-block-heading has-neve-text-color-color has-text-color\">Estuches de Colores<\/h3>\n\n\n\n<p class=\"has-neve-text-color-color has-text-color\">\u00a1Organiza tu espacio con estilo! Nuestros portal\u00e1pices de colores brillantes no solo mantienen tus l\u00e1pices en orden, sino que tambi\u00e9n a\u00f1aden un toque de alegr\u00eda a tu escritorio. Fabricados con materiales duraderos, son perfectos para oficinas, escuelas y hogares creativos.<\/p>\n\n\n\n<div class=\"wp-block-buttons is-layout-flex wp-block-buttons-is-layout-flex\">\n<div class=\"wp-block-button\"><a class=\"wp-block-button__link wp-element-button\" href=\"https:\/\/bretton.com.gt\/index.php\/product\/estuche-de-colores\/\">Mostrar Productos<\/a><\/div>\n<\/div>\n<\/div>\n\n\n\n<div class=\"wp-block-column is-layout-flow wp-block-column-is-layout-flow\">\n<figure class=\"wp-block-image size-large\"><img loading=\"lazy\" decoding=\"async\" width=\"1024\" height=\"683\" src=\"https:\/\/bretton.com.gt\/wp-content\/uploads\/2024\/07\/estuches-diseno-1-1024x683.png\" alt=\"\" class=\"wp-image-2116\" srcset=\"https:\/\/bretton.com.gt\/wp-content\/uploads\/2024\/07\/estuches-diseno-1-1024x683.png 1024w, https:\/\/bretton.com.gt\/wp-content\/uploads\/2024\/07\/estuches-diseno-1-600x400.png 600w, https:\/\/bretton.com.gt\/wp-content\/uploads\/2024\/07\/estuches-diseno-1-300x200.png 300w, https:\/\/bretton.com.gt\/wp-content\/uploads\/2024\/07\/estuches-diseno-1-768x512.png 768w, https:\/\/bretton.com.gt\/wp-content\/uploads\/2024\/07\/estuches-diseno-1-1536x1024.png 1536w, https:\/\/bretton.com.gt\/wp-content\/uploads\/2024\/07\/estuches-diseno-1-2048x1365.png 2048w, https:\/\/bretton.com.gt\/wp-content\/uploads\/2024\/07\/estuches-diseno-1-930x620.png 930w\" sizes=\"(max-width: 1024px) 100vw, 1024px\" \/><\/figure>\n\n\n\n<h3 class=\"wp-block-heading has-neve-text-color-color has-text-color\">Estuches con Dise\u00f1os<\/h3>\n\n\n\n<p class=\"has-neve-text-color-color has-text-color\">\u00a1Haz que el estudio sea m\u00e1s divertido! Con personajes y colores vibrantes, estos portal\u00e1pices no solo son funcionales, sino que tambi\u00e9n a\u00f1aden un toque de diversi\u00f3n al escritorio de tus peque\u00f1os. \u00a1Ideal para inspirar la creatividad en el aula o en casa!<\/p>\n\n\n\n<div class=\"wp-block-buttons is-layout-flex wp-block-buttons-is-layout-flex\">\n<div class=\"wp-block-button\"><a class=\"wp-block-button__link wp-element-button\" href=\"https:\/\/bretton.com.gt\/index.php\/product\/estuche-multicolor\/\">Mostrar Productos<\/a><\/div>\n<\/div>\n<\/div>\n<\/div>\n\n\n\n<div style=\"height:50px\" aria-hidden=\"true\" class=\"wp-block-spacer\"><\/div>\n","protected":false},"excerpt":{"rendered":"<p>Estuches de Colores \u00a1Organiza tu espacio con estilo! Nuestros portal\u00e1pices de colores brillantes no solo mantienen tus l\u00e1pices en orden, sino que tambi\u00e9n a\u00f1aden un toque de alegr\u00eda a tu escritorio. Fabricados con materiales duraderos, son perfectos para oficinas, escuelas y hogares creativos. Estuches con Dise\u00f1os \u00a1Haz que el estudio sea m\u00e1s divertido! Con personajes [&hellip;]<\/p>\n","protected":false},"author":1,"featured_media":0,"parent":0,"menu_order":0,"comment_status":"closed","ping_status":"closed","template":"","meta":{"_themeisle_gutenberg_block_has_review":false,"_ti_tpc_template_sync":false,"_ti_tpc_template_id":"","footnotes":""},"blocksy_meta":[],"jetpack_sharing_enabled":true,"_links":{"self":[{"href":"https:\/\/bretton.com.gt\/index.php\/wp-json\/wp\/v2\/pages\/1652"}],"collection":[{"href":"https:\/\/bretton.com.gt\/index.php\/wp-json\/wp\/v2\/pages"}],"about":[{"href":"https:\/\/bretton.com.gt\/index.php\/wp-json\/wp\/v2\/types\/page"}],"author":[{"embeddable":true,"href":"https:\/\/bretton.com.gt\/index.php\/wp-json\/wp\/v2\/users\/1"}],"replies":[{"embeddable":true,"href":"https:\/\/bretton.com.gt\/index.php\/wp-json\/wp\/v2\/comments?post=1652"}],"version-history":[{"count":6,"href":"https:\/\/bretton.com.gt\/index.php\/wp-json\/wp\/v2\/pages\/1652\/revisions"}],"predecessor-version":[{"id":2122,"href":"https:\/\/bretton.com.gt\/index.php\/wp-json\/wp\/v2\/pages\/1652\/revisions\/2122"}],"wp:attachment":[{"href":"https:\/\/bretton.com.gt\/index.php\/wp-json\/wp\/v2\/media?parent=1652"}],"curies":[{"name":"wp","href":"https:\/\/api.w.org\/{rel}","templated":true}]}}