{"id":1482,"date":"2024-07-12T18:40:15","date_gmt":"2024-07-12T18:40:15","guid":{"rendered":"https:\/\/bretton.com.gt\/?page_id=1482"},"modified":"2025-04-30T00:20:43","modified_gmt":"2025-04-30T00:20:43","slug":"lienzos-y-soportes","status":"publish","type":"page","link":"https:\/\/bretton.com.gt\/index.php\/lienzos-y-soportes\/","title":{"rendered":"LIENZOS Y SOPORTES"},"content":{"rendered":"\n<div class=\"wp-block-columns is-layout-flex wp-container-core-columns-layout-1 wp-block-columns-is-layout-flex\">\n<div class=\"wp-block-column is-layout-flow wp-block-column-is-layout-flow\">\n<figure class=\"wp-block-image size-large\"><img loading=\"lazy\" decoding=\"async\" width=\"755\" height=\"1024\" src=\"https:\/\/bretton.com.gt\/wp-content\/uploads\/2024\/07\/white-poster-leaning-against-wall-755x1024.jpg\" alt=\"\" class=\"wp-image-1811\" style=\"aspect-ratio:3\/4;object-fit:cover\" srcset=\"https:\/\/bretton.com.gt\/wp-content\/uploads\/2024\/07\/white-poster-leaning-against-wall-755x1024.jpg 755w, https:\/\/bretton.com.gt\/wp-content\/uploads\/2024\/07\/white-poster-leaning-against-wall-scaled-600x814.jpg 600w, https:\/\/bretton.com.gt\/wp-content\/uploads\/2024\/07\/white-poster-leaning-against-wall-221x300.jpg 221w, https:\/\/bretton.com.gt\/wp-content\/uploads\/2024\/07\/white-poster-leaning-against-wall-768x1042.jpg 768w, https:\/\/bretton.com.gt\/wp-content\/uploads\/2024\/07\/white-poster-leaning-against-wall-1132x1536.jpg 1132w, https:\/\/bretton.com.gt\/wp-content\/uploads\/2024\/07\/white-poster-leaning-against-wall-1509x2048.jpg 1509w, https:\/\/bretton.com.gt\/wp-content\/uploads\/2024\/07\/white-poster-leaning-against-wall-scaled.jpg 1887w\" sizes=\"(max-width: 755px) 100vw, 755px\" \/><\/figure>\n\n\n\n<h3 class=\"wp-block-heading has-neve-text-color-color has-text-color\">Lienzos<\/h3>\n\n\n\n<p class=\"has-neve-text-color-color has-text-color\">La base perfecta para expresar tu creatividad. Disponibles en diversos tama\u00f1os y formatos, ideales para pinturas al \u00f3leo, acr\u00edlicos y m\u00e1s.<\/p>\n\n\n\n<div id=\"wp-block-themeisle-blocks-button-group-f5d49643\" class=\"wp-block-themeisle-blocks-button-group wp-block-buttons\">\n<div id=\"wp-block-themeisle-blocks-button-f72752c8\" class=\"wp-block-themeisle-blocks-button wp-block-button\"><a href=\"https:\/\/bretton.com.gt\/index.php\/product\/lienzos\/\" target=\"_self\" rel=\"noopener noreferrer\" class=\"wp-block-button__link\"><span>Mostrar  Producto<\/span><\/a><\/div>\n<\/div>\n<\/div>\n\n\n\n<div class=\"wp-block-column is-layout-flow wp-block-column-is-layout-flow\">\n<figure class=\"wp-block-image size-large\"><img loading=\"lazy\" decoding=\"async\" width=\"819\" height=\"1024\" src=\"https:\/\/bretton.com.gt\/wp-content\/uploads\/2024\/07\/home-interior-design-with-copy-space-819x1024.jpg\" alt=\"\" class=\"wp-image-1812\" style=\"aspect-ratio:3\/4;object-fit:cover\" srcset=\"https:\/\/bretton.com.gt\/wp-content\/uploads\/2024\/07\/home-interior-design-with-copy-space-819x1024.jpg 819w, https:\/\/bretton.com.gt\/wp-content\/uploads\/2024\/07\/home-interior-design-with-copy-space-scaled-600x750.jpg 600w, https:\/\/bretton.com.gt\/wp-content\/uploads\/2024\/07\/home-interior-design-with-copy-space-240x300.jpg 240w, https:\/\/bretton.com.gt\/wp-content\/uploads\/2024\/07\/home-interior-design-with-copy-space-768x960.jpg 768w, https:\/\/bretton.com.gt\/wp-content\/uploads\/2024\/07\/home-interior-design-with-copy-space-1229x1536.jpg 1229w, https:\/\/bretton.com.gt\/wp-content\/uploads\/2024\/07\/home-interior-design-with-copy-space-1638x2048.jpg 1638w, https:\/\/bretton.com.gt\/wp-content\/uploads\/2024\/07\/home-interior-design-with-copy-space-scaled.jpg 2048w\" sizes=\"(max-width: 819px) 100vw, 819px\" \/><\/figure>\n\n\n\n<h3 class=\"wp-block-heading has-neve-text-color-color has-text-color\">Caballetes<\/h3>\n\n\n\n<p class=\"has-neve-text-color-color has-text-color\">Soportes estables y ajustables para lienzos de distintos tama\u00f1os. Ideales para artistas que buscan comodidad y estabilidad mientras trabajan.<\/p>\n\n\n\n<div id=\"wp-block-themeisle-blocks-button-group-fd020a1d\" class=\"wp-block-themeisle-blocks-button-group wp-block-buttons\">\n<div id=\"wp-block-themeisle-blocks-button-3f4451be\" class=\"wp-block-themeisle-blocks-button wp-block-button\"><a href=\"https:\/\/bretton.com.gt\/index.php\/product\/caballetes\/\" target=\"_self\" rel=\"noopener noreferrer\" class=\"wp-block-button__link\"><span>Mostrar Producto<\/span><\/a><\/div>\n<\/div>\n<\/div>\n<\/div>\n\n\n\n<div style=\"height:50px\" aria-hidden=\"true\" class=\"wp-block-spacer\"><\/div>\n","protected":false},"excerpt":{"rendered":"<p>Lienzos La base perfecta para expresar tu creatividad. Disponibles en diversos tama\u00f1os y formatos, ideales para pinturas al \u00f3leo, acr\u00edlicos y m\u00e1s. Caballetes Soportes estables y ajustables para lienzos de distintos tama\u00f1os. Ideales para artistas que buscan comodidad y estabilidad mientras trabajan.<\/p>\n","protected":false},"author":2,"featured_media":0,"parent":0,"menu_order":0,"comment_status":"closed","ping_status":"closed","template":"","meta":{"_themeisle_gutenberg_block_has_review":false,"_ti_tpc_template_sync":false,"_ti_tpc_template_id":"","footnotes":""},"blocksy_meta":[],"jetpack_sharing_enabled":true,"_links":{"self":[{"href":"https:\/\/bretton.com.gt\/index.php\/wp-json\/wp\/v2\/pages\/1482"}],"collection":[{"href":"https:\/\/bretton.com.gt\/index.php\/wp-json\/wp\/v2\/pages"}],"about":[{"href":"https:\/\/bretton.com.gt\/index.php\/wp-json\/wp\/v2\/types\/page"}],"author":[{"embeddable":true,"href":"https:\/\/bretton.com.gt\/index.php\/wp-json\/wp\/v2\/users\/2"}],"replies":[{"embeddable":true,"href":"https:\/\/bretton.com.gt\/index.php\/wp-json\/wp\/v2\/comments?post=1482"}],"version-history":[{"count":4,"href":"https:\/\/bretton.com.gt\/index.php\/wp-json\/wp\/v2\/pages\/1482\/revisions"}],"predecessor-version":[{"id":7596,"href":"https:\/\/bretton.com.gt\/index.php\/wp-json\/wp\/v2\/pages\/1482\/revisions\/7596"}],"wp:attachment":[{"href":"https:\/\/bretton.com.gt\/index.php\/wp-json\/wp\/v2\/media?parent=1482"}],"curies":[{"name":"wp","href":"https:\/\/api.w.org\/{rel}","templated":true}]}}