{"id":1481,"date":"2024-07-12T18:25:46","date_gmt":"2024-07-12T18:25:46","guid":{"rendered":"https:\/\/bretton.com.gt\/?page_id=1481"},"modified":"2024-07-17T16:11:27","modified_gmt":"2024-07-17T16:11:27","slug":"silicon","status":"publish","type":"page","link":"https:\/\/bretton.com.gt\/index.php\/silicon\/","title":{"rendered":"Silic\u00f3n"},"content":{"rendered":"\n<div style=\"height:80px\" aria-hidden=\"true\" class=\"wp-block-spacer\"><\/div>\n\n\n\n<div class=\"wp-block-columns is-layout-flex wp-container-core-columns-layout-1 wp-block-columns-is-layout-flex\">\n<div class=\"wp-block-column is-layout-flow wp-block-column-is-layout-flow\">\n<figure class=\"wp-block-image size-large\"><img loading=\"lazy\" decoding=\"async\" width=\"1024\" height=\"1024\" src=\"https:\/\/bretton.com.gt\/wp-content\/uploads\/2024\/07\/Contenido-1024x1024.jpg\" alt=\"\" class=\"wp-image-1429\" srcset=\"https:\/\/bretton.com.gt\/wp-content\/uploads\/2024\/07\/Contenido-1024x1024.jpg 1024w, https:\/\/bretton.com.gt\/wp-content\/uploads\/2024\/07\/Contenido-300x300.jpg 300w, https:\/\/bretton.com.gt\/wp-content\/uploads\/2024\/07\/Contenido-100x100.jpg 100w, https:\/\/bretton.com.gt\/wp-content\/uploads\/2024\/07\/Contenido-600x600.jpg 600w, https:\/\/bretton.com.gt\/wp-content\/uploads\/2024\/07\/Contenido-150x150.jpg 150w, https:\/\/bretton.com.gt\/wp-content\/uploads\/2024\/07\/Contenido-768x768.jpg 768w, https:\/\/bretton.com.gt\/wp-content\/uploads\/2024\/07\/Contenido-50x50.jpg 50w, https:\/\/bretton.com.gt\/wp-content\/uploads\/2024\/07\/Contenido.jpg 1200w\" sizes=\"(max-width: 1024px) 100vw, 1024px\" \/><\/figure>\n\n\n\n<h3 class=\"wp-block-heading has-neve-text-color-color has-text-color\">Silic\u00f3n L\u00edquido<\/h3>\n\n\n\n<p class=\"has-neve-text-color-color has-text-color\">Nuestro silic\u00f3n l\u00edquido es la soluci\u00f3n ideal para todos tus proyectos de manualidades y bricolaje. Con una f\u00f3rmula de alta calidad que garantiza una adhesi\u00f3n fuerte y duradera, este silic\u00f3n es perfecto para pegar una variedad de materiales como papel, cart\u00f3n, tela, pl\u00e1stico y m\u00e1s.<\/p>\n\n\n\n<div class=\"wp-block-buttons is-layout-flex wp-block-buttons-is-layout-flex\">\n<div class=\"wp-block-button\"><a class=\"wp-block-button__link wp-element-button\" href=\"https:\/\/bretton.com.gt\/index.php\/product\/silicon-liquido\/\">Mostrar Productos<\/a><\/div>\n<\/div>\n<\/div>\n\n\n\n<div class=\"wp-block-column is-layout-flow wp-block-column-is-layout-flow\">\n<figure class=\"wp-block-image size-large\"><img loading=\"lazy\" decoding=\"async\" width=\"1024\" height=\"1024\" src=\"https:\/\/bretton.com.gt\/wp-content\/uploads\/2024\/07\/Barra-Silicon-Gruesa-7-1024x1024.jpg\" alt=\"\" class=\"wp-image-1888\" srcset=\"https:\/\/bretton.com.gt\/wp-content\/uploads\/2024\/07\/Barra-Silicon-Gruesa-7-1024x1024.jpg 1024w, https:\/\/bretton.com.gt\/wp-content\/uploads\/2024\/07\/Barra-Silicon-Gruesa-7-300x300.jpg 300w, https:\/\/bretton.com.gt\/wp-content\/uploads\/2024\/07\/Barra-Silicon-Gruesa-7-100x100.jpg 100w, https:\/\/bretton.com.gt\/wp-content\/uploads\/2024\/07\/Barra-Silicon-Gruesa-7-600x600.jpg 600w, https:\/\/bretton.com.gt\/wp-content\/uploads\/2024\/07\/Barra-Silicon-Gruesa-7-150x150.jpg 150w, https:\/\/bretton.com.gt\/wp-content\/uploads\/2024\/07\/Barra-Silicon-Gruesa-7-768x768.jpg 768w, https:\/\/bretton.com.gt\/wp-content\/uploads\/2024\/07\/Barra-Silicon-Gruesa-7-50x50.jpg 50w, https:\/\/bretton.com.gt\/wp-content\/uploads\/2024\/07\/Barra-Silicon-Gruesa-7.jpg 1200w\" sizes=\"(max-width: 1024px) 100vw, 1024px\" \/><\/figure>\n\n\n\n<h3 class=\"wp-block-heading has-neve-text-color-color has-text-color\">Barra de Silic\u00f3n<\/h3>\n\n\n\n<p class=\"has-neve-text-color-color has-text-color\">Cada barra de silic\u00f3n se derrite uniformemente, proporcionando un flujo constante y suave que facilita la aplicaci\u00f3n precisa y controlada. Disponible en varios tama\u00f1os, garantizando siempre resultados profesionales.<\/p>\n\n\n\n<div class=\"wp-block-buttons is-layout-flex wp-block-buttons-is-layout-flex\">\n<div class=\"wp-block-button\"><a class=\"wp-block-button__link wp-element-button\" href=\"https:\/\/bretton.com.gt\/index.php\/product\/barra-silicon\/\">Mostrar Productos<\/a><\/div>\n<\/div>\n<\/div>\n<\/div>\n","protected":false},"excerpt":{"rendered":"<p>Silic\u00f3n L\u00edquido Nuestro silic\u00f3n l\u00edquido es la soluci\u00f3n ideal para todos tus proyectos de manualidades y bricolaje. Con una f\u00f3rmula de alta calidad que garantiza una adhesi\u00f3n fuerte y duradera, este silic\u00f3n es perfecto para pegar una variedad de materiales como papel, cart\u00f3n, tela, pl\u00e1stico y m\u00e1s. Barra de Silic\u00f3n Cada barra de silic\u00f3n se [&hellip;]<\/p>\n","protected":false},"author":1,"featured_media":0,"parent":0,"menu_order":0,"comment_status":"closed","ping_status":"closed","template":"","meta":{"_themeisle_gutenberg_block_has_review":false,"_ti_tpc_template_sync":false,"_ti_tpc_template_id":"","footnotes":""},"blocksy_meta":[],"jetpack_sharing_enabled":true,"_links":{"self":[{"href":"https:\/\/bretton.com.gt\/index.php\/wp-json\/wp\/v2\/pages\/1481"}],"collection":[{"href":"https:\/\/bretton.com.gt\/index.php\/wp-json\/wp\/v2\/pages"}],"about":[{"href":"https:\/\/bretton.com.gt\/index.php\/wp-json\/wp\/v2\/types\/page"}],"author":[{"embeddable":true,"href":"https:\/\/bretton.com.gt\/index.php\/wp-json\/wp\/v2\/users\/1"}],"replies":[{"embeddable":true,"href":"https:\/\/bretton.com.gt\/index.php\/wp-json\/wp\/v2\/comments?post=1481"}],"version-history":[{"count":6,"href":"https:\/\/bretton.com.gt\/index.php\/wp-json\/wp\/v2\/pages\/1481\/revisions"}],"predecessor-version":[{"id":2001,"href":"https:\/\/bretton.com.gt\/index.php\/wp-json\/wp\/v2\/pages\/1481\/revisions\/2001"}],"wp:attachment":[{"href":"https:\/\/bretton.com.gt\/index.php\/wp-json\/wp\/v2\/media?parent=1481"}],"curies":[{"name":"wp","href":"https:\/\/api.w.org\/{rel}","templated":true}]}}