{"id":1055,"date":"2024-07-12T00:09:58","date_gmt":"2024-07-12T00:09:58","guid":{"rendered":"https:\/\/bretton.com.gt\/?page_id=1055"},"modified":"2025-07-29T03:57:09","modified_gmt":"2025-07-29T03:57:09","slug":"crear","status":"publish","type":"page","link":"https:\/\/bretton.com.gt\/index.php\/crear\/","title":{"rendered":"Crear"},"content":{"rendered":"\n<div class=\"wp-block-cover alignfull is-light\" style=\"min-height:360px\"><span aria-hidden=\"true\" class=\"wp-block-cover__background has-neve-link-color-background-color has-background-dim\"><\/span><img loading=\"lazy\" decoding=\"async\" width=\"6000\" height=\"4000\" class=\"wp-block-cover__image-background wp-image-2564\" alt=\"\" src=\"https:\/\/bretton.com.gt\/wp-content\/uploads\/2024\/08\/CREAR_01.png\" data-object-fit=\"cover\" srcset=\"https:\/\/bretton.com.gt\/wp-content\/uploads\/2024\/08\/CREAR_01.png 6000w, https:\/\/bretton.com.gt\/wp-content\/uploads\/2024\/08\/CREAR_01-600x400.png 600w, https:\/\/bretton.com.gt\/wp-content\/uploads\/2024\/08\/CREAR_01-300x200.png 300w, https:\/\/bretton.com.gt\/wp-content\/uploads\/2024\/08\/CREAR_01-1024x683.png 1024w, https:\/\/bretton.com.gt\/wp-content\/uploads\/2024\/08\/CREAR_01-768x512.png 768w, https:\/\/bretton.com.gt\/wp-content\/uploads\/2024\/08\/CREAR_01-1536x1024.png 1536w, https:\/\/bretton.com.gt\/wp-content\/uploads\/2024\/08\/CREAR_01-2048x1365.png 2048w, https:\/\/bretton.com.gt\/wp-content\/uploads\/2024\/08\/CREAR_01-930x620.png 930w\" sizes=\"(max-width: 6000px) 100vw, 6000px\" \/><div class=\"wp-block-cover__inner-container is-layout-flow wp-block-cover-is-layout-flow\">\n<div style=\"height:100px\" aria-hidden=\"true\" class=\"wp-block-spacer\"><\/div>\n\n\n\n<h1 class=\"wp-block-heading has-text-align-center has-nv-text-dark-bg-color has-text-color\">Nuestros Productos<\/h1>\n\n\n\n<div style=\"height:100px\" aria-hidden=\"true\" class=\"wp-block-spacer\"><\/div>\n<\/div><\/div>\n\n\n\n<div style=\"height:80px\" aria-hidden=\"true\" class=\"wp-block-spacer\"><\/div>\n\n\n\n<div class=\"wp-block-columns is-layout-flex wp-container-core-columns-layout-1 wp-block-columns-is-layout-flex\">\n<div class=\"wp-block-column is-layout-flow wp-block-column-is-layout-flow\" style=\"flex-basis:50%\">\n<figure class=\"wp-block-image size-large\"><img loading=\"lazy\" decoding=\"async\" width=\"1024\" height=\"819\" src=\"https:\/\/bretton.com.gt\/wp-content\/uploads\/2024\/07\/Pintura-5-1024x819.jpg\" alt=\"\" class=\"wp-image-1304\" style=\"aspect-ratio:4\/3;object-fit:cover\" srcset=\"https:\/\/bretton.com.gt\/wp-content\/uploads\/2024\/07\/Pintura-5-1024x819.jpg 1024w, https:\/\/bretton.com.gt\/wp-content\/uploads\/2024\/07\/Pintura-5-600x480.jpg 600w, https:\/\/bretton.com.gt\/wp-content\/uploads\/2024\/07\/Pintura-5-300x240.jpg 300w, https:\/\/bretton.com.gt\/wp-content\/uploads\/2024\/07\/Pintura-5-768x614.jpg 768w, https:\/\/bretton.com.gt\/wp-content\/uploads\/2024\/07\/Pintura-5.jpg 1500w\" sizes=\"(max-width: 1024px) 100vw, 1024px\" \/><\/figure>\n<\/div>\n\n\n\n<div class=\"wp-block-column is-vertically-aligned-center is-layout-flow wp-block-column-is-layout-flow\" style=\"flex-basis:50%\">\n<h2 class=\"wp-block-heading\"> Blocks Varios<\/h2>\n\n\n\n<p>Colecci\u00f3n de hojas de cartulina en varios colores y tama\u00f1os, ideales para proyectos art\u00edsticos, escolares y manualidades. Listas para inspirar tu creatividad con su calidad y versatilidad.<\/p>\n\n\n\n<div class=\"wp-block-buttons is-layout-flex wp-block-buttons-is-layout-flex\">\n<div class=\"wp-block-button is-style-secondary\"><a class=\"wp-block-button__link wp-element-button\" href=\"https:\/\/bretton.com.gt\/index.php\/blocks-varios\/\">Ver Productos<\/a><\/div>\n<\/div>\n<\/div>\n<\/div>\n\n\n\n<div class=\"wp-block-columns has-palette-color-6-background-color has-background is-layout-flex wp-container-core-columns-layout-2 wp-block-columns-is-layout-flex\">\n<div class=\"wp-block-column is-vertically-aligned-center is-layout-flow wp-block-column-is-layout-flow\" style=\"flex-basis:50%\">\n<figure class=\"wp-block-image size-large\"><img loading=\"lazy\" decoding=\"async\" width=\"1024\" height=\"769\" src=\"https:\/\/bretton.com.gt\/wp-content\/uploads\/2024\/07\/papel-colores-02-1024x769.png\" alt=\"\" class=\"wp-image-1645\" style=\"aspect-ratio:4\/3;object-fit:cover\" srcset=\"https:\/\/bretton.com.gt\/wp-content\/uploads\/2024\/07\/papel-colores-02-1024x769.png 1024w, https:\/\/bretton.com.gt\/wp-content\/uploads\/2024\/07\/papel-colores-02-600x451.png 600w, https:\/\/bretton.com.gt\/wp-content\/uploads\/2024\/07\/papel-colores-02-300x225.png 300w, https:\/\/bretton.com.gt\/wp-content\/uploads\/2024\/07\/papel-colores-02-768x577.png 768w, https:\/\/bretton.com.gt\/wp-content\/uploads\/2024\/07\/papel-colores-02-1536x1154.png 1536w, https:\/\/bretton.com.gt\/wp-content\/uploads\/2024\/07\/papel-colores-02-2048x1539.png 2048w\" sizes=\"(max-width: 1024px) 100vw, 1024px\" \/><\/figure>\n<\/div>\n\n\n\n<div class=\"wp-block-column is-layout-flow wp-block-column-is-layout-flow\" style=\"flex-basis:50%\">\n<p> <\/p>\n\n\n\n<h2 class=\"wp-block-heading\">Cartulinas<\/h2>\n\n\n\n<p>Papeles de colores perfectos para proyectos escolares, manualidades y arte. Disponibles en diversos colores y tama\u00f1os para adaptarse a todas tus necesidades creativas.<\/p>\n\n\n\n<div class=\"wp-block-buttons is-layout-flex wp-block-buttons-is-layout-flex\">\n<div class=\"wp-block-button is-style-secondary\"><a class=\"wp-block-button__link wp-element-button\" href=\"https:\/\/bretton.com.gt\/index.php\/cartulina\/\">Ver Productos<\/a><\/div>\n<\/div>\n<\/div>\n<\/div>\n\n\n\n<div class=\"wp-block-columns is-layout-flex wp-container-core-columns-layout-3 wp-block-columns-is-layout-flex\">\n<div class=\"wp-block-column is-layout-flow wp-block-column-is-layout-flow\" style=\"flex-basis:50%\">\n<figure class=\"wp-block-image size-large\"><img loading=\"lazy\" decoding=\"async\" width=\"1024\" height=\"819\" src=\"https:\/\/bretton.com.gt\/wp-content\/uploads\/2024\/09\/Papel-celofan-2-1024x819.jpg\" alt=\"\" class=\"wp-image-5006\" style=\"aspect-ratio:4\/3;object-fit:cover\" srcset=\"https:\/\/bretton.com.gt\/wp-content\/uploads\/2024\/09\/Papel-celofan-2-1024x819.jpg 1024w, https:\/\/bretton.com.gt\/wp-content\/uploads\/2024\/09\/Papel-celofan-2-600x480.jpg 600w, https:\/\/bretton.com.gt\/wp-content\/uploads\/2024\/09\/Papel-celofan-2-300x240.jpg 300w, https:\/\/bretton.com.gt\/wp-content\/uploads\/2024\/09\/Papel-celofan-2-768x614.jpg 768w, https:\/\/bretton.com.gt\/wp-content\/uploads\/2024\/09\/Papel-celofan-2-1536x1229.jpg 1536w, https:\/\/bretton.com.gt\/wp-content\/uploads\/2024\/09\/Papel-celofan-2-2048x1638.jpg 2048w\" sizes=\"(max-width: 1024px) 100vw, 1024px\" \/><\/figure>\n<\/div>\n\n\n\n<div class=\"wp-block-column is-vertically-aligned-center is-layout-flow wp-block-column-is-layout-flow\" style=\"flex-basis:50%\">\n<h2 class=\"wp-block-heading\"> Papel Celof\u00e1n<\/h2>\n\n\n\n<p>Descubre la translucidez y la vivacidad de nuestro papel celof\u00e1n. Perfecto para manualidades, decoraciones y envolturas, este papel ligero y brillante a\u00f1ade un toque de color y elegancia a tus proyectos.<\/p>\n\n\n\n<div class=\"wp-block-buttons is-layout-flex wp-block-buttons-is-layout-flex\">\n<div class=\"wp-block-button is-style-secondary\"><a class=\"wp-block-button__link wp-element-button\" href=\"https:\/\/bretton.com.gt\/index.php\/product\/papel-celofan\/\">Ver Producto<\/a><\/div>\n<\/div>\n<\/div>\n<\/div>\n\n\n\n<div class=\"wp-block-columns has-palette-color-6-background-color has-background is-layout-flex wp-container-core-columns-layout-4 wp-block-columns-is-layout-flex\">\n<div class=\"wp-block-column is-vertically-aligned-center is-layout-flow wp-block-column-is-layout-flow\" style=\"flex-basis:50%\">\n<figure class=\"wp-block-image size-large\"><img loading=\"lazy\" decoding=\"async\" width=\"1024\" height=\"768\" src=\"https:\/\/bretton.com.gt\/wp-content\/uploads\/2024\/07\/papel-crepe-1024x768.png\" alt=\"\" class=\"wp-image-1646\" style=\"aspect-ratio:4\/3;object-fit:cover\" srcset=\"https:\/\/bretton.com.gt\/wp-content\/uploads\/2024\/07\/papel-crepe-1024x768.png 1024w, https:\/\/bretton.com.gt\/wp-content\/uploads\/2024\/07\/papel-crepe-600x450.png 600w, https:\/\/bretton.com.gt\/wp-content\/uploads\/2024\/07\/papel-crepe-300x225.png 300w, https:\/\/bretton.com.gt\/wp-content\/uploads\/2024\/07\/papel-crepe-768x576.png 768w, https:\/\/bretton.com.gt\/wp-content\/uploads\/2024\/07\/papel-crepe-1536x1152.png 1536w, https:\/\/bretton.com.gt\/wp-content\/uploads\/2024\/07\/papel-crepe-2048x1536.png 2048w\" sizes=\"(max-width: 1024px) 100vw, 1024px\" \/><\/figure>\n<\/div>\n\n\n\n<div class=\"wp-block-column is-layout-flow wp-block-column-is-layout-flow\" style=\"flex-basis:50%\">\n<p> <\/p>\n\n\n\n<h2 class=\"wp-block-heading\">Papel Crepe<\/h2>\n\n\n\n<p>Descubre la versatilidad y la textura \u00fanica de nuestro papel crep\u00e9. Ligero y f\u00e1cil de manipular, este papel ofrece una amplia gama de colores vibrantes para tus proyectos creativos y decorativos.<\/p>\n\n\n\n<div class=\"wp-block-buttons is-layout-flex wp-block-buttons-is-layout-flex\">\n<div class=\"wp-block-button is-style-secondary\"><a class=\"wp-block-button__link wp-element-button\" href=\"https:\/\/bretton.com.gt\/index.php\/crepe\/\">Ver Productos<\/a><\/div>\n<\/div>\n<\/div>\n<\/div>\n\n\n\n<div class=\"wp-block-columns is-layout-flex wp-container-core-columns-layout-5 wp-block-columns-is-layout-flex\">\n<div class=\"wp-block-column is-layout-flow wp-block-column-is-layout-flow\" style=\"flex-basis:50%\">\n<figure class=\"wp-block-image size-large\"><img loading=\"lazy\" decoding=\"async\" width=\"1024\" height=\"768\" src=\"https:\/\/bretton.com.gt\/wp-content\/uploads\/2024\/07\/papel-china-colores-02-1024x768.png\" alt=\"\" class=\"wp-image-1647\" style=\"aspect-ratio:4\/3;object-fit:cover\" srcset=\"https:\/\/bretton.com.gt\/wp-content\/uploads\/2024\/07\/papel-china-colores-02-1024x768.png 1024w, https:\/\/bretton.com.gt\/wp-content\/uploads\/2024\/07\/papel-china-colores-02-600x450.png 600w, https:\/\/bretton.com.gt\/wp-content\/uploads\/2024\/07\/papel-china-colores-02-300x225.png 300w, https:\/\/bretton.com.gt\/wp-content\/uploads\/2024\/07\/papel-china-colores-02-768x576.png 768w, https:\/\/bretton.com.gt\/wp-content\/uploads\/2024\/07\/papel-china-colores-02-1536x1152.png 1536w, https:\/\/bretton.com.gt\/wp-content\/uploads\/2024\/07\/papel-china-colores-02-2048x1536.png 2048w\" sizes=\"(max-width: 1024px) 100vw, 1024px\" \/><\/figure>\n<\/div>\n\n\n\n<div class=\"wp-block-column is-vertically-aligned-center is-layout-flow wp-block-column-is-layout-flow\" style=\"flex-basis:50%\">\n<h2 class=\"wp-block-heading\"> Papel de China<\/h2>\n\n\n\n<p>Conocido por su textura transl\u00facida y resistencia, es ideal para manualidades, decoraciones y envolturas que requieren delicadeza y sutileza.<\/p>\n\n\n\n<div class=\"wp-block-buttons is-layout-flex wp-block-buttons-is-layout-flex\">\n<div class=\"wp-block-button is-style-secondary\"><a class=\"wp-block-button__link wp-element-button\" href=\"https:\/\/bretton.com.gt\/index.php\/papel-de-china\/\">Ver Productos<\/a><\/div>\n<\/div>\n<\/div>\n<\/div>\n\n\n\n<div class=\"wp-block-columns has-palette-color-6-background-color has-background is-layout-flex wp-container-core-columns-layout-6 wp-block-columns-is-layout-flex\">\n<div class=\"wp-block-column is-vertically-aligned-center is-layout-flow wp-block-column-is-layout-flow\" style=\"flex-basis:50%\">\n<figure class=\"wp-block-image size-large\"><img loading=\"lazy\" decoding=\"async\" width=\"1024\" height=\"683\" src=\"https:\/\/bretton.com.gt\/wp-content\/uploads\/2025\/07\/Papel-Lustre-grupal.1-1024x683.jpg\" alt=\"\" class=\"wp-image-7937\" style=\"aspect-ratio:4\/3;object-fit:cover\" srcset=\"https:\/\/bretton.com.gt\/wp-content\/uploads\/2025\/07\/Papel-Lustre-grupal.1-1024x683.jpg 1024w, https:\/\/bretton.com.gt\/wp-content\/uploads\/2025\/07\/Papel-Lustre-grupal.1-300x200.jpg 300w, https:\/\/bretton.com.gt\/wp-content\/uploads\/2025\/07\/Papel-Lustre-grupal.1-768x512.jpg 768w, https:\/\/bretton.com.gt\/wp-content\/uploads\/2025\/07\/Papel-Lustre-grupal.1-1536x1024.jpg 1536w, https:\/\/bretton.com.gt\/wp-content\/uploads\/2025\/07\/Papel-Lustre-grupal.1-2048x1365.jpg 2048w, https:\/\/bretton.com.gt\/wp-content\/uploads\/2025\/07\/Papel-Lustre-grupal.1-600x400.jpg 600w\" sizes=\"(max-width: 1024px) 100vw, 1024px\" \/><\/figure>\n<\/div>\n\n\n\n<div class=\"wp-block-column is-layout-flow wp-block-column-is-layout-flow\" style=\"flex-basis:50%\">\n<p> <\/p>\n\n\n\n<h2 class=\"wp-block-heading\">Papel Lustre<\/h2>\n\n\n\n<p>Ideal para manualidades, proyectos escolares y decoraciones creativas, este papel ligero y brillante a\u00f1ade un acabado elegante y profesional a tus creaciones.<\/p>\n\n\n\n<div class=\"wp-block-buttons is-layout-flex wp-block-buttons-is-layout-flex\">\n<div class=\"wp-block-button is-style-secondary\"><a class=\"wp-block-button__link wp-element-button\" href=\"https:\/\/bretton.com.gt\/index.php\/lustre\/\">Ver Productos<\/a><\/div>\n<\/div>\n<\/div>\n<\/div>\n\n\n\n<div class=\"wp-block-columns is-layout-flex wp-container-core-columns-layout-7 wp-block-columns-is-layout-flex\">\n<div class=\"wp-block-column is-layout-flow wp-block-column-is-layout-flow\" style=\"flex-basis:50%\">\n<figure class=\"wp-block-image size-large\"><img loading=\"lazy\" decoding=\"async\" width=\"1024\" height=\"683\" src=\"https:\/\/bretton.com.gt\/wp-content\/uploads\/2024\/07\/FIGURAS-2-1024x683.png\" alt=\"\" class=\"wp-image-1968\" style=\"aspect-ratio:4\/3;object-fit:cover\" srcset=\"https:\/\/bretton.com.gt\/wp-content\/uploads\/2024\/07\/FIGURAS-2-1024x683.png 1024w, https:\/\/bretton.com.gt\/wp-content\/uploads\/2024\/07\/FIGURAS-2-600x400.png 600w, https:\/\/bretton.com.gt\/wp-content\/uploads\/2024\/07\/FIGURAS-2-300x200.png 300w, https:\/\/bretton.com.gt\/wp-content\/uploads\/2024\/07\/FIGURAS-2-768x512.png 768w, https:\/\/bretton.com.gt\/wp-content\/uploads\/2024\/07\/FIGURAS-2-1536x1024.png 1536w, https:\/\/bretton.com.gt\/wp-content\/uploads\/2024\/07\/FIGURAS-2-2048x1365.png 2048w, https:\/\/bretton.com.gt\/wp-content\/uploads\/2024\/07\/FIGURAS-2-930x620.png 930w\" sizes=\"(max-width: 1024px) 100vw, 1024px\" \/><\/figure>\n<\/div>\n\n\n\n<div class=\"wp-block-column is-vertically-aligned-center is-layout-flow wp-block-column-is-layout-flow\" style=\"flex-basis:50%\">\n<h2 class=\"wp-block-heading\"> Figura Geom\u00e9tricas<\/h2>\n\n\n\n<p>Ideal para estudiantes, educadores y entusiastas del dise\u00f1o, este plano detalla formas como c\u00edrculos, cuadrados, tri\u00e1ngulos y m\u00e1s, ofreciendo medidas exactas y \u00e1ngulos precisos para facilitar la creaci\u00f3n y comprensi\u00f3n de estructuras geom\u00e9tricas.<\/p>\n\n\n\n<div class=\"wp-block-buttons is-layout-flex wp-block-buttons-is-layout-flex\">\n<div class=\"wp-block-button is-style-secondary\"><a class=\"wp-block-button__link wp-element-button\" href=\"https:\/\/bretton.com.gt\/index.php\/product\/block-figura-geometricas\/\">Ver Productos<\/a><\/div>\n<\/div>\n<\/div>\n<\/div>\n\n\n\n<div style=\"height:80px\" aria-hidden=\"true\" class=\"wp-block-spacer\"><\/div>\n","protected":false},"excerpt":{"rendered":"<p>Blocks Varios Colecci\u00f3n de hojas de cartulina en varios colores y tama\u00f1os, ideales para proyectos art\u00edsticos, escolares y manualidades. Listas para inspirar tu creatividad con su calidad y versatilidad. Cartulinas Papeles de colores perfectos para proyectos escolares, manualidades y arte. Disponibles en diversos colores y tama\u00f1os para adaptarse a todas tus necesidades creativas. Papel Celof\u00e1n [&hellip;]<\/p>\n","protected":false},"author":1,"featured_media":0,"parent":0,"menu_order":0,"comment_status":"closed","ping_status":"closed","template":"","meta":{"_themeisle_gutenberg_block_has_review":false,"_ti_tpc_template_sync":false,"_ti_tpc_template_id":"","footnotes":""},"blocksy_meta":[],"jetpack_sharing_enabled":true,"_links":{"self":[{"href":"https:\/\/bretton.com.gt\/index.php\/wp-json\/wp\/v2\/pages\/1055"}],"collection":[{"href":"https:\/\/bretton.com.gt\/index.php\/wp-json\/wp\/v2\/pages"}],"about":[{"href":"https:\/\/bretton.com.gt\/index.php\/wp-json\/wp\/v2\/types\/page"}],"author":[{"embeddable":true,"href":"https:\/\/bretton.com.gt\/index.php\/wp-json\/wp\/v2\/users\/1"}],"replies":[{"embeddable":true,"href":"https:\/\/bretton.com.gt\/index.php\/wp-json\/wp\/v2\/comments?post=1055"}],"version-history":[{"count":17,"href":"https:\/\/bretton.com.gt\/index.php\/wp-json\/wp\/v2\/pages\/1055\/revisions"}],"predecessor-version":[{"id":7938,"href":"https:\/\/bretton.com.gt\/index.php\/wp-json\/wp\/v2\/pages\/1055\/revisions\/7938"}],"wp:attachment":[{"href":"https:\/\/bretton.com.gt\/index.php\/wp-json\/wp\/v2\/media?parent=1055"}],"curies":[{"name":"wp","href":"https:\/\/api.w.org\/{rel}","templated":true}]}}